{"id":447,"date":"2018-02-26T15:02:03","date_gmt":"2018-02-26T14:02:03","guid":{"rendered":"https:\/\/citykamp.com\/campingparis\/de\/accueil\/"},"modified":"2026-04-20T16:09:17","modified_gmt":"2026-04-20T14:09:17","slug":"accueil","status":"publish","type":"page","link":"https:\/\/www.campingparis.fr\/de\/","title":{"rendered":"Home"},"content":{"rendered":"<div class=\"wpb-content-wrapper\"><p>[vc_row css=&#8220;.vc_custom_1775826411335{background-color: #E84E1B33 !important;}&#8220;][vc_column]<div class=\"wrappedcontent\">[vc_empty_space height=&#8220;15px&#8220;][vc_column_text css=&#8220;&#8220;]<\/p>\n<p style=\"text-align: center;\"><span style=\"font-size: 18pt; color: #e84e1b;\"><strong>CAMPING CARD GRATIS<\/strong><\/span><\/p>\n<p style=\"text-align: center;\"><strong>Im April ist die Camping Card (Wert: 19 \u20ac) gratis!<br \/>\n<\/strong>Unvergessliche Erinnerungen mit der Familie, zu zweit, mit Freunden schaffen\u2026<br \/>\nG\u00fcltig auf allen Campingpl\u00e4tzen unserer Netzwerke: Huttopia, CityKamp, OnlyCamp.<\/p>\n<p style=\"text-align: center;\"><span style=\"text-decoration: underline; font-size: 14pt;\"><strong><a style=\"text-decoration: underline;\" href=\"https:\/\/www.citykamp.com\/de\/camping-card\/\">Entdecken Sie das Angebot<\/a><\/strong><\/span><\/p>\n<p>[\/vc_column_text]<\/div>[\/vc_column][\/vc_row][vc_row][vc_column]<div class=\"wrappedcontent\">[vc_column_text]<\/p>\n<h3><span style=\"color: #e84e1b;\">Im Herzen der romantischsten Stadt der Welt, am Seine-Ufer<\/span><\/h3>\n<p><i class=\"fa fa-clock-o\" style=\"font-size: 24px;\"><\/i>\u00a0\u00a0<span style=\"font-size: 14pt;\"><span style=\"color: #e84e1b;\">Ganzj\u00e4hrig ge\u00f6ffnet<\/span><\/span><\/p>\n<p>Dank seiner Lage mitten im 16.Pariser Arrondissement ist der 4 Sterne Campingplatz Camping de Paris der ideale Ausgangspunkt f\u00fcr Ihre Besichtigung von Paris und seinen ber\u00fchmten Sehensw\u00fcrdigkeiten. N\u00fctzen Sie den Shuttle-Service der Campinganlage, der Sie in nur wenigen Minuten bis zur M\u00e9tro-Station Porte Maillot bringt.<br \/>\nDar\u00fcber hinaus sind Sie auch nur 45 Autominuten vom ber\u00fchmten Vergn\u00fcgungspark Disneyland Paris entfernt, der Sie, Ihre Familie und Ihre Freunden zu einem Ausflug in seine Welt voller Magie einl\u00e4dt!<\/p>\n<h4>Billiger als ein Hotel in Paris, mit dem gleichen Komfort und viel mehr Natur!<\/h4>\n<p>Der Camping de Paris**** hat f\u00fcr Sie das ganze Jahr \u00fcber ge\u00f6ffnet. Seine einzigartige Lage in einem 7 ha gro\u00dfen Naturpark macht ihn zum idealen Ausgangspunkt f\u00fcr die Entdeckung von Paris. Kommen Sie untertags oder abends zur\u00fcck in das gr\u00fcne Paradies der Campinganlage am Ufer der Seine und profitieren Sie von den zahlreichen modernen, hochwertigen Einrichtungen: Ein heller und moderner.<\/p>\n<p>Gemeinschaftsbereich mit einer sch\u00f6nen Terrasse, einem neuen Spielbereich f\u00fcr Kinder und vollkommen renovierten Sanit\u00e4ranlagen. Campen Sie mit Ihrem Zelt, Wohnwagen oder Wohnmobil auf einem der sch\u00f6nen, ebenen Stellpl\u00e4tze oder mieten Sie eine unserer komfortablen, voll ausgestatteten Mietunterk\u00fcnfte. Zigeunerw\u00e4gen oder Cottages&#8230; Sie haben die Wahl![\/vc_column_text][vc_empty_space]<div class=\"text-center btnwrap\"><a class=\"btn btn-huttopia-cta\" href=\"http:\/\/checkout.citykamp.com\/site\/de\/890\" role=\"button\" target=\"\" onclick=\"dataLayer.push({'event':'clickCity', 'clickText':'Aufenthalt buchen'})\">Aufenthalt buchen<\/a><\/div>[vc_empty_space][vc_row_inner gap=&#8220;30&#8243; css=&#8220;.vc_custom_1678873081963{margin-left: -0.5px !important;background-color: rgba(232,78,27,0.2) !important;*background-color: rgb(232,78,27) !important;}&#8220;][vc_column_inner width=&#8220;1\/3&#8243;][vc_single_image image=&#8220;6512&#8243; img_size=&#8220;full&#8220; alignment=&#8220;center&#8220; css=&#8220;&#8220;][\/vc_column_inner][vc_column_inner width=&#8220;2\/3&#8243;][vc_column_text]<\/p>\n<h3><strong><span style=\"color: #e94e1b;\">CAMPING CARD<\/span><\/strong><\/h3>\n<p><span style=\"font-size: 12pt;\">Campen Sie ab <span style=\"color: #e84e1b;\"><strong>15\u20ac<\/strong><\/span>* pro \u00dcbernachtung mit der <span style=\"color: #e94e1b;\"><a style=\"color: #e94e1b;\" href=\"https:\/\/www.citykamp.com\/de\/camping-card\/\"><span style=\"text-decoration: underline;\">Camping Card<\/span><\/a><\/span>\u00a0Huttopia.<\/span><br \/>\n<span style=\"font-size: 12pt;\">Profitieren Sie von reduzierten Preisen und Gratis\u00fcbernachtungen in der Vor- und Nachsaison auf allen <span style=\"text-decoration: underline; color: #e94e1b;\"><a style=\"color: #e94e1b; text-decoration: underline;\" href=\"https:\/\/www.citykamp.com\/de\/reiseziele\/\">CityKamp<\/a><\/span> Campingpl\u00e4tzen, <span style=\"text-decoration: underline; color: #e94e1b;\"><a style=\"color: #e94e1b; text-decoration: underline;\" href=\"https:\/\/www.onlycamp.fr\/en\/\">Onlycamp<\/a><\/span> en <span style=\"text-decoration: underline; color: #e94e1b;\"><a style=\"color: #e94e1b; text-decoration: underline;\" href=\"https:\/\/europe.huttopia.com\/de\/destinations\/campings\/\">Huttopia Campingpl\u00e4tzen<\/a><\/span>.<\/span><\/p>\n<p><em><span style=\"font-size: 10pt;\">*Preis beinhaltet 1 Stellplatz f\u00fcr 2 Personen mit Stromanschluss (+ Haustier gratis)<\/span><\/em>[\/vc_column_text]<div class=\"text-center btnwrap\"><a class=\"btn btn-huttopia-cta\" href=\"https:\/\/www.citykamp.com\/de\/camping-card\/\" role=\"button\" target=\"\" onclick=\"dataLayer.push({'event':'clickCity', 'clickText':'Mehr erfahren'})\">Mehr erfahren<\/a><\/div>[\/vc_column_inner][\/vc_row_inner][vc_empty_space][vc_icon icon_fontawesome=&#8220;fa fa-quote-left&#8220; color=&#8220;custom&#8220; custom_color=&#8220;#e84e1b&#8220;][vc_column_text]<\/p>\n<p style=\"text-align: center;\"><span style=\"font-size: 12pt;\"><em><span style=\"font-size: 16pt;\">Ein Urlaub in Paris mit Stadtbesichtigung und Erholung am Campingplatz!<\/span>\u00a0 \u00a0<\/em><\/span><span style=\"font-size: 10pt;\">\u00a0\u00a0Nathalie B.<\/span>\u00a0\u00a0<span style=\"color: #e84e1b;\">\u2605\u2605\u2605\u2605<\/span><\/p>\n<p style=\"text-align: center;\"><em><span style=\"font-size: 16pt;\">Ein g\u00fcnstiger Urlaub, der mit der Routine bricht und in unmittelbarer N\u00e4he von Paris!<\/span><\/em> <strong><em>\u00a0\u00a0<\/em><\/strong><span style=\"font-size: 10pt;\">Daniel K.\u00a0 \u00a0<span style=\"font-size: 12pt;\"><span style=\"color: #e84e1b;\">\u2605\u2605\u2605\u2605\u2605<\/span><\/span><\/span><\/p>\n<p style=\"text-align: center;\"><em><span style=\"font-size: 16pt;\">Ein angenehmer Campingplatz &#8211; wirklich zu empfehlen! Sch\u00f6ner Urlaub mit der Familie.<\/span>\u00a0<\/em>\u00a0 \u00a0<span style=\"font-size: 10pt;\">Richard M.<\/span>\u00a0 \u00a0<span style=\"color: #e84e1b;\">\u2605\u2605\u2605\u2605\u2605<\/span><\/p>\n<p>[\/vc_column_text][vc_icon icon_fontawesome=&#8220;fa fa-quote-right&#8220; color=&#8220;custom&#8220; align=&#8220;right&#8220; css=&#8220;.vc_custom_1523620993533{margin-bottom: -10px !important;}&#8220; custom_color=&#8220;#e84e1b&#8220;][vc_empty_space height=&#8220;40px&#8220;][vc_empty_space height=&#8220;40px&#8220;][vc_row_inner equal_height=&#8220;yes&#8220; gap=&#8220;15&#8243; css=&#8220;.vc_custom_1537515980629{margin-left: -0.5px !important;}&#8220;][vc_column_inner width=&#8220;1\/3&#8243; css=&#8220;.vc_custom_1526303150323{background-color: #e8e8e8 !important;}&#8220;][vc_icon icon_fontawesome=&#8220;far fa-map&#8220; color=&#8220;custom&#8220; size=&#8220;lg&#8220; align=&#8220;center&#8220; css=&#8220;.vc_custom_1675960187491{margin-bottom: -10px !important;padding-top: 15px !important;}&#8220; custom_color=&#8220;#e84e1b&#8220; link=&#8220;url:https%3A%2F%2Fmedia.huttopia.com%2Fdestinations%2Fparis%2Fplan-camping-citykamp-paris.pdf|target:_blank&#8220;][vc_column_text css=&#8220;.vc_custom_1675960192659{padding-top: 25px !important;padding-right: 15px !important;padding-bottom: 15px !important;padding-left: 15px !important;}&#8220;]<\/p>\n<p style=\"text-align: center;\"><a href=\"https:\/\/media.huttopia.com\/destinations\/paris\/plan-camping-citykamp-paris.pdf\" target=\"_blank\" rel=\"noopener noreferrer\"><strong>Platzplan<\/strong><\/a><\/p>\n<p>[\/vc_column_text][\/vc_column_inner][vc_column_inner width=&#8220;1\/3&#8243; css=&#8220;.vc_custom_1526303156886{background-color: #e8e8e8 !important;}&#8220;][vc_icon icon_fontawesome=&#8220;fa fa-calendar-check-o&#8220; color=&#8220;custom&#8220; size=&#8220;lg&#8220; align=&#8220;center&#8220; css=&#8220;.vc_custom_1526313004752{margin-bottom: -10px !important;padding-top: 15px !important;}&#8220; custom_color=&#8220;#e84e1b&#8220; link=&#8220;url:http%3A%2F%2Fcheckout.citykamp.com%2Fsite%2Fde%2F890||target:%20_blank|&#8220;][vc_column_text css=&#8220;.vc_custom_1526313111182{padding-top: 25px !important;padding-right: 15px !important;padding-bottom: 15px !important;padding-left: 15px !important;}&#8220;]<\/p>\n<p style=\"text-align: center;\"><a href=\"https:\/\/campingparis.fr\/de\/contact\/\" target=\"_blank\" rel=\"noopener noreferrer\"><strong>Kontakt<\/strong><\/a><\/p>\n<p>[\/vc_column_text][\/vc_column_inner][vc_column_inner width=&#8220;1\/3&#8243; css=&#8220;.vc_custom_1526303163974{background-color: #e8e8e8 !important;}&#8220;][vc_icon icon_fontawesome=&#8220;fa fa-map-marker&#8220; color=&#8220;custom&#8220; size=&#8220;lg&#8220; align=&#8220;center&#8220; css=&#8220;.vc_custom_1526311281393{margin-bottom: -10px !important;padding-top: 15px !important;}&#8220; custom_color=&#8220;#e84e1b&#8220; link=&#8220;url:https%3A%2F%2Fgoo.gl%2Fmaps%2Fp33hs3bWVkQ2||target:%20_blank|&#8220;][vc_column_text css=&#8220;.vc_custom_1526313028500{padding-top: 25px !important;padding-right: 15px !important;padding-bottom: 15px !important;padding-left: 15px !important;}&#8220;]<\/p>\n<p style=\"text-align: center;\"><a href=\"https:\/\/goo.gl\/maps\/p33hs3bWVkQ2\" target=\"_blank\" rel=\"noopener noreferrer\"><strong>Reiseroute<\/strong><\/a><\/p>\n<p>[\/vc_column_text][\/vc_column_inner][\/vc_row_inner]<\/div>[\/vc_column][\/vc_row][vc_row][vc_column]<div class=\"wrappedcontent\">[vc_column_text css=&#8220;&#8220;]<\/p>\n<h4>Anfahrt:<\/h4>\n<p><strong>Mit \u00f6ffentlichen Verkehrsmitteln:<\/strong> M\u00e9tro 1 bis Haltestelle Porte Maillot, Ausgang Nr. 3 \u2013 Boulevard Andr\u00e9 Maurois. Nehmen Sie beim M\u00e9troausgang den Bus Nr. 244, steigen Sie bei der Haltestelle Moulins Camping aus oder nutzen Sie den Camping-Shuttle, zug\u00e4nglich mit einem Ticket, das direkt an der Rezeption erh\u00e4ltlich ist.<br \/>\nBitte beachten: Tiere sind im Shuttlebus des Campingplatzes nicht erlaubt.<\/p>\n<p><strong>Mit dem Auto:<\/strong><br \/>\nVon Paris kommend: P\u00e9riph\u00e9rique (Au\u00dfenringautobahn) Ausfahrt Porte Maillot \/ Bois de Boulogne.<br \/>\nDepuis l\u2019autoroute A13 : sortie \u201cBois de Boulogne\u201d<\/p>\n<p><strong>Mit dem Zug:<\/strong><br \/>\nTGV-Bahnhof: Bahnhof Gare de Lyon\/Montparnasse (12 km)<\/p>\n<p><strong>Mit dem Flugzeug:<\/strong><br \/>\nFlughafen: Paris-Charles de Gaulle (32 km), Orly (23 km)[\/vc_column_text][vc_empty_space height=&#8220;40px&#8220;][vc_row_inner equal_height=&#8220;yes&#8220; content_placement=&#8220;middle&#8220; gap=&#8220;10&#8243; css=&#8220;.vc_custom_1641397168449{margin-left: -0.5px !important;}&#8220;][vc_column_inner width=&#8220;1\/6&#8243;][vc_single_image image=&#8220;5506&#8243; img_size=&#8220;120&#215;120&#8243; alignment=&#8220;center&#8220;][\/vc_column_inner][vc_column_inner width=&#8220;5\/6&#8243;][vc_column_text css=&#8220;.vc_custom_1702976899171{padding-top: 30px !important;padding-right: 30px !important;padding-bottom: 30px !important;padding-left: 30px !important;}&#8220;]<strong>Der Camping de Paris ist nach ISO 14001 zertifiziert<br \/>\n<\/strong><\/p>\n<p>Nach ISO 14001 zertifiziert zu sein bedeutet, nachweisen zu k\u00f6nnen, dass man einen Verbesserungsprozess f\u00fcr die Reduzierung der Umweltauswirkungen seines Unternehmens in Bezug auf Abfall, L\u00e4rm, Treibhausgase, Energie, Untergrund usw. eingerichtet hat.[\/vc_column_text][\/vc_column_inner][\/vc_row_inner]<\/div>[\/vc_column][\/vc_row][vc_row css=&#8220;.vc_custom_1519896690874{background-color: #e84e1b !important;}&#8220;][vc_column]<div class=\"wrappedcontent\">[vc_row_inner css=&#8220;.vc_custom_1521457093701{margin-bottom: -30px !important;}&#8220;][vc_column_inner width=&#8220;1\/4&#8243;][vc_column_text]<\/p>\n<p style=\"text-align: center;\"><span style=\"font-size: 10pt; color: #ffffff;\">4 Sterne<\/span><\/p>\n<p>[\/vc_column_text][vc_icon icon_fontawesome=&#8220;fa fa-star&#8220; color=&#8220;white&#8220; size=&#8220;xs&#8220; align=&#8220;center&#8220; css=&#8220;.vc_custom_1521457135387{margin-bottom: -10px !important;}&#8220;][\/vc_column_inner][vc_column_inner width=&#8220;1\/4&#8243;][vc_column_text]<\/p>\n<p style=\"text-align: center;\"><span style=\"font-size: 10pt; color: #ffffff;\">Gesamtfl\u00e4che: 7 ha<\/span><\/p>\n<p>[\/vc_column_text][vc_icon type=&#8220;typicons&#8220; icon_typicons=&#8220;typcn typcn-leaf&#8220; color=&#8220;white&#8220; size=&#8220;xs&#8220; align=&#8220;center&#8220; css=&#8220;.vc_custom_1521457129328{margin-bottom: -10px !important;}&#8220;][\/vc_column_inner][vc_column_inner width=&#8220;1\/4&#8243;][vc_column_text]<\/p>\n<p style=\"text-align: center;\"><span style=\"font-size: 10pt; color: #ffffff;\">410 Stellpl\u00e4tze<\/span><\/p>\n<p>[\/vc_column_text][vc_icon type=&#8220;material&#8220; icon_material=&#8220;vc-material vc-material-home&#8220; color=&#8220;white&#8220; size=&#8220;xs&#8220; align=&#8220;center&#8220; css=&#8220;.vc_custom_1521457124463{margin-bottom: -10px !important;}&#8220;][\/vc_column_inner][vc_column_inner width=&#8220;1\/4&#8243;][vc_column_text]<\/p>\n<p style=\"text-align: center;\"><span style=\"font-size: 10pt; color: #ffffff;\">Barrierefreier Campingplatz<\/span><\/p>\n<p>[\/vc_column_text][vc_icon icon_fontawesome=&#8220;fa fa-wheelchair&#8220; color=&#8220;white&#8220; size=&#8220;xs&#8220; align=&#8220;center&#8220; css=&#8220;.vc_custom_1521457119240{margin-bottom: -10px !important;}&#8220;][\/vc_column_inner][\/vc_row_inner]<\/div>[\/vc_column][\/vc_row][vc_row][vc_column][vc_column_text]<iframe loading=\"lazy\" style=\"width: 100%; height: 70vh; position: relative; border: 0;\" src=\"https:\/\/campmap.com\/frpris\/\" width=\"100%\" height=\"70vh\" allowfullscreen=\"allowfullscreen\"> <\/iframe>[\/vc_column_text][\/vc_column][\/vc_row][vc_row css=&#8220;.vc_custom_1519836482709{background-color: #b5b5b5 !important;}&#8220;][vc_column]<div class=\"wrappedcontent\">[vc_row_inner css=&#8220;.vc_custom_1521457103936{margin-top: -30px !important;margin-bottom: -30px !important;}&#8220;][vc_column_inner width=&#8220;1\/6&#8243;][vc_icon type=&#8220;material&#8220; icon_material=&#8220;vc-material vc-material-local_parking&#8220; color=&#8220;white&#8220; align=&#8220;center&#8220; css=&#8220;.vc_custom_1519836648097{margin-top: -10px !important;margin-bottom: -10px !important;}&#8220;][vc_column_text]<\/p>\n<p style=\"text-align: center;\"><span style=\"color: #ffffff;\">Gratisparkplatz<\/span><\/p>\n<p>[\/vc_column_text][\/vc_column_inner][vc_column_inner width=&#8220;1\/6&#8243;][vc_icon type=&#8220;typicons&#8220; icon_typicons=&#8220;typcn typcn-wi-fi&#8220; color=&#8220;white&#8220; align=&#8220;center&#8220; css=&#8220;.vc_custom_1519836730741{margin-top: -10px !important;margin-bottom: -10px !important;}&#8220;][vc_column_text]<\/p>\n<p style=\"text-align: center;\"><span style=\"color: #ffffff;\">Gratis WLAN<\/span><\/p>\n<p>[\/vc_column_text][\/vc_column_inner][vc_column_inner width=&#8220;1\/6&#8243;][vc_icon type=&#8220;entypo&#8220; icon_entypo=&#8220;entypo-icon entypo-icon-back-in-time&#8220; color=&#8220;white&#8220; align=&#8220;center&#8220; css=&#8220;.vc_custom_1519836740925{margin-top: -10px !important;margin-bottom: -10px !important;}&#8220;][vc_column_text]<\/p>\n<p style=\"text-align: center;\"><span style=\"color: #ffffff;\">Check-in 7 Tage die Woche ge\u00f6ffnet<\/span><\/p>\n<p>[\/vc_column_text][\/vc_column_inner][vc_column_inner width=&#8220;1\/6&#8243;][vc_icon icon_fontawesome=&#8220;fa fa-globe&#8220; color=&#8220;white&#8220; align=&#8220;center&#8220; css=&#8220;.vc_custom_1519836770993{margin-top: -10px !important;margin-bottom: -10px !important;}&#8220;][vc_column_text]<\/p>\n<p style=\"text-align: center;\"><span style=\"color: #ffffff;\">Mehrsprachig<\/span><\/p>\n<p>[\/vc_column_text][\/vc_column_inner][vc_column_inner width=&#8220;1\/6&#8243;][vc_icon icon_fontawesome=&#8220;fa fa-bed&#8220; color=&#8220;white&#8220; align=&#8220;center&#8220; css=&#8220;.vc_custom_1519836792576{margin-top: -10px !important;margin-bottom: -10px !important;}&#8220;][vc_column_text]<\/p>\n<p style=\"text-align: center;\"><span style=\"color: #ffffff;\">Hotel-Paket<\/span><\/p>\n<p>[\/vc_column_text][\/vc_column_inner][vc_column_inner width=&#8220;1\/6&#8243;][vc_icon icon_fontawesome=&#8220;fa fa-lock&#8220; color=&#8220;white&#8220; align=&#8220;center&#8220; css=&#8220;.vc_custom_1519836804964{margin-top: -10px !important;margin-bottom: -10px !important;}&#8220;][vc_column_text]<\/p>\n<p style=\"text-align: center;\"><span style=\"color: #ffffff;\">Sichere Zahlung<\/span><\/p>\n<p>[\/vc_column_text][\/vc_column_inner][\/vc_row_inner]<\/div>[\/vc_column][\/vc_row]<\/p>\n<\/div>","protected":false},"excerpt":{"rendered":"<p>[vc_row css=&#8220;.vc_custom_1775826411335{background-color: #E84E1B33 !important;}&#8220;][vc_column][\/vc_column][\/vc_row][vc_row][vc_column][\/vc_column][\/vc_row][vc_row][vc_column][\/vc_column][\/vc_row][vc_row css=&#8220;.vc_custom_1519896690874{background-color: #e84e1b !important;}&#8220;][vc_column][\/vc_column][\/vc_row][vc_row][vc_column][vc_column_text] [\/vc_column_text][\/vc_column][\/vc_row][vc_row css=&#8220;.vc_custom_1519836482709{background-color: #b5b5b5 !important;}&#8220;][vc_column][\/vc_column][\/vc_row]<\/p>\n","protected":false},"author":1,"featured_media":7272,"parent":0,"menu_order":0,"comment_status":"closed","ping_status":"closed","template":"templates\/page-home.php","meta":{"footnotes":""},"class_list":["post-447","page","type-page","status-publish","has-post-thumbnail","hentry"],"yoast_head":"<!-- This site is optimized with the Yoast SEO plugin v25.6 - https:\/\/yoast.com\/wordpress\/plugins\/seo\/ -->\n<title>Camping de Paris \u2013 \u00dcbernachten mitten im Bois de Boulogne<\/title>\n<meta name=\"description\" content=\"Ganzj\u00e4hrig ge\u00f6ffnet! Direkt an der Seine und mitten in der Natur wohnen Sie im Herzen des 16. Arrondissements. Entdecken Sie die Hauptstadt bequem vom Campingplatz aus \u2013 mit dem Fahrrad oder den \u00f6ffentlichen Verkehrsmitteln \u2013 und genie\u00dfen Sie entspannte N\u00e4chte auf dem Camping de Paris.\" \/>\n<meta name=\"robots\" content=\"index, follow, max-snippet:-1, max-image-preview:large, max-video-preview:-1\" \/>\n<link rel=\"canonical\" href=\"https:\/\/www.campingparis.fr\/de\/\" \/>\n<meta property=\"og:locale\" content=\"de_DE\" \/>\n<meta property=\"og:type\" content=\"article\" \/>\n<meta property=\"og:title\" content=\"Camping de Paris \u2013 \u00dcbernachten mitten im Bois de Boulogne\" \/>\n<meta property=\"og:description\" content=\"Ganzj\u00e4hrig ge\u00f6ffnet! Direkt an der Seine und mitten in der Natur wohnen Sie im Herzen des 16. Arrondissements. Entdecken Sie die Hauptstadt bequem vom Campingplatz aus \u2013 mit dem Fahrrad oder den \u00f6ffentlichen Verkehrsmitteln \u2013 und genie\u00dfen Sie entspannte N\u00e4chte auf dem Camping de Paris.\" \/>\n<meta property=\"og:url\" content=\"https:\/\/www.campingparis.fr\/de\/\" \/>\n<meta property=\"og:site_name\" content=\"Camping de Paris\" \/>\n<meta property=\"article:modified_time\" content=\"2026-04-20T14:09:17+00:00\" \/>\n<meta property=\"og:image\" content=\"https:\/\/www.campingparis.fr\/uploads\/sites\/11\/2023\/10\/citykamp-paris-header-1.jpeg\" \/>\n\t<meta property=\"og:image:width\" content=\"1440\" \/>\n\t<meta property=\"og:image:height\" content=\"718\" \/>\n\t<meta property=\"og:image:type\" content=\"image\/jpeg\" \/>\n<meta name=\"twitter:card\" content=\"summary_large_image\" \/>\n<meta name=\"twitter:label1\" content=\"Est. reading time\" \/>\n\t<meta name=\"twitter:data1\" content=\"6 Minuten\" \/>\n<script type=\"application\/ld+json\" class=\"yoast-schema-graph\">{\"@context\":\"https:\/\/schema.org\",\"@graph\":[{\"@type\":\"WebPage\",\"@id\":\"https:\/\/www.campingparis.fr\/de\/\",\"url\":\"https:\/\/www.campingparis.fr\/de\/\",\"name\":\"Camping de Paris \u2013 \u00dcbernachten mitten im Bois de Boulogne\",\"isPartOf\":{\"@id\":\"https:\/\/www.campingparis.fr\/de\/#website\"},\"primaryImageOfPage\":{\"@id\":\"https:\/\/www.campingparis.fr\/de\/#primaryimage\"},\"image\":{\"@id\":\"https:\/\/www.campingparis.fr\/de\/#primaryimage\"},\"thumbnailUrl\":\"https:\/\/www.campingparis.fr\/uploads\/sites\/11\/2023\/10\/citykamp-paris-header-mobile-600x800-1.jpg\",\"datePublished\":\"2018-02-26T14:02:03+00:00\",\"dateModified\":\"2026-04-20T14:09:17+00:00\",\"description\":\"Ganzj\u00e4hrig ge\u00f6ffnet! Direkt an der Seine und mitten in der Natur wohnen Sie im Herzen des 16. Arrondissements. Entdecken Sie die Hauptstadt bequem vom Campingplatz aus \u2013 mit dem Fahrrad oder den \u00f6ffentlichen Verkehrsmitteln \u2013 und genie\u00dfen Sie entspannte N\u00e4chte auf dem Camping de Paris.\",\"breadcrumb\":{\"@id\":\"https:\/\/www.campingparis.fr\/de\/#breadcrumb\"},\"inLanguage\":\"de-DE\",\"potentialAction\":[{\"@type\":\"ReadAction\",\"target\":[\"https:\/\/www.campingparis.fr\/de\/\"]}]},{\"@type\":\"ImageObject\",\"inLanguage\":\"de-DE\",\"@id\":\"https:\/\/www.campingparis.fr\/de\/#primaryimage\",\"url\":\"https:\/\/www.campingparis.fr\/uploads\/sites\/11\/2023\/10\/citykamp-paris-header-mobile-600x800-1.jpg\",\"contentUrl\":\"https:\/\/www.campingparis.fr\/uploads\/sites\/11\/2023\/10\/citykamp-paris-header-mobile-600x800-1.jpg\",\"width\":600,\"height\":800},{\"@type\":\"BreadcrumbList\",\"@id\":\"https:\/\/www.campingparis.fr\/de\/#breadcrumb\",\"itemListElement\":[{\"@type\":\"ListItem\",\"position\":1,\"name\":\"Accueil\",\"item\":\"https:\/\/www.campingparis.fr\/de\/\"},{\"@type\":\"ListItem\",\"position\":2,\"name\":\"Home\"}]},{\"@type\":\"WebSite\",\"@id\":\"https:\/\/www.campingparis.fr\/de\/#website\",\"url\":\"https:\/\/www.campingparis.fr\/de\/\",\"name\":\"Camping de Paris\",\"description\":\"Un site utilisant Citykamp\",\"potentialAction\":[{\"@type\":\"SearchAction\",\"target\":{\"@type\":\"EntryPoint\",\"urlTemplate\":\"https:\/\/www.campingparis.fr\/de\/?s={search_term_string}\"},\"query-input\":{\"@type\":\"PropertyValueSpecification\",\"valueRequired\":true,\"valueName\":\"search_term_string\"}}],\"inLanguage\":\"de-DE\"}]}<\/script>\n<!-- \/ Yoast SEO plugin. -->","yoast_head_json":{"title":"Camping de Paris \u2013 \u00dcbernachten mitten im Bois de Boulogne","description":"Ganzj\u00e4hrig ge\u00f6ffnet! Direkt an der Seine und mitten in der Natur wohnen Sie im Herzen des 16. Arrondissements. Entdecken Sie die Hauptstadt bequem vom Campingplatz aus \u2013 mit dem Fahrrad oder den \u00f6ffentlichen Verkehrsmitteln \u2013 und genie\u00dfen Sie entspannte N\u00e4chte auf dem Camping de Paris.","robots":{"index":"index","follow":"follow","max-snippet":"max-snippet:-1","max-image-preview":"max-image-preview:large","max-video-preview":"max-video-preview:-1"},"canonical":"https:\/\/www.campingparis.fr\/de\/","og_locale":"de_DE","og_type":"article","og_title":"Camping de Paris \u2013 \u00dcbernachten mitten im Bois de Boulogne","og_description":"Ganzj\u00e4hrig ge\u00f6ffnet! Direkt an der Seine und mitten in der Natur wohnen Sie im Herzen des 16. Arrondissements. Entdecken Sie die Hauptstadt bequem vom Campingplatz aus \u2013 mit dem Fahrrad oder den \u00f6ffentlichen Verkehrsmitteln \u2013 und genie\u00dfen Sie entspannte N\u00e4chte auf dem Camping de Paris.","og_url":"https:\/\/www.campingparis.fr\/de\/","og_site_name":"Camping de Paris","article_modified_time":"2026-04-20T14:09:17+00:00","og_image":[{"width":1440,"height":718,"url":"https:\/\/www.campingparis.fr\/uploads\/sites\/11\/2023\/10\/citykamp-paris-header-1.jpeg","type":"image\/jpeg"}],"twitter_card":"summary_large_image","twitter_misc":{"Est. reading time":"6 Minuten"},"schema":{"@context":"https:\/\/schema.org","@graph":[{"@type":"WebPage","@id":"https:\/\/www.campingparis.fr\/de\/","url":"https:\/\/www.campingparis.fr\/de\/","name":"Camping de Paris \u2013 \u00dcbernachten mitten im Bois de Boulogne","isPartOf":{"@id":"https:\/\/www.campingparis.fr\/de\/#website"},"primaryImageOfPage":{"@id":"https:\/\/www.campingparis.fr\/de\/#primaryimage"},"image":{"@id":"https:\/\/www.campingparis.fr\/de\/#primaryimage"},"thumbnailUrl":"https:\/\/www.campingparis.fr\/uploads\/sites\/11\/2023\/10\/citykamp-paris-header-mobile-600x800-1.jpg","datePublished":"2018-02-26T14:02:03+00:00","dateModified":"2026-04-20T14:09:17+00:00","description":"Ganzj\u00e4hrig ge\u00f6ffnet! Direkt an der Seine und mitten in der Natur wohnen Sie im Herzen des 16. Arrondissements. Entdecken Sie die Hauptstadt bequem vom Campingplatz aus \u2013 mit dem Fahrrad oder den \u00f6ffentlichen Verkehrsmitteln \u2013 und genie\u00dfen Sie entspannte N\u00e4chte auf dem Camping de Paris.","breadcrumb":{"@id":"https:\/\/www.campingparis.fr\/de\/#breadcrumb"},"inLanguage":"de-DE","potentialAction":[{"@type":"ReadAction","target":["https:\/\/www.campingparis.fr\/de\/"]}]},{"@type":"ImageObject","inLanguage":"de-DE","@id":"https:\/\/www.campingparis.fr\/de\/#primaryimage","url":"https:\/\/www.campingparis.fr\/uploads\/sites\/11\/2023\/10\/citykamp-paris-header-mobile-600x800-1.jpg","contentUrl":"https:\/\/www.campingparis.fr\/uploads\/sites\/11\/2023\/10\/citykamp-paris-header-mobile-600x800-1.jpg","width":600,"height":800},{"@type":"BreadcrumbList","@id":"https:\/\/www.campingparis.fr\/de\/#breadcrumb","itemListElement":[{"@type":"ListItem","position":1,"name":"Accueil","item":"https:\/\/www.campingparis.fr\/de\/"},{"@type":"ListItem","position":2,"name":"Home"}]},{"@type":"WebSite","@id":"https:\/\/www.campingparis.fr\/de\/#website","url":"https:\/\/www.campingparis.fr\/de\/","name":"Camping de Paris","description":"Un site utilisant Citykamp","potentialAction":[{"@type":"SearchAction","target":{"@type":"EntryPoint","urlTemplate":"https:\/\/www.campingparis.fr\/de\/?s={search_term_string}"},"query-input":{"@type":"PropertyValueSpecification","valueRequired":true,"valueName":"search_term_string"}}],"inLanguage":"de-DE"}]}},"_links":{"self":[{"href":"https:\/\/www.campingparis.fr\/de\/wp-json\/wp\/v2\/pages\/447","targetHints":{"allow":["GET"]}}],"collection":[{"href":"https:\/\/www.campingparis.fr\/de\/wp-json\/wp\/v2\/pages"}],"about":[{"href":"https:\/\/www.campingparis.fr\/de\/wp-json\/wp\/v2\/types\/page"}],"author":[{"embeddable":true,"href":"https:\/\/www.campingparis.fr\/de\/wp-json\/wp\/v2\/users\/1"}],"replies":[{"embeddable":true,"href":"https:\/\/www.campingparis.fr\/de\/wp-json\/wp\/v2\/comments?post=447"}],"version-history":[{"count":9,"href":"https:\/\/www.campingparis.fr\/de\/wp-json\/wp\/v2\/pages\/447\/revisions"}],"predecessor-version":[{"id":8549,"href":"https:\/\/www.campingparis.fr\/de\/wp-json\/wp\/v2\/pages\/447\/revisions\/8549"}],"wp:featuredmedia":[{"embeddable":true,"href":"https:\/\/www.campingparis.fr\/de\/wp-json\/wp\/v2\/media\/7272"}],"wp:attachment":[{"href":"https:\/\/www.campingparis.fr\/de\/wp-json\/wp\/v2\/media?parent=447"}],"curies":[{"name":"wp","href":"https:\/\/api.w.org\/{rel}","templated":true}]}}