{"id":450,"date":"2018-02-26T15:02:29","date_gmt":"2018-02-26T14:02:29","guid":{"rendered":"https:\/\/citykamp.com\/campingparis\/de\/emplacements\/"},"modified":"2026-04-22T11:25:53","modified_gmt":"2026-04-22T09:25:53","slug":"stellplatze","status":"publish","type":"page","link":"https:\/\/www.campingparis.fr\/de\/stellplatze\/","title":{"rendered":"Stellpl\u00e4tze"},"content":{"rendered":"<div class=\"wpb-content-wrapper\"><p>[vc_row][vc_column][vc_single_image image=&#8220;7347&#8243; img_size=&#8220;1900&#215;500&#8243; alignment=&#8220;center&#8220;][\/vc_column][\/vc_row][vc_row][vc_column]<div class=\"wrappedcontent\">[vc_column_text]<\/p>\n<h2 style=\"text-align: center;\">CAMPINGPL\u00c4TZE IN PARIS<\/h2>\n<p style=\"text-align: center;\">Sie m\u00f6chten die franz\u00f6sische Hauptstadt besuchen und auf einem Campingplatz \u00fcbernachten? Der Camping de Paris verf\u00fcgt \u00fcber zahlreiche Stellpl\u00e4tze.<\/p>\n<p style=\"text-align: center;\">Ob Sie mit Ihrem Zelt unterwegs sind, in Ihrem Wohnmobil oder mit Wohnwagen, dieser CityKamp bietet Ihnen das ganze Jahr \u00fcber schattige, ebene und grasbewachsene Stellpl\u00e4tze mit B\u00e4umen, die einfach zu erreichen sind f\u00fcr einen Aufenthalt im Gr\u00fcnen.<\/p>\n<p>[\/vc_column_text][vc_empty_space][vc_row_inner gap=&#8220;30&#8243; css=&#8220;.vc_custom_1695982723442{margin-left: -0.5px !important;}&#8220;][vc_column_inner width=&#8220;1\/3&#8243;][vc_single_image image=&#8220;7079&#8243; img_size=&#8220;600*500&#8243; alignment=&#8220;center&#8220;][\/vc_column_inner][vc_column_inner width=&#8220;1\/3&#8243;][vc_single_image image=&#8220;7085&#8243; img_size=&#8220;600*500&#8243; alignment=&#8220;center&#8220;][\/vc_column_inner][vc_column_inner width=&#8220;1\/3&#8243;][vc_single_image image=&#8220;7091&#8243; img_size=&#8220;600*500&#8243; alignment=&#8220;center&#8220;][\/vc_column_inner][\/vc_row_inner][vc_empty_space][vc_row_inner gap=&#8220;30&#8243; css=&#8220;.vc_custom_1695982731280{margin-left: -0.5px !important;}&#8220;][vc_column_inner width=&#8220;1\/6&#8243;][\/vc_column_inner][vc_column_inner width=&#8220;2\/6&#8243;][vc_single_image image=&#8220;7097&#8243; img_size=&#8220;600*500&#8243; alignment=&#8220;center&#8220;][\/vc_column_inner][vc_column_inner width=&#8220;2\/6&#8243;][vc_single_image image=&#8220;7103&#8243; img_size=&#8220;600*500&#8243; alignment=&#8220;center&#8220;][\/vc_column_inner][vc_column_inner width=&#8220;1\/6&#8243;][\/vc_column_inner][\/vc_row_inner][vc_empty_space][vc_column_text css=&#8220;&#8220;]<\/p>\n<p style=\"text-align: center;\">Rund drei\u00dfig \u201eFu\u00dfg\u00e4nger\u201c-Stellpl\u00e4tze sind f\u00fcr Camper ohne Fahrzeug vorgesehen. Autos sind weder auf dem Campingplatz noch auf dem Parkplatz davor erlaubt \u2013 auch nicht zum Ausladen.<br \/>\nAuch haben wir <strong>Service-Stationen<\/strong> f\u00fcr Wohnmobile.<br \/>\nStellpl\u00e4tze mit Stromanschluss erfordern einen <strong>CEE-Adapter (blauer Stecker).\u00a0Die Stromoption ist gegen Aufpreis verf\u00fcgbar.<\/strong><\/p>\n<p>[\/vc_column_text][vc_empty_space][vc_column_text]<\/p>\n<p style=\"text-align: center;\"><i class=\"fa fa-wheelchair\"><\/i><em><span style=\"font-size: 10pt;\">Der Campingplatz hat alle notwendigen Einrichtungen, um Menschen, die k\u00f6rperlich beeintr\u00e4chtigt sind, zu empfangen.<\/span><\/em><\/p>\n<p>[\/vc_column_text]<div class=\"text-center btnwrap\"><a class=\"btn btn-huttopia-cta\" href=\"http:\/\/checkout.citykamp.com\/site\/de\/890\" role=\"button\" target=\"\" onclick=\"dataLayer.push({'event':'clickCity', 'clickText':'AUFENTHALT BUCHEN'})\">AUFENTHALT BUCHEN<\/a><\/div>[vc_empty_space][vc_row_inner gap=&#8220;30&#8243; css=&#8220;.vc_custom_1695982830135{margin-left: -0.5px !important;background-color: rgba(232,78,27,0.2) !important;*background-color: rgb(232,78,27) !important;}&#8220;][vc_column_inner width=&#8220;1\/3&#8243;][vc_single_image image=&#8220;6132&#8243; img_size=&#8220;600*400&#8243; css=&#8220;.vc_custom_1666858428526{padding-top: 10px !important;padding-right: 10px !important;padding-bottom: 10px !important;padding-left: 10px !important;}&#8220;][\/vc_column_inner][vc_column_inner width=&#8220;2\/3&#8243;][vc_column_text css=&#8220;.vc_custom_1696259041463{padding-top: 10px !important;padding-right: 10px !important;padding-bottom: 10px !important;padding-left: 10px !important;}&#8220;]Sie haben Lust, die <strong>V\u00e9losc\u00e9nie<\/strong> abzufahren?<br \/>\nDieser ber\u00fchmte Fernradweg verbindet Paris mit dem Mont Saint-Michel.<br \/>\nUnsere Stellpl\u00e4tze ohne Stromanschluss ab einer Person eignen sich ideal f\u00fcr einen kurzen Zwischenstopp, egal ob Sie als Wanderer oder Radfahrer unterwegs sind.<\/p>\n<p>Gut zu wissen: Fahrzeuge sind auf diesen Stellpl\u00e4tzen nicht erlaubt.<\/p>\n<p><em>Nur telefonisch buchbar.<\/em>[\/vc_column_text][\/vc_column_inner][\/vc_row_inner][vc_empty_space][vc_row_inner equal_height=&#8220;yes&#8220; gap=&#8220;30&#8243; css=&#8220;.vc_custom_1696238973412{margin-left: -0.5px !important;}&#8220;][vc_column_inner width=&#8220;1\/3&#8243;][vc_single_image image=&#8220;6512&#8243; img_size=&#8220;600*500&#8243; alignment=&#8220;center&#8220;][\/vc_column_inner][vc_column_inner width=&#8220;2\/3&#8243;][vc_column_text]<\/p>\n<h3><strong><span style=\"color: #e94e1b;\">CAMPING CARD<\/span><\/strong><\/h3>\n<p><span style=\"font-size: 12pt;\">Campen Sie ab <span style=\"color: #e84e1b;\"><strong>15\u20ac<\/strong><\/span>* pro \u00dcbernachtung mit der <span style=\"color: #e94e1b;\"><a style=\"color: #e94e1b;\" href=\"https:\/\/www.citykamp.com\/de\/camping-card\/\"><span style=\"text-decoration: underline;\">Camping Card<\/span><\/a><\/span>\u00a0Huttopia.<\/span><br \/>\n<span style=\"font-size: 12pt;\">Profitieren Sie von reduzierten Preisen und Gratis\u00fcbernachtungen in der Vor- und Nachsaison auf allen <span style=\"text-decoration: underline; color: #e94e1b;\"><a style=\"color: #e94e1b; text-decoration: underline;\" href=\"https:\/\/www.citykamp.com\/de\/reiseziele\/\">CityKamp<\/a><\/span> Campingpl\u00e4tzen, <span style=\"text-decoration: underline; color: #e94e1b;\"><a style=\"color: #e94e1b; text-decoration: underline;\" href=\"https:\/\/www.onlycamp.fr\/en\/\">Onlycamp<\/a><\/span> en <span style=\"text-decoration: underline; color: #e94e1b;\"><a style=\"color: #e94e1b; text-decoration: underline;\" href=\"https:\/\/europe.huttopia.com\/de\/destinations\/campings\/\">Huttopia Campingpl\u00e4tzen<\/a><\/span>.<\/span><\/p>\n<p><em><span style=\"font-size: 10pt;\">*Preis beinhaltet 1 Stellplatz f\u00fcr 2 Personen mit Stromanschluss (+ Haustier gratis)<\/span><\/em>[\/vc_column_text]<div class=\" btnwrap\"><a class=\"btn btn-huttopia-cta\" href=\"https:\/\/www.citykamp.com\/de\/camping-card\/\" role=\"button\" target=\"true\" onclick=\"dataLayer.push({'event':'clickCity', 'clickText':'MEHR ERFAHREN'})\">MEHR ERFAHREN<\/a><\/div>[\/vc_column_inner][\/vc_row_inner]<\/div>[\/vc_column][\/vc_row][vc_row css=&#8220;.vc_custom_1695982890672{background-color: rgba(232,78,27,0.2) !important;*background-color: rgb(232,78,27) !important;}&#8220;][vc_column]<div class=\"wrappedcontent\">[vc_column_text]<\/p>\n<h3 style=\"text-align: center;\"><strong>DIE SANIT\u00c4RANLAGEN<\/strong><\/h3>\n<p>[\/vc_column_text][vc_empty_space][vc_row_inner gap=&#8220;30&#8243;][vc_column_inner width=&#8220;1\/6&#8243;][\/vc_column_inner][vc_column_inner width=&#8220;2\/6&#8243;][vc_single_image image=&#8220;7110&#8243; img_size=&#8220;600*500&#8243; alignment=&#8220;center&#8220;][\/vc_column_inner][vc_column_inner width=&#8220;2\/6&#8243;][vc_single_image image=&#8220;7116&#8243; img_size=&#8220;600*500&#8243; alignment=&#8220;center&#8220;][\/vc_column_inner][vc_column_inner width=&#8220;1\/6&#8243;][\/vc_column_inner][\/vc_row_inner][vc_empty_space][vc_column_text]<\/p>\n<p style=\"text-align: center;\">Der Camping de Paris verf\u00fcgt \u00fcber drei komplett renovierte Sanit\u00e4ranlagen, die, ganz gleich zu welcher Saison, Ihren Aufenthalt bei uns noch angenehmer machen. Erfreuen Sie sich das ganze Jahr \u00fcber am hellen und freundlichen Design und profitieren Sie von der W\u00e4rme eines Holzofens und den praktischen Ausstattungen!<\/p>\n<p style=\"text-align: center;\">Die neuen Sanit\u00e4ranlagen sind mit einem Wickelraum, Familienbadezimmern, praktischen Duschkabinen, Kindertoiletten, Haartrockner und vielem mehr ausgestattet. Nat\u00fcrlich gibt es auch einen barrierefreien Bereich.<\/p>\n<p>[\/vc_column_text]<\/div>[\/vc_column][\/vc_row][vc_row][vc_column]<div class=\"wrappedcontent\">[vc_column_text]<\/p>\n<h3 style=\"text-align: center;\"><strong>DIENSTLEISTUNGEN F\u00dcR CAMPER<\/strong><\/h3>\n<p>[\/vc_column_text][vc_empty_space][vc_column_text css=&#8220;&#8220;]F\u00fcr einen 100%ig praktischen <a href=\"https:\/\/www.campingparis.fr\/de\/activites-services\/\">Aufenthalt<\/a>, bietet Ihnen der Camping de Paris folgende Dienstleistungen:<br \/>\n&#8211; Grillger\u00e4tverleih (je nach Verf\u00fcgbarkeit)<br \/>\n&#8211; Frisches Brot und Geb\u00e4ck jeden Morgen verf\u00fcgbar, nach Verf\u00fcgbarkeit.<br \/>\n&#8211; Sollten Sie etwas vergessen haben, werfen Sie einen Blick in die Camper-Ecke des Lebensmittelladens<br \/>\n&#8211; Reisemobil-Servicestation[\/vc_column_text][vc_empty_space height=&#8220;50px&#8220;][vc_row_inner equal_height=&#8220;yes&#8220; gap=&#8220;15&#8243; css=&#8220;.vc_custom_1526368213409{margin-left: -0.5px !important;}&#8220;][vc_column_inner width=&#8220;1\/3&#8243; css=&#8220;.vc_custom_1696235509584{background-color: rgba(232,78,27,0.2) !important;*background-color: rgb(232,78,27) !important;}&#8220;][vc_single_image image=&#8220;7130&#8243; img_size=&#8220;71*71&#8243; alignment=&#8220;center&#8220; onclick=&#8220;custom_link&#8220; link=&#8220;https:\/\/media.huttopia.com\/destinations\/paris\/plan-camping-citykamp-paris.pdf&#8220;][vc_column_text css=&#8220;.vc_custom_1696259174792{padding-top: 25px !important;padding-right: 15px !important;padding-bottom: 15px !important;padding-left: 15px !important;}&#8220;]<\/p>\n<p style=\"text-align: center;\"><a href=\"https:\/\/media.huttopia.com\/destinations\/paris\/plan-camping-citykamp-paris.pdf\" target=\"_blank\" rel=\"noopener noreferrer\"><strong>PLATZPLAN<\/strong><\/a><\/p>\n<p>[\/vc_column_text][\/vc_column_inner][vc_column_inner width=&#8220;1\/3&#8243; css=&#8220;.vc_custom_1696235522593{background-color: rgba(232,78,27,0.2) !important;*background-color: rgb(232,78,27) !important;}&#8220;][vc_single_image image=&#8220;7136&#8243; img_size=&#8220;71*71&#8243; alignment=&#8220;center&#8220; onclick=&#8220;custom_link&#8220; link=&#8220;http:\/\/checkout.citykamp.com\/site\/de\/890&#8243;][vc_column_text css=&#8220;.vc_custom_1696259188393{padding-top: 25px !important;padding-right: 15px !important;padding-bottom: 15px !important;padding-left: 15px !important;}&#8220;]<\/p>\n<p style=\"text-align: center;\"><a href=\"http:\/\/checkout.citykamp.com\/site\/de\/890\" target=\"_blank\" rel=\"noopener noreferrer\"><strong>IHREN AUFENTHALT BUCHEN<\/strong><\/a><\/p>\n<p>[\/vc_column_text][\/vc_column_inner][vc_column_inner width=&#8220;1\/3&#8243; css=&#8220;.vc_custom_1696235534120{background-color: rgba(232,78,27,0.2) !important;*background-color: rgb(232,78,27) !important;}&#8220;][vc_single_image image=&#8220;7142&#8243; img_size=&#8220;71*71&#8243; alignment=&#8220;center&#8220; onclick=&#8220;custom_link&#8220; link=&#8220;https:\/\/goo.gl\/maps\/p33hs3bWVkQ2&#8243;][vc_column_text css=&#8220;.vc_custom_1696259204814{padding-top: 25px !important;padding-right: 15px !important;padding-bottom: 15px !important;padding-left: 15px !important;}&#8220;]<\/p>\n<p style=\"text-align: center;\"><a href=\"https:\/\/goo.gl\/maps\/p33hs3bWVkQ2\" target=\"_blank\" rel=\"noopener noreferrer\"><strong>REISEROUTE<\/strong><\/a><\/p>\n<p>[\/vc_column_text][\/vc_column_inner][\/vc_row_inner]<\/div>[\/vc_column][\/vc_row][vc_row css=&#8220;.vc_custom_1696238508441{background-color: rgba(232,78,27,0.2) !important;*background-color: rgb(232,78,27) !important;}&#8220;][vc_column]<div class=\"wrappedcontent\">[vc_column_text]<\/p>\n<h3 style=\"text-align: center;\"><strong>FOTOGALERIE<\/strong><\/h3>\n<p>[\/vc_column_text][vc_empty_space height=&#8220;18px&#8220;][vc_masonry_media_grid style=&#8220;load-more&#8220; items_per_page=&#8220;4&#8243; element_width=&#8220;3&#8243; gap=&#8220;10&#8243; item=&#8220;1053&#8243; btn_title=&#8220;MEHR&#8220; btn_style=&#8220;custom&#8220; btn_custom_background=&#8220;#e84e1b&#8220; btn_custom_text=&#8220;#ffffff&#8220; btn_shape=&#8220;square&#8220; btn_i_icon_fontawesome=&#8220;fas fa-angle-down&#8220; btn_add_icon=&#8220;true&#8220; grid_id=&#8220;vc_gid:1776849943089-7941658f-8843-8&#8243; include=&#8220;7191,7185,7173,7149,2848,2878,2853,2868,2883,2873,2863,2858,4681,4687,4693,4699,7155,7161,7167,7179&#8243;]<\/div>[\/vc_column][\/vc_row][vc_row][vc_column]<div class=\"wrappedcontent\">[vc_row_inner css=&#8220;.vc_custom_1521459308342{margin-top: -30px !important;margin-bottom: -30px !important;}&#8220;][vc_column_inner width=&#8220;1\/6&#8243;][vc_single_image image=&#8220;7197&#8243; img_size=&#8220;71*71&#8243; alignment=&#8220;center&#8220;][vc_column_text]<\/p>\n<p style=\"text-align: center;\">Gratisparkplatz<\/p>\n<p>[\/vc_column_text][\/vc_column_inner][vc_column_inner width=&#8220;1\/6&#8243;][vc_single_image image=&#8220;7203&#8243; img_size=&#8220;71*71&#8243; alignment=&#8220;center&#8220;][vc_column_text]<\/p>\n<p style=\"text-align: center;\">Gratis WLAN<\/p>\n<p>[\/vc_column_text][\/vc_column_inner][vc_column_inner width=&#8220;1\/6&#8243;][vc_single_image image=&#8220;6786&#8243; img_size=&#8220;71*71&#8243; alignment=&#8220;center&#8220;][vc_column_text]<\/p>\n<p style=\"text-align: center;\">Check-in 7 Tage<br \/>\ndie Woche ge\u00f6ffnet<\/p>\n<p>[\/vc_column_text][\/vc_column_inner][vc_column_inner width=&#8220;1\/6&#8243;][vc_single_image image=&#8220;6792&#8243; img_size=&#8220;71*71&#8243; alignment=&#8220;center&#8220;][vc_column_text]<\/p>\n<p style=\"text-align: center;\">Mehrsprachig<\/p>\n<p>[\/vc_column_text][\/vc_column_inner][vc_column_inner width=&#8220;1\/6&#8243;][vc_single_image image=&#8220;6798&#8243; img_size=&#8220;71*71&#8243; alignment=&#8220;center&#8220;][vc_column_text]<\/p>\n<p style=\"text-align: center;\">Hotel-Paket<\/p>\n<p>[\/vc_column_text][\/vc_column_inner][vc_column_inner width=&#8220;1\/6&#8243;][vc_single_image image=&#8220;6804&#8243; img_size=&#8220;71*71&#8243; alignment=&#8220;center&#8220;][vc_column_text]<\/p>\n<p style=\"text-align: center;\">Sichere Zahlung<\/p>\n<p>[\/vc_column_text][\/vc_column_inner][\/vc_row_inner]<\/div>[\/vc_column][\/vc_row]<\/p>\n<\/div>","protected":false},"excerpt":{"rendered":"<p>[vc_row][vc_column][vc_single_image image=&#8220;7347&#8243; img_size=&#8220;1900&#215;500&#8243; alignment=&#8220;center&#8220;][\/vc_column][\/vc_row][vc_row][vc_column][\/vc_column][\/vc_row][vc_row css=&#8220;.vc_custom_1695982890672{background-color: rgba(232,78,27,0.2) !important;*background-color: rgb(232,78,27) !important;}&#8220;][vc_column][\/vc_column][\/vc_row][vc_row][vc_column][\/vc_column][\/vc_row][vc_row css=&#8220;.vc_custom_1696238508441{background-color: rgba(232,78,27,0.2) !important;*background-color: rgb(232,78,27) !important;}&#8220;][vc_column][\/vc_column][\/vc_row][vc_row][vc_column][\/vc_column][\/vc_row]<\/p>\n","protected":false},"author":1,"featured_media":7185,"parent":0,"menu_order":0,"comment_status":"closed","ping_status":"closed","template":"","meta":{"footnotes":""},"class_list":["post-450","page","type-page","status-publish","has-post-thumbnail","hentry"],"yoast_head":"<!-- This site is optimized with the Yoast SEO plugin v25.6 - https:\/\/yoast.com\/wordpress\/plugins\/seo\/ -->\n<title>Campingstellpl\u00e4tze in Paris \u2013 Camping de Paris<\/title>\n<meta name=\"description\" content=\"Stellen Sie Ihr Zelt, Ihren Wohnwagen oder Ihr Wohnmobil auf schattigen Stellpl\u00e4tzen mitten in Paris auf. Vom Campingplatz aus erreichen Sie die Stadt ganz bequem und profitieren von zahlreichen Services, die Ihren Aufenthalt erleichtern.\" \/>\n<meta name=\"robots\" content=\"index, follow, max-snippet:-1, max-image-preview:large, max-video-preview:-1\" \/>\n<link rel=\"canonical\" href=\"https:\/\/www.campingparis.fr\/de\/stellplatze\/\" \/>\n<meta property=\"og:locale\" content=\"de_DE\" \/>\n<meta property=\"og:type\" content=\"article\" \/>\n<meta property=\"og:title\" content=\"Campingstellpl\u00e4tze in Paris \u2013 Camping de Paris\" \/>\n<meta property=\"og:description\" content=\"Stellen Sie Ihr Zelt, Ihren Wohnwagen oder Ihr Wohnmobil auf schattigen Stellpl\u00e4tzen mitten in Paris auf. Vom Campingplatz aus erreichen Sie die Stadt ganz bequem und profitieren von zahlreichen Services, die Ihren Aufenthalt erleichtern.\" \/>\n<meta property=\"og:url\" content=\"https:\/\/www.campingparis.fr\/de\/stellplatze\/\" \/>\n<meta property=\"og:site_name\" content=\"Camping de Paris\" \/>\n<meta property=\"article:modified_time\" content=\"2026-04-22T09:25:53+00:00\" \/>\n<meta property=\"og:image\" content=\"https:\/\/www.campingparis.fr\/uploads\/sites\/11\/2023\/10\/citykamp-paris-emplacements-galerie-7.jpeg\" \/>\n\t<meta property=\"og:image:width\" content=\"1000\" \/>\n\t<meta property=\"og:image:height\" content=\"667\" \/>\n\t<meta property=\"og:image:type\" content=\"image\/jpeg\" \/>\n<meta name=\"twitter:card\" content=\"summary_large_image\" \/>\n<meta name=\"twitter:label1\" content=\"Est. reading time\" \/>\n\t<meta name=\"twitter:data1\" content=\"4 Minuten\" \/>\n<script type=\"application\/ld+json\" class=\"yoast-schema-graph\">{\"@context\":\"https:\/\/schema.org\",\"@graph\":[{\"@type\":\"WebPage\",\"@id\":\"https:\/\/www.campingparis.fr\/de\/stellplatze\/\",\"url\":\"https:\/\/www.campingparis.fr\/de\/stellplatze\/\",\"name\":\"Campingstellpl\u00e4tze in Paris \u2013 Camping de Paris\",\"isPartOf\":{\"@id\":\"https:\/\/www.campingparis.fr\/de\/#website\"},\"primaryImageOfPage\":{\"@id\":\"https:\/\/www.campingparis.fr\/de\/stellplatze\/#primaryimage\"},\"image\":{\"@id\":\"https:\/\/www.campingparis.fr\/de\/stellplatze\/#primaryimage\"},\"thumbnailUrl\":\"https:\/\/www.campingparis.fr\/uploads\/sites\/11\/2023\/10\/citykamp-paris-emplacements-galerie-7.jpeg\",\"datePublished\":\"2018-02-26T14:02:29+00:00\",\"dateModified\":\"2026-04-22T09:25:53+00:00\",\"description\":\"Stellen Sie Ihr Zelt, Ihren Wohnwagen oder Ihr Wohnmobil auf schattigen Stellpl\u00e4tzen mitten in Paris auf. Vom Campingplatz aus erreichen Sie die Stadt ganz bequem und profitieren von zahlreichen Services, die Ihren Aufenthalt erleichtern.\",\"breadcrumb\":{\"@id\":\"https:\/\/www.campingparis.fr\/de\/stellplatze\/#breadcrumb\"},\"inLanguage\":\"de-DE\",\"potentialAction\":[{\"@type\":\"ReadAction\",\"target\":[\"https:\/\/www.campingparis.fr\/de\/stellplatze\/\"]}]},{\"@type\":\"ImageObject\",\"inLanguage\":\"de-DE\",\"@id\":\"https:\/\/www.campingparis.fr\/de\/stellplatze\/#primaryimage\",\"url\":\"https:\/\/www.campingparis.fr\/uploads\/sites\/11\/2023\/10\/citykamp-paris-emplacements-galerie-7.jpeg\",\"contentUrl\":\"https:\/\/www.campingparis.fr\/uploads\/sites\/11\/2023\/10\/citykamp-paris-emplacements-galerie-7.jpeg\",\"width\":1000,\"height\":667},{\"@type\":\"BreadcrumbList\",\"@id\":\"https:\/\/www.campingparis.fr\/de\/stellplatze\/#breadcrumb\",\"itemListElement\":[{\"@type\":\"ListItem\",\"position\":1,\"name\":\"Accueil\",\"item\":\"https:\/\/www.campingparis.fr\/de\/\"},{\"@type\":\"ListItem\",\"position\":2,\"name\":\"Stellpl\u00e4tze\"}]},{\"@type\":\"WebSite\",\"@id\":\"https:\/\/www.campingparis.fr\/de\/#website\",\"url\":\"https:\/\/www.campingparis.fr\/de\/\",\"name\":\"Camping de Paris\",\"description\":\"Un site utilisant Citykamp\",\"potentialAction\":[{\"@type\":\"SearchAction\",\"target\":{\"@type\":\"EntryPoint\",\"urlTemplate\":\"https:\/\/www.campingparis.fr\/de\/?s={search_term_string}\"},\"query-input\":{\"@type\":\"PropertyValueSpecification\",\"valueRequired\":true,\"valueName\":\"search_term_string\"}}],\"inLanguage\":\"de-DE\"}]}<\/script>\n<!-- \/ Yoast SEO plugin. -->","yoast_head_json":{"title":"Campingstellpl\u00e4tze in Paris \u2013 Camping de Paris","description":"Stellen Sie Ihr Zelt, Ihren Wohnwagen oder Ihr Wohnmobil auf schattigen Stellpl\u00e4tzen mitten in Paris auf. Vom Campingplatz aus erreichen Sie die Stadt ganz bequem und profitieren von zahlreichen Services, die Ihren Aufenthalt erleichtern.","robots":{"index":"index","follow":"follow","max-snippet":"max-snippet:-1","max-image-preview":"max-image-preview:large","max-video-preview":"max-video-preview:-1"},"canonical":"https:\/\/www.campingparis.fr\/de\/stellplatze\/","og_locale":"de_DE","og_type":"article","og_title":"Campingstellpl\u00e4tze in Paris \u2013 Camping de Paris","og_description":"Stellen Sie Ihr Zelt, Ihren Wohnwagen oder Ihr Wohnmobil auf schattigen Stellpl\u00e4tzen mitten in Paris auf. Vom Campingplatz aus erreichen Sie die Stadt ganz bequem und profitieren von zahlreichen Services, die Ihren Aufenthalt erleichtern.","og_url":"https:\/\/www.campingparis.fr\/de\/stellplatze\/","og_site_name":"Camping de Paris","article_modified_time":"2026-04-22T09:25:53+00:00","og_image":[{"width":1000,"height":667,"url":"https:\/\/www.campingparis.fr\/uploads\/sites\/11\/2023\/10\/citykamp-paris-emplacements-galerie-7.jpeg","type":"image\/jpeg"}],"twitter_card":"summary_large_image","twitter_misc":{"Est. reading time":"4 Minuten"},"schema":{"@context":"https:\/\/schema.org","@graph":[{"@type":"WebPage","@id":"https:\/\/www.campingparis.fr\/de\/stellplatze\/","url":"https:\/\/www.campingparis.fr\/de\/stellplatze\/","name":"Campingstellpl\u00e4tze in Paris \u2013 Camping de Paris","isPartOf":{"@id":"https:\/\/www.campingparis.fr\/de\/#website"},"primaryImageOfPage":{"@id":"https:\/\/www.campingparis.fr\/de\/stellplatze\/#primaryimage"},"image":{"@id":"https:\/\/www.campingparis.fr\/de\/stellplatze\/#primaryimage"},"thumbnailUrl":"https:\/\/www.campingparis.fr\/uploads\/sites\/11\/2023\/10\/citykamp-paris-emplacements-galerie-7.jpeg","datePublished":"2018-02-26T14:02:29+00:00","dateModified":"2026-04-22T09:25:53+00:00","description":"Stellen Sie Ihr Zelt, Ihren Wohnwagen oder Ihr Wohnmobil auf schattigen Stellpl\u00e4tzen mitten in Paris auf. Vom Campingplatz aus erreichen Sie die Stadt ganz bequem und profitieren von zahlreichen Services, die Ihren Aufenthalt erleichtern.","breadcrumb":{"@id":"https:\/\/www.campingparis.fr\/de\/stellplatze\/#breadcrumb"},"inLanguage":"de-DE","potentialAction":[{"@type":"ReadAction","target":["https:\/\/www.campingparis.fr\/de\/stellplatze\/"]}]},{"@type":"ImageObject","inLanguage":"de-DE","@id":"https:\/\/www.campingparis.fr\/de\/stellplatze\/#primaryimage","url":"https:\/\/www.campingparis.fr\/uploads\/sites\/11\/2023\/10\/citykamp-paris-emplacements-galerie-7.jpeg","contentUrl":"https:\/\/www.campingparis.fr\/uploads\/sites\/11\/2023\/10\/citykamp-paris-emplacements-galerie-7.jpeg","width":1000,"height":667},{"@type":"BreadcrumbList","@id":"https:\/\/www.campingparis.fr\/de\/stellplatze\/#breadcrumb","itemListElement":[{"@type":"ListItem","position":1,"name":"Accueil","item":"https:\/\/www.campingparis.fr\/de\/"},{"@type":"ListItem","position":2,"name":"Stellpl\u00e4tze"}]},{"@type":"WebSite","@id":"https:\/\/www.campingparis.fr\/de\/#website","url":"https:\/\/www.campingparis.fr\/de\/","name":"Camping de Paris","description":"Un site utilisant Citykamp","potentialAction":[{"@type":"SearchAction","target":{"@type":"EntryPoint","urlTemplate":"https:\/\/www.campingparis.fr\/de\/?s={search_term_string}"},"query-input":{"@type":"PropertyValueSpecification","valueRequired":true,"valueName":"search_term_string"}}],"inLanguage":"de-DE"}]}},"_links":{"self":[{"href":"https:\/\/www.campingparis.fr\/de\/wp-json\/wp\/v2\/pages\/450","targetHints":{"allow":["GET"]}}],"collection":[{"href":"https:\/\/www.campingparis.fr\/de\/wp-json\/wp\/v2\/pages"}],"about":[{"href":"https:\/\/www.campingparis.fr\/de\/wp-json\/wp\/v2\/types\/page"}],"author":[{"embeddable":true,"href":"https:\/\/www.campingparis.fr\/de\/wp-json\/wp\/v2\/users\/1"}],"replies":[{"embeddable":true,"href":"https:\/\/www.campingparis.fr\/de\/wp-json\/wp\/v2\/comments?post=450"}],"version-history":[{"count":6,"href":"https:\/\/www.campingparis.fr\/de\/wp-json\/wp\/v2\/pages\/450\/revisions"}],"predecessor-version":[{"id":8565,"href":"https:\/\/www.campingparis.fr\/de\/wp-json\/wp\/v2\/pages\/450\/revisions\/8565"}],"wp:featuredmedia":[{"embeddable":true,"href":"https:\/\/www.campingparis.fr\/de\/wp-json\/wp\/v2\/media\/7185"}],"wp:attachment":[{"href":"https:\/\/www.campingparis.fr\/de\/wp-json\/wp\/v2\/media?parent=450"}],"curies":[{"name":"wp","href":"https:\/\/api.w.org\/{rel}","templated":true}]}}