{"id":452,"date":"2018-02-28T09:50:12","date_gmt":"2018-02-28T08:50:12","guid":{"rendered":"https:\/\/citykamp.com\/campingparis\/de\/professionnels\/"},"modified":"2025-02-28T10:45:28","modified_gmt":"2025-02-28T09:45:28","slug":"firmentarife","status":"publish","type":"page","link":"https:\/\/www.campingparis.fr\/de\/firmentarife\/","title":{"rendered":"Professionnels"},"content":{"rendered":"<div class=\"wpb-content-wrapper\"><p>[vc_row][vc_column]<div class=\"wrappedcontent\">[vc_empty_space height=&#8220;50px&#8220;][vc_row_inner equal_height=&#8220;yes&#8220; gap=&#8220;35&#8243; css=&#8220;.vc_custom_1619510592748{margin-left: -0.5px !important;}&#8220;][vc_column_inner][vc_column_text]<\/p>\n<h2 style=\"text-align: center;\"><strong>HERZLICH WILLKOMMEN IM CAMPING DE PARIS<\/strong><\/h2>\n<p>[\/vc_column_text][\/vc_column_inner][\/vc_row_inner][vc_row_inner equal_height=&#8220;yes&#8220; gap=&#8220;35&#8243; css=&#8220;.vc_custom_1619510592748{margin-left: -0.5px !important;}&#8220;][vc_column_inner][vc_column_text]<\/p>\n<p style=\"text-align: center;\"><span style=\"font-size: 14pt;\"><strong>Das beste Preis-Leistungsverh\u00e4ltnis f\u00fcr die Unterbringung Ihrer Teams!<\/strong><\/span><\/p>\n<p style=\"text-align: center;\"><span style=\"font-size: 14pt;\">Sie sind vor\u00fcbergehend beruflich in Paris? F\u00fcr einen Kundenbesuch, eine Ausbildung, als Aussteller auf einer Fachmesse oder f\u00fcr einen Einsatz auf einer Baustelle? Das Camping de Paris bietet Ihnen das beste Preis-Leistungsverh\u00e4ltnis f\u00fcr Ihren beruflichen Aufenthalt.<\/span><\/p>\n<p>[\/vc_column_text][\/vc_column_inner][\/vc_row_inner][vc_row_inner css=&#8220;.vc_custom_1620133329462{margin-left: -0.5px !important;}&#8220;][vc_column_inner width=&#8220;1\/3&#8243;][\/vc_column_inner][vc_column_inner width=&#8220;1\/3&#8243;][vc_column_text css=&#8220;.vc_custom_1622189378478{border-top-width: 2px !important;border-right-width: 2px !important;border-bottom-width: 2px !important;border-left-width: 2px !important;padding-top: 15px !important;padding-right: 10px !important;padding-bottom: 15px !important;padding-left: 10px !important;border-left-color: #e84e1b !important;border-left-style: solid !important;border-right-color: #e84e1b !important;border-right-style: solid !important;border-top-color: #e84e1b !important;border-top-style: solid !important;border-bottom-color: #e84e1b !important;border-bottom-style: solid !important;border-radius: 2px !important;}&#8220;]<\/p>\n<p style=\"text-align: center;\"><span style=\"color: #e84e1b;\"><strong><span style=\"font-size: 14pt;\">DER PLUSPUNKT<\/span><\/strong><\/span><br \/>\n<span style=\"font-size: 14pt; color: #e84e1b;\">Ganzj\u00e4hrig ge\u00f6ffnet!<\/span><\/p>\n<p>[\/vc_column_text][\/vc_column_inner][vc_column_inner width=&#8220;1\/3&#8243;][\/vc_column_inner][\/vc_row_inner]<div class=\"text-center btnwrap\"><a class=\"btn btn-huttopia-cta\" href=\"mailto:pros@huttopia.com\" role=\"button\" target=\"\" onclick=\"dataLayer.push({'event':'clickCity', 'clickText':'ORGANISIEREN WIR GEMEINSAM IHRE GESCH\u00c4FTSREISE'})\">ORGANISIEREN WIR GEMEINSAM IHRE GESCH\u00c4FTSREISE<\/a><\/div>[vc_empty_space height=&#8220;20px&#8220;][vc_row_inner equal_height=&#8220;yes&#8220; gap=&#8220;35&#8243; css=&#8220;.vc_custom_1619510592748{margin-left: -0.5px !important;}&#8220;][vc_column_inner width=&#8220;1\/2&#8243;][vc_masonry_media_grid element_width=&#8220;12&#8243; gap=&#8220;0&#8243; grid_id=&#8220;vc_gid:1740735446788-5c22b3c1-a8be-3&#8243; include=&#8220;7322&#8243;][\/vc_column_inner][vc_column_inner width=&#8220;1\/2&#8243;][vc_empty_space][vc_column_text]<\/p>\n<p style=\"text-align: center;\"><span style=\"font-size: 18pt;\"><strong><span style=\"color: #e84e1b;\">&#8211; IN UNMITTELBARER N\u00c4HE ZUR STADT &#8211;<\/span><\/strong><\/span><\/p>\n<p style=\"text-align: center;\"><span style=\"font-size: 14pt;\">Die ideale Lage des Camping de Paris erm\u00f6glicht Ihnen einen direkten Zugang zu den wichtigsten Messe- und Kongresszentren, den Gesch\u00e4ftsvierteln von La D\u00e9fense und auch Nanterre, Rueil-Malmaison, Boulogne-Billancourt&#8230;<br \/>\n<\/span><\/p>\n<p>[\/vc_column_text][\/vc_column_inner][\/vc_row_inner][vc_empty_space][vc_row_inner equal_height=&#8220;yes&#8220; gap=&#8220;25&#8243; css=&#8220;.vc_custom_1619512472839{margin-left: -0.5px !important;}&#8220;][vc_column_inner width=&#8220;1\/3&#8243;][vc_masonry_media_grid element_width=&#8220;12&#8243; gap=&#8220;0&#8243; grid_id=&#8220;vc_gid:1740735446793-5216d8b6-3023-4&#8243; include=&#8220;7316&#8243;][\/vc_column_inner][vc_column_inner width=&#8220;2\/3&#8243;][vc_empty_space height=&#8220;52px&#8220;][vc_column_text css=&#8220;&#8220;]<\/p>\n<p style=\"text-align: center;\"><span style=\"color: #e84e1b; font-size: 18pt;\"><strong>KOSTENG\u00dcNSTIGE UND KOMFORTABLE UNTERKUNFTSL\u00d6SUNGEN<\/strong><\/span><\/p>\n<p style=\"text-align: center;\"><span style=\"font-size: 14pt;\"><strong>Komplett ausgestattete Unterk\u00fcnfte, damit Ihre Teams so unabh\u00e4ngig wie m\u00f6glich sind.<\/strong><\/span><br \/>\n<span style=\"font-size: 14pt;\">Das Camping de Paris bietet Ihnen f\u00fcr Ihre Teams m\u00f6blierte und komplett ausgestattete Unterk\u00fcnfte (mit ausgestatteter Kochecke, Badezimmer\u2026) &#8211; mit Einzel- oder Mehrbettzimmern.<\/span><\/p>\n<p>[\/vc_column_text][\/vc_column_inner][\/vc_row_inner][vc_empty_space][vc_row_inner equal_height=&#8220;yes&#8220; gap=&#8220;20&#8243; css=&#8220;.vc_custom_1619512891915{margin-left: -0.5px !important;}&#8220;][vc_column_inner width=&#8220;1\/6&#8243;][vc_icon icon_fontawesome=&#8220;far fa-calendar-check&#8220; color=&#8220;custom&#8220; align=&#8220;center&#8220; custom_color=&#8220;#e84e1b&#8220;][vc_column_text]<\/p>\n<p style=\"text-align: center;\"><span style=\"color: #e84e1b;\"><strong>Check-in 7 Tage die Woche ge\u00f6ffnet<\/strong><\/span><\/p>\n<p>[\/vc_column_text][\/vc_column_inner][vc_column_inner width=&#8220;1\/6&#8243;][vc_icon icon_fontawesome=&#8220;fas fa-wifi&#8220; color=&#8220;custom&#8220; align=&#8220;center&#8220; custom_color=&#8220;#e84e1b&#8220;][vc_column_text]<\/p>\n<p style=\"text-align: center;\"><span style=\"color: #e84e1b;\"><strong>Gratis WLAN<\/strong><\/span><\/p>\n<p>[\/vc_column_text][\/vc_column_inner][vc_column_inner width=&#8220;1\/6&#8243;][vc_icon icon_fontawesome=&#8220;fas fa-parking&#8220; color=&#8220;custom&#8220; align=&#8220;center&#8220; custom_color=&#8220;#e84e1b&#8220;][vc_column_text]<\/p>\n<p style=\"text-align: center;\"><span style=\"color: #e84e1b;\"><strong>Gratisparkplatz<\/strong><\/span><\/p>\n<p>[\/vc_column_text][\/vc_column_inner][vc_column_inner width=&#8220;1\/6&#8243;][vc_icon icon_fontawesome=&#8220;fas fa-bed&#8220; color=&#8220;custom&#8220; align=&#8220;center&#8220; custom_color=&#8220;#e84e1b&#8220;][vc_column_text]<\/p>\n<p style=\"text-align: center;\"><span style=\"color: #ffffff;\"><span style=\"color: #e84e1b;\"><strong>Bettw\u00e4sche und Handt\u00fccher<\/strong><\/span><br \/>\n<\/span><\/p>\n<p>[\/vc_column_text][\/vc_column_inner][vc_column_inner width=&#8220;1\/6&#8243;][vc_icon icon_fontawesome=&#8220;fas fa-utensils&#8220; color=&#8220;custom&#8220; align=&#8220;center&#8220; custom_color=&#8220;#e84e1b&#8220;][vc_column_text]<\/p>\n<p style=\"text-align: center;\"><span style=\"color: #ffffff;\"><span style=\"color: #e84e1b;\"><strong>Caf\u00e9-Restaurant und kleiner Lebensmittelladen<\/strong><\/span><\/span><\/p>\n<p>[\/vc_column_text][\/vc_column_inner][vc_column_inner width=&#8220;1\/6&#8243;][vc_icon icon_fontawesome=&#8220;fas fa-coffee&#8220; color=&#8220;custom&#8220; align=&#8220;center&#8220; custom_color=&#8220;#e84e1b&#8220;][vc_column_text]<\/p>\n<p style=\"text-align: center;\"><span style=\"color: #e84e1b;\"><strong>Fr\u00fchst\u00fcck<\/strong><\/span><\/p>\n<p>[\/vc_column_text][\/vc_column_inner][\/vc_row_inner][vc_empty_space]<div class=\"text-center btnwrap\"><a class=\"btn btn-huttopia-cta\" href=\"mailto:pros@huttopia.com\" role=\"button\" target=\"\" onclick=\"dataLayer.push({'event':'clickCity', 'clickText':'JETZT BUCHEN'})\">JETZT BUCHEN<\/a><\/div><\/div>[\/vc_column][\/vc_row][vc_row css=&#8220;.vc_custom_1619514863099{background-color: #e8e8e8 !important;}&#8220;][vc_column]<div class=\"wrappedcontent\">[vc_column_text]<\/p>\n<p style=\"text-align: center;\"><span style=\"color: #e84e1b; font-size: 18pt;\"><strong>&#8211; F\u00dcR JEDE ART VON BERUFLICHEM AUFENTHALT &#8211;<\/strong><\/span><\/p>\n<p>[\/vc_column_text][vc_empty_space height=&#8220;20px&#8220;][vc_row_inner equal_height=&#8220;yes&#8220; gap=&#8220;25&#8243; css=&#8220;.vc_custom_1619512472839{margin-left: -0.5px !important;}&#8220;][vc_column_inner width=&#8220;1\/3&#8243; css=&#8220;.vc_custom_1619514729760{background-color: #ffffff !important;}&#8220;][vc_masonry_media_grid element_width=&#8220;12&#8243; gap=&#8220;0&#8243; grid_id=&#8220;vc_gid:1740735446798-67afa592-5b46-1&#8243; include=&#8220;5135&#8243;][vc_empty_space height=&#8220;18px&#8220;][vc_column_text css=&#8220;.vc_custom_1622189535266{padding-right: 10px !important;padding-bottom: 10px !important;padding-left: 10px !important;}&#8220;]<\/p>\n<p style=\"text-align: center;\"><span style=\"color: #e84e1b;\"><strong>F\u00fcr Unternehmen, die ihre Teams unterbringen m\u00f6chten, zum besten Preis-\/Leistungsverh\u00e4ltnis<\/strong><\/span><\/p>\n<p style=\"text-align: center;\">Von 1 bis 150 Person(en)<\/p>\n<p>[\/vc_column_text][\/vc_column_inner][vc_column_inner width=&#8220;1\/3&#8243; css=&#8220;.vc_custom_1619514734974{background-color: #ffffff !important;}&#8220;][vc_masonry_media_grid element_width=&#8220;12&#8243; gap=&#8220;0&#8243; grid_id=&#8220;vc_gid:1740735446800-78a3cf0e-7c91-8&#8243; include=&#8220;5147&#8243;][vc_empty_space height=&#8220;18px&#8220;][vc_column_text css=&#8220;.vc_custom_1622189547542{padding-right: 10px !important;padding-bottom: 10px !important;padding-left: 10px !important;}&#8220;]<\/p>\n<p style=\"text-align: center;\"><span style=\"color: #e84e1b;\"><strong>F\u00fcr jede Art von Gesch\u00e4ftsreise<\/strong><\/span><\/p>\n<p style=\"text-align: center;\">Baustelle in Paris oder in der Region Ile-de-France<br \/>\nFachmesse im Palais de Congr\u00e8s oder auf dem Messegel\u00e4nde Parc des Expositions<br \/>\nBerufliche Weiterbildung in Paris<br \/>\nRegelm\u00e4\u00dfige Gesch\u00e4ftsreisen nach Paris und in die Pariser Umgebung<\/p>\n<p>[\/vc_column_text][\/vc_column_inner][vc_column_inner width=&#8220;1\/3&#8243; css=&#8220;.vc_custom_1619514739973{background-color: #ffffff !important;}&#8220;][vc_masonry_media_grid element_width=&#8220;12&#8243; gap=&#8220;0&#8243; grid_id=&#8220;vc_gid:1740735446802-bb3436c0-7d17-6&#8243; include=&#8220;5141&#8243;][vc_empty_space height=&#8220;18px&#8220;][vc_column_text css=&#8220;.vc_custom_1622189557674{padding-right: 10px !important;padding-bottom: 10px !important;padding-left: 10px !important;}&#8220;]<\/p>\n<p style=\"text-align: center;\"><span style=\"color: #e84e1b;\"><strong>Ganzj\u00e4hrig f\u00fcr Sie ge\u00f6ffnet<\/strong><\/span><\/p>\n<p style=\"text-align: center;\">F\u00fcr kurz-, mittel- oder langfristig<br \/>\nVon 1 Nacht bis zu mehreren Monaten<\/p>\n<p>[\/vc_column_text][\/vc_column_inner][\/vc_row_inner]<\/div>[\/vc_column][\/vc_row][vc_row][vc_column]<div class=\"wrappedcontent\">[vc_column_text]<\/p>\n<p style=\"text-align: center;\"><span style=\"color: #e84e1b; font-size: 18pt;\"><strong>IHR CAMPING DE PARIS IST LEICHT ZU ERREICHEN<\/strong><\/span><\/p>\n<p style=\"text-align: center;\"><span style=\"font-size: 14pt;\"><strong>Optimieren Sie Ihre Fahrzeit in Paris und der Region Ile-de-France! <\/strong><\/span><\/p>\n<p>[\/vc_column_text][vc_empty_space height=&#8220;20px&#8220;][vc_row_inner equal_height=&#8220;yes&#8220; gap=&#8220;20&#8243; css=&#8220;.vc_custom_1620133764074{margin-left: -0.5px !important;}&#8220;][vc_column_inner width=&#8220;1\/4&#8243; css=&#8220;.vc_custom_1619515031084{background-color: #e8e8e8 !important;}&#8220;][vc_icon icon_fontawesome=&#8220;fas fa-car-alt&#8220; color=&#8220;custom&#8220; align=&#8220;center&#8220; custom_color=&#8220;#e84e1b&#8220;][vc_column_text css=&#8220;.vc_custom_1622189603533{margin-top: -40px !important;padding-top: 10px !important;padding-right: 10px !important;padding-bottom: 10px !important;padding-left: 10px !important;}&#8220;]<\/p>\n<p style=\"text-align: center;\"><strong>Auto<\/strong><br \/>\n<span style=\"font-size: 10pt;\"><strong>Aus Paris kommend:<\/strong> A6 (Ausfahrt 33 \u201eLimonest \u2013 Porte de Lyon\u201c)<\/span><br \/>\n<span style=\"font-size: 10pt;\"><strong>Aus Genf kommend:<\/strong> A6 (Ausfahrt 33 \u201eLimonest \u2013 Porte de Lyon\u201c)<\/span><\/p>\n<p>[\/vc_column_text][\/vc_column_inner][vc_column_inner width=&#8220;1\/4&#8243; css=&#8220;.vc_custom_1619515037385{background-color: #e8e8e8 !important;}&#8220;][vc_icon icon_fontawesome=&#8220;fas fa-bus&#8220; color=&#8220;custom&#8220; align=&#8220;center&#8220; custom_color=&#8220;#e84e1b&#8220;][vc_column_text css=&#8220;.vc_custom_1622189616909{margin-top: -40px !important;padding-top: 10px !important;padding-right: 10px !important;padding-bottom: 10px !important;padding-left: 10px !important;}&#8220;]<\/p>\n<p style=\"text-align: center;\"><strong>\u00d6ffentliche Verkehrsmittel<\/strong><br \/>\nBus (5 Gehminuten)<\/p>\n<p>[\/vc_column_text][\/vc_column_inner][vc_column_inner width=&#8220;1\/4&#8243; css=&#8220;.vc_custom_1619515045154{background-color: #e8e8e8 !important;}&#8220;][vc_icon icon_fontawesome=&#8220;fas fa-subway&#8220; color=&#8220;custom&#8220; align=&#8220;center&#8220; custom_color=&#8220;#e84e1b&#8220;][vc_column_text css=&#8220;.vc_custom_1622189631170{margin-top: -40px !important;padding-top: 10px !important;padding-right: 10px !important;padding-bottom: 10px !important;padding-left: 10px !important;}&#8220;]<\/p>\n<p style=\"text-align: center;\"><strong>SNCF-Bahnhof<\/strong><br \/>\nParis Gare de Lyon (20 km)<br \/>\nParis Gare Saint Lazare (8 km)<br \/>\nParis Gare Montparnasse (12 km)<\/p>\n<p>[\/vc_column_text][\/vc_column_inner][vc_column_inner width=&#8220;1\/4&#8243; css=&#8220;.vc_custom_1619515049474{background-color: #e8e8e8 !important;}&#8220;][vc_icon icon_fontawesome=&#8220;fas fa-plane&#8220; color=&#8220;custom&#8220; align=&#8220;center&#8220; custom_color=&#8220;#e84e1b&#8220;][vc_column_text css=&#8220;.vc_custom_1622189638423{margin-top: -40px !important;padding-top: 10px !important;padding-right: 10px !important;padding-bottom: 10px !important;padding-left: 10px !important;}&#8220;]<\/p>\n<p style=\"text-align: center;\"><strong>Flugh\u00e4fen<\/strong><br \/>\nParis-Orly (25 min)<br \/>\nParis-Charles de Gaulle (30 min)<br \/>\nParis Beauvais (1h)<\/p>\n<p>[\/vc_column_text][\/vc_column_inner][\/vc_row_inner]<\/div>[\/vc_column][\/vc_row][vc_row css=&#8220;.vc_custom_1619513836225{background-color: #e84e1b !important;}&#8220;][vc_column]<div class=\"wrappedcontent\">[vc_column_text]<\/p>\n<p style=\"text-align: center;\"><span style=\"font-size: 18pt; color: #ffffff;\"><strong>Ein pers\u00f6nlicher Ansprechpartner f\u00fcr Ihre Buchungsanfrage<\/strong><\/span><\/p>\n<p>[\/vc_column_text][vc_empty_space height=&#8220;20px&#8220;][vc_row_inner gap=&#8220;20&#8243; css=&#8220;.vc_custom_1619513893775{margin-left: -0.5px !important;}&#8220;][vc_column_inner width=&#8220;1\/3&#8243;][vc_icon icon_fontawesome=&#8220;fas fa-phone-alt&#8220; color=&#8220;white&#8220; align=&#8220;center&#8220;][vc_column_text]<\/p>\n<p style=\"text-align: center;\"><span style=\"color: #ffffff; font-size: 14pt;\"><strong><a style=\"color: #ffffff;\" href=\"tel:0477522308\">+33 4 77 52 23 08<\/a><\/strong><br \/>\n(F\u00fcr eine Anreise am Tag: <a style=\"color: #ffffff;\" href=\"tel:0145243000\">+33 (0)1 45 24 30 00<\/a>)<\/span><\/p>\n<p>[\/vc_column_text][\/vc_column_inner][vc_column_inner width=&#8220;1\/3&#8243;][vc_icon icon_fontawesome=&#8220;far fa-envelope&#8220; color=&#8220;white&#8220; align=&#8220;center&#8220;][vc_column_text]<\/p>\n<p style=\"text-align: center;\"><span style=\"color: #ffffff; font-size: 14pt;\"><strong><a style=\"color: #ffffff;\" href=\"mailto:pros@huttopia.com\">pros@huttopia.com<\/a><\/strong><\/span><\/p>\n<p>[\/vc_column_text][\/vc_column_inner][vc_column_inner width=&#8220;1\/3&#8243;][vc_icon icon_fontawesome=&#8220;fas fa-globe&#8220; color=&#8220;white&#8220; align=&#8220;center&#8220;][vc_column_text]<\/p>\n<p style=\"text-align: center;\"><span style=\"color: #ffffff; font-size: 14pt;\"><strong><a style=\"color: #ffffff;\" href=\"https:\/\/www.campingparis.fr\/de\/contact\/\">Online-Kontaktformular<\/a><\/strong><\/span><\/p>\n<p>[\/vc_column_text][\/vc_column_inner][\/vc_row_inner]<\/div>[\/vc_column][\/vc_row][vc_row][vc_column]<div class=\"wrappedcontent\">[vc_masonry_media_grid style=&#8220;load-more&#8220; items_per_page=&#8220;3&#8243; gap=&#8220;10&#8243; item=&#8220;1053&#8243; btn_title=&#8220;VOIR PLUS&#8220; btn_shape=&#8220;square&#8220; btn_color=&#8220;grey&#8220; btn_align=&#8220;center&#8220; grid_id=&#8220;vc_gid:1740735446808-00fb7646-4ac6-5&#8243; include=&#8220;5092,5122,5128&#8243;]<\/div>[\/vc_column][\/vc_row][vc_row css=&#8220;.vc_custom_1619514292753{background-color: #e8e8e8 !important;}&#8220;][vc_column css=&#8220;.vc_custom_1619515410975{margin-top: -30px !important;margin-bottom: -30px !important;}&#8220;]<div class=\"wrappedcontent\">[vc_row_inner equal_height=&#8220;yes&#8220; gap=&#8220;20&#8243; css=&#8220;.vc_custom_1619513519488{margin-left: -0.5px !important;}&#8220;][vc_column_inner width=&#8220;1\/2&#8243; css=&#8220;.vc_custom_1619513535281{background-color: #e8e8e8 !important;}&#8220;][vc_icon icon_fontawesome=&#8220;far fa-map&#8220; color=&#8220;custom&#8220; align=&#8220;center&#8220; css=&#8220;.vc_custom_1676277607663{margin-bottom: -10px !important;padding-top: 15px !important;}&#8220; custom_color=&#8220;#e84e1b&#8220; link=&#8220;url:https%3A%2F%2Fmedia.huttopia.com%2Fdestinations%2Fparis%2Fplan-camping-citykamp-paris.pdf&#8220;][vc_column_text css=&#8220;.vc_custom_1676277613105{margin-top: 25px !important;margin-left: 2px !important;padding-top: 15px !important;padding-right: 15px !important;padding-bottom: 15px !important;padding-left: 15px !important;}&#8220;]<\/p>\n<p style=\"text-align: center;\"><a href=\"https:\/\/media.huttopia.com\/destinations\/paris\/plan-camping-citykamp-paris.pdf\" target=\"_blank\" rel=\"noopener noreferrer\"><strong>Platzplan<\/strong><\/a><\/p>\n<p>[\/vc_column_text][\/vc_column_inner][vc_column_inner width=&#8220;1\/2&#8243; css=&#8220;.vc_custom_1619513540224{background-color: #e8e8e8 !important;}&#8220;][vc_icon icon_fontawesome=&#8220;fas fa-map-marker-alt&#8220; color=&#8220;custom&#8220; align=&#8220;center&#8220; css=&#8220;.vc_custom_1619515242171{margin-bottom: -10px !important;padding-top: 15px !important;}&#8220; custom_color=&#8220;#e84e1b&#8220;][vc_column_text css=&#8220;.vc_custom_1622189697380{margin-top: 25px !important;padding-top: 15px !important;padding-right: 15px !important;padding-bottom: 15px !important;padding-left: 15px !important;}&#8220;]<\/p>\n<p style=\"text-align: center;\"><a href=\"https:\/\/goo.gl\/maps\/p33hs3bWVkQ2\" target=\"_blank\" rel=\"noopener noreferrer\"><strong>Reiseroute<\/strong><\/a><\/p>\n<p>[\/vc_column_text][\/vc_column_inner][\/vc_row_inner]<\/div>[\/vc_column][\/vc_row]<\/p>\n<\/div>","protected":false},"excerpt":{"rendered":"<p>[vc_row][vc_column][\/vc_column][\/vc_row][vc_row css=&#8220;.vc_custom_1619514863099{background-color: #e8e8e8 !important;}&#8220;][vc_column][\/vc_column][\/vc_row][vc_row][vc_column][\/vc_column][\/vc_row][vc_row css=&#8220;.vc_custom_1619513836225{background-color: #e84e1b !important;}&#8220;][vc_column][\/vc_column][\/vc_row][vc_row][vc_column][\/vc_column][\/vc_row][vc_row css=&#8220;.vc_custom_1619514292753{background-color: #e8e8e8 !important;}&#8220;][vc_column css=&#8220;.vc_custom_1619515410975{margin-top: -30px !important;margin-bottom: -30px !important;}&#8220;][\/vc_column][\/vc_row]<\/p>\n","protected":false},"author":1,"featured_media":0,"parent":0,"menu_order":0,"comment_status":"closed","ping_status":"closed","template":"","meta":{"footnotes":""},"class_list":["post-452","page","type-page","status-publish","hentry"],"yoast_head":"<!-- This site is optimized with the Yoast SEO plugin v25.6 - https:\/\/yoast.com\/wordpress\/plugins\/seo\/ -->\n<title>Arbeiten, bleiben, trennen - Paris Campingplatz<\/title>\n<meta name=\"description\" content=\"Die Naturalternative zum Hotelgesch\u00e4ft f\u00fcr Ihre Gesch\u00e4ftsreisen. Komfortable Unterkunft in der N\u00e4he von allen Annehmlichkeiten und dem Zentrum von Paris, praktische Dienstleistungen, um Ihren Aufenthalt zu erleichtern ...\" \/>\n<meta name=\"robots\" content=\"index, follow, max-snippet:-1, max-image-preview:large, max-video-preview:-1\" \/>\n<link rel=\"canonical\" href=\"https:\/\/www.campingparis.fr\/de\/firmentarife\/\" \/>\n<meta property=\"og:locale\" content=\"de_DE\" \/>\n<meta property=\"og:type\" content=\"article\" \/>\n<meta property=\"og:title\" content=\"Arbeiten, bleiben, trennen - Paris Campingplatz\" \/>\n<meta property=\"og:description\" content=\"Die Naturalternative zum Hotelgesch\u00e4ft f\u00fcr Ihre Gesch\u00e4ftsreisen. Komfortable Unterkunft in der N\u00e4he von allen Annehmlichkeiten und dem Zentrum von Paris, praktische Dienstleistungen, um Ihren Aufenthalt zu erleichtern ...\" \/>\n<meta property=\"og:url\" content=\"https:\/\/www.campingparis.fr\/de\/firmentarife\/\" \/>\n<meta property=\"og:site_name\" content=\"Camping de Paris\" \/>\n<meta property=\"article:modified_time\" content=\"2025-02-28T09:45:28+00:00\" \/>\n<meta name=\"twitter:card\" content=\"summary_large_image\" \/>\n<meta name=\"twitter:label1\" content=\"Est. reading time\" \/>\n\t<meta name=\"twitter:data1\" content=\"6 Minuten\" \/>\n<script type=\"application\/ld+json\" class=\"yoast-schema-graph\">{\"@context\":\"https:\/\/schema.org\",\"@graph\":[{\"@type\":\"WebPage\",\"@id\":\"https:\/\/www.campingparis.fr\/de\/firmentarife\/\",\"url\":\"https:\/\/www.campingparis.fr\/de\/firmentarife\/\",\"name\":\"Arbeiten, bleiben, trennen - Paris Campingplatz\",\"isPartOf\":{\"@id\":\"https:\/\/www.campingparis.fr\/de\/#website\"},\"datePublished\":\"2018-02-28T08:50:12+00:00\",\"dateModified\":\"2025-02-28T09:45:28+00:00\",\"description\":\"Die Naturalternative zum Hotelgesch\u00e4ft f\u00fcr Ihre Gesch\u00e4ftsreisen. Komfortable Unterkunft in der N\u00e4he von allen Annehmlichkeiten und dem Zentrum von Paris, praktische Dienstleistungen, um Ihren Aufenthalt zu erleichtern ...\",\"breadcrumb\":{\"@id\":\"https:\/\/www.campingparis.fr\/de\/firmentarife\/#breadcrumb\"},\"inLanguage\":\"de-DE\",\"potentialAction\":[{\"@type\":\"ReadAction\",\"target\":[\"https:\/\/www.campingparis.fr\/de\/firmentarife\/\"]}]},{\"@type\":\"BreadcrumbList\",\"@id\":\"https:\/\/www.campingparis.fr\/de\/firmentarife\/#breadcrumb\",\"itemListElement\":[{\"@type\":\"ListItem\",\"position\":1,\"name\":\"Accueil\",\"item\":\"https:\/\/www.campingparis.fr\/de\/\"},{\"@type\":\"ListItem\",\"position\":2,\"name\":\"Professionnels\"}]},{\"@type\":\"WebSite\",\"@id\":\"https:\/\/www.campingparis.fr\/de\/#website\",\"url\":\"https:\/\/www.campingparis.fr\/de\/\",\"name\":\"Camping de Paris\",\"description\":\"Un site utilisant Citykamp\",\"potentialAction\":[{\"@type\":\"SearchAction\",\"target\":{\"@type\":\"EntryPoint\",\"urlTemplate\":\"https:\/\/www.campingparis.fr\/de\/?s={search_term_string}\"},\"query-input\":{\"@type\":\"PropertyValueSpecification\",\"valueRequired\":true,\"valueName\":\"search_term_string\"}}],\"inLanguage\":\"de-DE\"}]}<\/script>\n<!-- \/ Yoast SEO plugin. -->","yoast_head_json":{"title":"Arbeiten, bleiben, trennen - Paris Campingplatz","description":"Die Naturalternative zum Hotelgesch\u00e4ft f\u00fcr Ihre Gesch\u00e4ftsreisen. Komfortable Unterkunft in der N\u00e4he von allen Annehmlichkeiten und dem Zentrum von Paris, praktische Dienstleistungen, um Ihren Aufenthalt zu erleichtern ...","robots":{"index":"index","follow":"follow","max-snippet":"max-snippet:-1","max-image-preview":"max-image-preview:large","max-video-preview":"max-video-preview:-1"},"canonical":"https:\/\/www.campingparis.fr\/de\/firmentarife\/","og_locale":"de_DE","og_type":"article","og_title":"Arbeiten, bleiben, trennen - Paris Campingplatz","og_description":"Die Naturalternative zum Hotelgesch\u00e4ft f\u00fcr Ihre Gesch\u00e4ftsreisen. Komfortable Unterkunft in der N\u00e4he von allen Annehmlichkeiten und dem Zentrum von Paris, praktische Dienstleistungen, um Ihren Aufenthalt zu erleichtern ...","og_url":"https:\/\/www.campingparis.fr\/de\/firmentarife\/","og_site_name":"Camping de Paris","article_modified_time":"2025-02-28T09:45:28+00:00","twitter_card":"summary_large_image","twitter_misc":{"Est. reading time":"6 Minuten"},"schema":{"@context":"https:\/\/schema.org","@graph":[{"@type":"WebPage","@id":"https:\/\/www.campingparis.fr\/de\/firmentarife\/","url":"https:\/\/www.campingparis.fr\/de\/firmentarife\/","name":"Arbeiten, bleiben, trennen - Paris Campingplatz","isPartOf":{"@id":"https:\/\/www.campingparis.fr\/de\/#website"},"datePublished":"2018-02-28T08:50:12+00:00","dateModified":"2025-02-28T09:45:28+00:00","description":"Die Naturalternative zum Hotelgesch\u00e4ft f\u00fcr Ihre Gesch\u00e4ftsreisen. Komfortable Unterkunft in der N\u00e4he von allen Annehmlichkeiten und dem Zentrum von Paris, praktische Dienstleistungen, um Ihren Aufenthalt zu erleichtern ...","breadcrumb":{"@id":"https:\/\/www.campingparis.fr\/de\/firmentarife\/#breadcrumb"},"inLanguage":"de-DE","potentialAction":[{"@type":"ReadAction","target":["https:\/\/www.campingparis.fr\/de\/firmentarife\/"]}]},{"@type":"BreadcrumbList","@id":"https:\/\/www.campingparis.fr\/de\/firmentarife\/#breadcrumb","itemListElement":[{"@type":"ListItem","position":1,"name":"Accueil","item":"https:\/\/www.campingparis.fr\/de\/"},{"@type":"ListItem","position":2,"name":"Professionnels"}]},{"@type":"WebSite","@id":"https:\/\/www.campingparis.fr\/de\/#website","url":"https:\/\/www.campingparis.fr\/de\/","name":"Camping de Paris","description":"Un site utilisant Citykamp","potentialAction":[{"@type":"SearchAction","target":{"@type":"EntryPoint","urlTemplate":"https:\/\/www.campingparis.fr\/de\/?s={search_term_string}"},"query-input":{"@type":"PropertyValueSpecification","valueRequired":true,"valueName":"search_term_string"}}],"inLanguage":"de-DE"}]}},"_links":{"self":[{"href":"https:\/\/www.campingparis.fr\/de\/wp-json\/wp\/v2\/pages\/452","targetHints":{"allow":["GET"]}}],"collection":[{"href":"https:\/\/www.campingparis.fr\/de\/wp-json\/wp\/v2\/pages"}],"about":[{"href":"https:\/\/www.campingparis.fr\/de\/wp-json\/wp\/v2\/types\/page"}],"author":[{"embeddable":true,"href":"https:\/\/www.campingparis.fr\/de\/wp-json\/wp\/v2\/users\/1"}],"replies":[{"embeddable":true,"href":"https:\/\/www.campingparis.fr\/de\/wp-json\/wp\/v2\/comments?post=452"}],"version-history":[{"count":4,"href":"https:\/\/www.campingparis.fr\/de\/wp-json\/wp\/v2\/pages\/452\/revisions"}],"predecessor-version":[{"id":8082,"href":"https:\/\/www.campingparis.fr\/de\/wp-json\/wp\/v2\/pages\/452\/revisions\/8082"}],"wp:attachment":[{"href":"https:\/\/www.campingparis.fr\/de\/wp-json\/wp\/v2\/media?parent=452"}],"curies":[{"name":"wp","href":"https:\/\/api.w.org\/{rel}","templated":true}]}}