{"id":5728,"date":"2022-02-08T11:44:50","date_gmt":"2022-02-08T10:44:50","guid":{"rendered":"https:\/\/www.campingparis.fr\/?page_id=5728"},"modified":"2025-10-21T10:43:16","modified_gmt":"2025-10-21T08:43:16","slug":"mon-sejour","status":"publish","type":"page","link":"https:\/\/www.campingparis.fr\/de\/mon-sejour\/","title":{"rendered":"Mon s\u00e9jour"},"content":{"rendered":"<div class=\"wpb-content-wrapper\"><p>[vc_row css=&#8220;.vc_custom_1704706311448{background-color: rgba(232,78,27,0.2) !important;*background-color: rgb(232,78,27) !important;}&#8220;][vc_column]<div class=\"wrappedcontent\">[vc_empty_space height=&#8220;40px&#8220;][vc_column_text]<\/p>\n<h1 style=\"text-align: center;\"><span style=\"font-size: 24pt;\"><strong>ALLE PRAKTISCHEN INFORMATIONEN<br \/>\nVOR IHREM AUFENTHALT<\/strong><\/span><\/h1>\n<p>[\/vc_column_text]<\/div>[\/vc_column][\/vc_row][vc_row][vc_column]<div class=\"wrappedcontent\">[vc_row_inner equal_height=&#8220;yes&#8220; gap=&#8220;35&#8243; css=&#8220;.vc_custom_1644315875476{margin-left: 0px !important;}&#8220;][vc_column_inner width=&#8220;1\/2&#8243;][vc_single_image image=&#8220;7653&#8243; img_size=&#8220;71*71&#8243; alignment=&#8220;center&#8220;][vc_empty_space height=&#8220;35px&#8220;][vc_column_text]<\/p>\n<h2 style=\"text-align: center;\"><strong><span style=\"color: #e94e1b;\"><span style=\"font-size: 26.6667px;\">\u00a0Mein<br \/>\nStellplatz-Aufenthalt<\/span><\/span><\/strong><\/h2>\n<p>[\/vc_column_text][vc_empty_space height=&#8220;35px&#8220;][vc_column_text css=&#8220;&#8220;]<\/p>\n<p style=\"text-align: left;\"><span style=\"font-size: 14pt;\">Folgendes ist in meiner <strong>STELLPLATZPAUSCHALE INBEGRIFFEN<\/strong> :<\/span><\/p>\n<ul>\n<li>2 Personen<\/li>\n<li>1 Zelt oder 1 Wohnwagen<\/li>\n<li>1 Fahrzeug (1 Auto oder 1 Motorrad) ODER 1 Wohnmobil\/Van (maximale L\u00e4nge 8,5 Meter)<\/li>\n<li>Eine Reisemobil-Servicestation<\/li>\n<li>WLAN<\/li>\n<\/ul>\n<p><em><span style=\"font-size: 12pt;\">Mit Zuschlag :<\/span><\/em><\/p>\n<ul>\n<li>Stromanschluss<\/li>\n<li>Bis zu 6 Personen (Erwachsene, Kinder und Babys) pro Stellplatz<\/li>\n<li>Max. 1 Haustier erlaubt<\/li>\n<li>Max. 1 kleines zus\u00e4tzliches Zelt (2m x 2m)<\/li>\n<li>Pr\u00e4ferenzgeb\u00fchr (Buchung einer bestimmten Stellplatznummer)<\/li>\n<\/ul>\n<p>&nbsp;<\/p>\n<p><span style=\"font-size: 14pt;\"><strong>Zahlungsmodalit\u00e4ten<\/strong><\/span><\/p>\n<ul>\n<li>F\u00fcr Aufenthalte von <em>3 N\u00e4chten oder mehr<\/em>: Anzahlung von 40% der Aufenthaltskosten bei der Buchung. Zahlung des Restbetrags vor Ort.<\/li>\n<li>F\u00fcr <em>1 oder 2 N\u00e4chte<\/em>: Bezahlung der gesamten Aufenthaltskosten bei der Buchung.<\/li>\n<\/ul>\n<p><strong>Buchungs\u00e4nderungen<\/strong> : bis 30 Tage vor Anreise gegen eine Geb\u00fchr von 50 \u20ac.<strong><br \/>\nStornierung<\/strong> : bis 30 Tage mit Kosten: Anzahlung von 40% des Aufenthaltsbetrags + Abschluss der Versicherung + Buchungsgeb\u00fchr. Nach dem 30. Tag ist der Aufenthalt nicht mehr r\u00fcckzahlbar.<\/p>\n<p>&nbsp;<\/p>\n<p><span style=\"font-size: 14pt;\"><strong>An- und Abreisezeiten<\/strong><\/span><\/p>\n<ul>\n<li><span style=\"font-size: 12pt;\">Ankunft: 14 Uhr<\/span><\/li>\n<li><span style=\"font-size: 12pt;\">Abreise: 12 Uhr<\/span><\/li>\n<\/ul>\n<p>[\/vc_column_text][\/vc_column_inner][vc_column_inner width=&#8220;1\/2&#8243;][vc_single_image image=&#8220;7659&#8243; img_size=&#8220;71*71&#8243; alignment=&#8220;center&#8220;][vc_empty_space height=&#8220;35px&#8220;][vc_column_text]<\/p>\n<h2 style=\"text-align: center;\"><strong><span style=\"color: #e94e1b;\"><span style=\"font-size: 26.6667px;\">Mein Aufenthalt in<br \/>\neiner Unterkunft<\/span><\/span><\/strong><\/h2>\n<p>[\/vc_column_text][vc_empty_space height=&#8220;35px&#8220;][vc_column_text css=&#8220;&#8220;]<span style=\"font-size: 14pt;\">Folgendes ist bei meiner <strong>MIETUNTERKUNFT INBEGRIFFEN<\/strong>\u00a0:<\/span><\/p>\n<ul>\n<li>Bettw\u00e4sche und Handt\u00fccher<\/li>\n<li>Betten bei Ankunft bezogen (au\u00dfer Zelte)<\/li>\n<li>Putz-Set (Schwamm, Geschirrsp\u00fclmittel, Allesreiniger)<\/li>\n<li>Fernseher* und WLAN<\/li>\n<li>Strom<\/li>\n<li>1 Fahrzeug (auto oder mini van)<\/li>\n<\/ul>\n<p><em><span style=\"font-size: 12pt;\">Mit Zuschlag:<\/span><\/em><\/p>\n<ul>\n<li>Max. 1 Haustier erlaubt<\/li>\n<li>Endreinigungspauschale<\/li>\n<li>Pr\u00e4ferenzgeb\u00fchr (Buchung einer bestimmte Unterkunftsnummer)<\/li>\n<\/ul>\n<p>&nbsp;<\/p>\n<p><span style=\"font-size: 14pt;\"><strong>Zahlungsmodalit\u00e4ten<\/strong><\/span><\/p>\n<ul>\n<li>Anzahlung von 40 % bei der Buchung, Zahlung des Restbetrags einen Monat vor der Ankunft.<\/li>\n<\/ul>\n<p><strong>Buchungs\u00e4nderungen<\/strong>: bis 30 Tage vor Anreise gegen eine Geb\u00fchr von 50 \u20ac.<strong><br \/>\nStornierung<\/strong>: bis 30 Tage mit Kosten: Anzahlung von 40% des Aufenthaltsbetrags + Abschluss der Versicherung + Buchungsgeb\u00fchr. Nach dem 30. Tag ist der Aufenthalt nicht mehr r\u00fcckzahlbar.<\/p>\n<p>&nbsp;<\/p>\n<p><span style=\"font-size: 14pt;\"><strong>An- und Abreisezeiten<\/strong><\/span><\/p>\n<ul>\n<li>Ankunft: 15 Uhr<\/li>\n<li>Abreise: 10 Uhr<\/li>\n<\/ul>\n<p>*au\u00dfer in Toiles &amp; Bois Zelt[\/vc_column_text][\/vc_column_inner][\/vc_row_inner][vc_column_text]<em><span style=\"font-size: 10pt;\">\u00a0Um die Ruhe an unseren Standorten zu gew\u00e4hrleisten, darf nur ein Fahrzeug auf dem Campingplatz (auf dem Parkplatz oder auf dem Stellplatz) geparkt werden. Alle weiteren Fahrzeuge m\u00fcssen au\u00dferhalb des Campingplatzes parken.<\/span><\/em>[\/vc_column_text]<\/div>[\/vc_column][\/vc_row][vc_row css=&#8220;.vc_custom_1704729054321{background-color: rgba(232,78,27,0.2) !important;*background-color: rgb(232,78,27) !important;}&#8220;][vc_column]<div class=\"wrappedcontent\">[vc_column_text]<\/p>\n<p style=\"text-align: center;\"><span style=\"color: #000000; font-size: 18pt;\"><strong>WENN SIE SP\u00c4T ANREISEN<\/strong><\/span><\/p>\n<div class=\"ewa-rteLine\" style=\"text-align: center;\"><span style=\"font-size: 12pt;\">Ein Nachtw\u00e4chter erwartet Sie.<br \/>\nUnsere Kunden k\u00f6nnen den Nachtw\u00e4chter \u00fcber die Gegensprechanlage erreichen.<\/span><\/div>\n<div class=\"ewa-rteLine\" style=\"text-align: center;\">\n<p><span style=\"font-size: 12pt;\"><em>Die betroffenen Zeitr\u00e4ume: <\/em><\/span><\/p>\n<\/div>\n<div><span style=\"font-size: 12pt;\"><em>&#8211; Vom <strong>28. Juni bis 1. September<\/strong> und an den <strong>Mai-Br\u00fcckentagen<\/strong>: f\u00fcr alle Anreisen nach 23:00 Uhr.<br \/>\n&#8211; In der <strong>\u00fcbrigen Zeit des Jahres<\/strong>: f\u00fcr alle Anreisen nach 21:00 Uhr.<\/em><\/span><\/div>\n<p>[\/vc_column_text]<\/div>[\/vc_column][\/vc_row][vc_row][vc_column]<div class=\"wrappedcontent\">[vc_column_text]<\/p>\n<p style=\"text-align: center;\"><span style=\"font-size: 18pt; color: #e94e1b;\"><strong>ZUSATZLEISTUNGEN<\/strong><\/span><\/p>\n<p>[\/vc_column_text][vc_empty_space height=&#8220;35px&#8220;][vc_row_inner][vc_column_inner width=&#8220;1\/5&#8243;][vc_single_image image=&#8220;6798&#8243; img_size=&#8220;71*71&#8243; alignment=&#8220;center&#8220;][vc_empty_space][vc_column_text]<\/p>\n<p style=\"text-align: center;\"><strong>Option Gemachte Betten bei der Ankunft<\/strong><\/p>\n<p>[\/vc_column_text][\/vc_column_inner][vc_column_inner width=&#8220;1\/5&#8243;][vc_single_image image=&#8220;8155&#8243; img_size=&#8220;71*71&#8243; alignment=&#8220;center&#8220; css=&#8220;&#8220;][vc_empty_space][vc_column_text css=&#8220;&#8220;]<\/p>\n<p style=\"text-align: center;\"><strong>Vermietung von Grillger\u00e4ten<\/strong><\/p>\n<p>[\/vc_column_text][\/vc_column_inner][vc_column_inner width=&#8220;1\/5&#8243;][vc_single_image image=&#8220;7743&#8243; img_size=&#8220;71*71&#8243; alignment=&#8220;center&#8220;][vc_empty_space][vc_column_text]<\/p>\n<p style=\"text-align: center;\"><strong>Babyset<br \/>\n(Klappbett + Hochstuhl)<\/strong><\/p>\n<p>[\/vc_column_text][\/vc_column_inner][vc_column_inner width=&#8220;1\/5&#8243;][vc_single_image image=&#8220;7749&#8243; img_size=&#8220;71*71&#8243; alignment=&#8220;center&#8220;][vc_empty_space][vc_column_text]<\/p>\n<p style=\"text-align: center;\"><strong>Waschsalon<\/strong><\/p>\n<p>[\/vc_column_text][\/vc_column_inner][vc_column_inner width=&#8220;1\/5&#8243;][vc_single_image image=&#8220;7755&#8243; img_size=&#8220;71*71&#8243; alignment=&#8220;center&#8220;][vc_empty_space][vc_column_text]<\/p>\n<p style=\"text-align: center;\"><strong>Endreinigungspauschale<\/strong><\/p>\n<p>[\/vc_column_text][\/vc_column_inner][\/vc_row_inner][vc_empty_space height=&#8220;35px&#8220;]<div class=\"text-center btnwrap\"><a class=\"btn btn-huttopia-cta\" href=\"http:\/\/checkout.citykamp.com\/site\/de\/890\" role=\"button\" target=\"\" onclick=\"dataLayer.push({'event':'clickCity', 'clickText':'Ihren Aufenthalt buchen'})\">Ihren Aufenthalt buchen<\/a><\/div><\/div>[\/vc_column][\/vc_row][vc_row css=&#8220;.vc_custom_1704892988087{background-color: rgba(232,78,27,0.2) !important;*background-color: rgb(232,78,27) !important;}&#8220;][vc_column]<div class=\"wrappedcontent\">[vc_row_inner equal_height=&#8220;yes&#8220; gap=&#8220;35&#8243;][vc_column_inner width=&#8220;1\/3&#8243;][vc_masonry_media_grid element_width=&#8220;12&#8243; gap=&#8220;0&#8243; grid_id=&#8220;vc_gid:1758619668618-898b9b84-fcbf-9&#8243; include=&#8220;5712&#8243;][\/vc_column_inner][vc_column_inner width=&#8220;2\/3&#8243;][vc_column_text]<span style=\"color: #000000;\"><strong><span style=\"font-size: 16pt;\">HAUSTIERE SIND HERZLICH WILLKOMMEN!<\/span><\/strong><\/span><\/p>\n<p><span style=\"font-size: 14pt;\">Pro Stellplatz bzw. pro Unterkunft ist ein Tier erlaubt.<br \/>\nDie Tiere m\u00fcssen an der Leine gef\u00fchrt werden und geimpft sein.<\/span>[\/vc_column_text][\/vc_column_inner][\/vc_row_inner]<\/div>[\/vc_column][\/vc_row][vc_row][vc_column]<div class=\"wrappedcontent\">[vc_row_inner equal_height=&#8220;yes&#8220; gap=&#8220;35&#8243; css=&#8220;.vc_custom_1644317979794{margin-left: 0px !important;}&#8220;][vc_column_inner width=&#8220;1\/3&#8243;][vc_masonry_media_grid element_width=&#8220;12&#8243; gap=&#8220;0&#8243; grid_id=&#8220;vc_gid:1758619668619-7a2a603f-a1cb-10&#8243; include=&#8220;6512&#8243;][\/vc_column_inner][vc_column_inner width=&#8220;2\/3&#8243;][vc_column_text css=&#8220;&#8220;]<\/p>\n<h2><span style=\"color: #e94e1b;\">CAMPING CARD<\/span><\/h2>\n<p><span style=\"font-size: 12pt;\">Campen Sie ab <span style=\"color: #e84e1b;\"><strong>15\u20ac<\/strong><\/span>* pro \u00dcbernachtung mit der <span style=\"color: #e94e1b;\"><a style=\"color: #e94e1b;\" href=\"https:\/\/www.citykamp.com\/de\/camping-card\/\"><span style=\"text-decoration: underline;\">Camping Card<\/span><\/a><\/span>\u00a0Huttopia.<\/span><br \/>\n<span style=\"font-size: 12pt;\">Profitieren Sie von reduzierten Preisen und Gratis\u00fcbernachtungen in der Vor- und Nachsaison auf allen <span style=\"text-decoration: underline; color: #e94e1b;\"><a style=\"color: #e94e1b; text-decoration: underline;\" href=\"https:\/\/www.citykamp.com\/de\/reiseziele\/\">CityKamp<\/a><\/span> Campingpl\u00e4tzen, <span style=\"text-decoration: underline; color: #e94e1b;\"><a style=\"color: #e94e1b; text-decoration: underline;\" href=\"https:\/\/www.onlycamp.fr\/en\/\">Onlycamp<\/a><\/span> en <span style=\"text-decoration: underline; color: #e94e1b;\"><a style=\"color: #e94e1b; text-decoration: underline;\" href=\"https:\/\/europe.huttopia.com\/de\/destinations\/campings\/\">Huttopia Campingpl\u00e4tzen<\/a><\/span>.<\/span><\/p>\n<p><em><span style=\"font-size: 10pt;\">*Preis beinhaltet 1 Stellplatz f\u00fcr 2 Personen mit Stromanschluss (+ Haustier gratis)<\/span><\/em>[\/vc_column_text][vc_empty_space]<div class=\" btnwrap\"><a class=\"btn btn-huttopia-cta\" href=\"https:\/\/www.citykamp.com\/de\/camping-card\/\" role=\"button\" target=\"true\" onclick=\"dataLayer.push({'event':'clickCity', 'clickText':'ICH PROFITIERE DAVON'})\">ICH PROFITIERE DAVON<\/a><\/div>[\/vc_column_inner][\/vc_row_inner]<\/div>[\/vc_column][\/vc_row][vc_row css=&#8220;.vc_custom_1704895871002{background-color: rgba(232,78,27,0.2) !important;*background-color: rgb(232,78,27) !important;}&#8220;][vc_column]<div class=\"wrappedcontent\">[vc_row_inner][vc_column_inner width=&#8220;1\/3&#8243;][vc_single_image image=&#8220;7768&#8243; img_size=&#8220;71*71&#8243; alignment=&#8220;center&#8220;][vc_empty_space][vc_column_text css=&#8220;&#8220;]<\/p>\n<p style=\"text-align: center;\"><span style=\"font-size: 14pt; color: #000000;\"><strong>BUCHUNGSGEB\u00dcHREN<\/strong><\/span><\/p>\n<p style=\"text-align: center;\"><span style=\"color: #000000;\"><strong>Stellpl\u00e4tze:<\/strong> 25 \u20ac vom 19.04. bis 27.09., dann kostenlos au\u00dferhalb dieser Daten.<strong><br \/>\nUnterk\u00fcnfte:<\/strong> 25 \u20ac das ganze Jahr \u00fcber.<\/span><\/p>\n<p>[\/vc_column_text][\/vc_column_inner][vc_column_inner width=&#8220;1\/3&#8243;][vc_single_image image=&#8220;7136&#8243; img_size=&#8220;71*71&#8243; alignment=&#8220;center&#8220;][vc_empty_space][vc_column_text]<\/p>\n<p style=\"text-align: center;\"><span style=\"font-size: 14pt; color: #000000;\"><strong>STORNOVERSICHERUNG<\/strong><\/span><\/p>\n<p style=\"text-align: center;\"><span style=\"color: #000000;\">Storno- und Reiseabbruchsversicherung<br \/>\n4,5% des Gesamtbetrages Ihres Aufenthalts (ohne Bearbeitungsgeb\u00fchren und Kurtaxe).<\/span><\/p>\n<p>[\/vc_column_text][\/vc_column_inner][vc_column_inner width=&#8220;1\/3&#8243;][vc_single_image image=&#8220;6804&#8243; img_size=&#8220;71*71&#8243; alignment=&#8220;center&#8220;][vc_empty_space][vc_column_text]<\/p>\n<p style=\"text-align: center;\"><span style=\"font-size: 14pt; color: #000000;\"><strong>TARIFE ZUSATZLEISTUNGEN<\/strong><\/span><\/p>\n<p style=\"text-align: center;\"><span style=\"color: #000000;\"><a style=\"color: #000000;\" href=\"https:\/\/media.huttopia.com\/tarifs-annexes-citykamp-en.pdf\" target=\"_blank\" rel=\"noopener noreferrer\"><u>Unsere Tarife f\u00fcr Zusatzleistungen ansehen<\/u><\/a><\/span><\/p>\n<p>[\/vc_column_text][\/vc_column_inner][\/vc_row_inner]<\/div>[\/vc_column][\/vc_row]<\/p>\n<\/div>","protected":false},"excerpt":{"rendered":"<p>[vc_row css=&#8220;.vc_custom_1704706311448{background-color: rgba(232,78,27,0.2) !important;*background-color: rgb(232,78,27) !important;}&#8220;][vc_column][\/vc_column][\/vc_row][vc_row][vc_column][\/vc_column][\/vc_row][vc_row css=&#8220;.vc_custom_1704729054321{background-color: rgba(232,78,27,0.2) !important;*background-color: rgb(232,78,27) !important;}&#8220;][vc_column][\/vc_column][\/vc_row][vc_row][vc_column][\/vc_column][\/vc_row][vc_row css=&#8220;.vc_custom_1704892988087{background-color: rgba(232,78,27,0.2) !important;*background-color: rgb(232,78,27) !important;}&#8220;][vc_column][\/vc_column][\/vc_row][vc_row][vc_column][\/vc_column][\/vc_row][vc_row css=&#8220;.vc_custom_1704895871002{background-color: rgba(232,78,27,0.2) !important;*background-color: rgb(232,78,27) !important;}&#8220;][vc_column][\/vc_column][\/vc_row]<\/p>\n","protected":false},"author":1,"featured_media":0,"parent":0,"menu_order":0,"comment_status":"closed","ping_status":"closed","template":"","meta":{"footnotes":""},"class_list":["post-5728","page","type-page","status-publish","hentry"],"yoast_head":"<!-- This site is optimized with the Yoast SEO plugin v25.6 - https:\/\/yoast.com\/wordpress\/plugins\/seo\/ -->\n<title>Informations pratiques sur votre s\u00e9jour au Camping de Paris<\/title>\n<meta name=\"description\" content=\"Toutes les informations pratiques avant votre s\u00e9jour au Camping de Paris : ce qui est inclus, modalit\u00e9s de r\u00e8glement.\" \/>\n<meta name=\"robots\" content=\"index, follow, max-snippet:-1, max-image-preview:large, max-video-preview:-1\" \/>\n<link rel=\"canonical\" href=\"https:\/\/www.campingparis.fr\/de\/mon-sejour\/\" \/>\n<meta property=\"og:locale\" content=\"de_DE\" \/>\n<meta property=\"og:type\" content=\"article\" \/>\n<meta property=\"og:title\" content=\"Informations pratiques sur votre s\u00e9jour au Camping de Paris\" \/>\n<meta property=\"og:description\" content=\"Toutes les informations pratiques avant votre s\u00e9jour au Camping de Paris : ce qui est inclus, modalit\u00e9s de r\u00e8glement.\" \/>\n<meta property=\"og:url\" content=\"https:\/\/www.campingparis.fr\/de\/mon-sejour\/\" \/>\n<meta property=\"og:site_name\" content=\"Camping de Paris\" \/>\n<meta property=\"article:modified_time\" content=\"2025-10-21T08:43:16+00:00\" \/>\n<meta name=\"twitter:card\" content=\"summary_large_image\" \/>\n<meta name=\"twitter:label1\" content=\"Est. reading time\" \/>\n\t<meta name=\"twitter:data1\" content=\"4 Minuten\" \/>\n<script type=\"application\/ld+json\" class=\"yoast-schema-graph\">{\"@context\":\"https:\/\/schema.org\",\"@graph\":[{\"@type\":\"WebPage\",\"@id\":\"https:\/\/www.campingparis.fr\/de\/mon-sejour\/\",\"url\":\"https:\/\/www.campingparis.fr\/de\/mon-sejour\/\",\"name\":\"Informations pratiques sur votre s\u00e9jour au Camping de Paris\",\"isPartOf\":{\"@id\":\"https:\/\/www.campingparis.fr\/de\/#website\"},\"datePublished\":\"2022-02-08T10:44:50+00:00\",\"dateModified\":\"2025-10-21T08:43:16+00:00\",\"description\":\"Toutes les informations pratiques avant votre s\u00e9jour au Camping de Paris : ce qui est inclus, modalit\u00e9s de r\u00e8glement.\",\"breadcrumb\":{\"@id\":\"https:\/\/www.campingparis.fr\/de\/mon-sejour\/#breadcrumb\"},\"inLanguage\":\"de-DE\",\"potentialAction\":[{\"@type\":\"ReadAction\",\"target\":[\"https:\/\/www.campingparis.fr\/de\/mon-sejour\/\"]}]},{\"@type\":\"BreadcrumbList\",\"@id\":\"https:\/\/www.campingparis.fr\/de\/mon-sejour\/#breadcrumb\",\"itemListElement\":[{\"@type\":\"ListItem\",\"position\":1,\"name\":\"Accueil\",\"item\":\"https:\/\/www.campingparis.fr\/de\/\"},{\"@type\":\"ListItem\",\"position\":2,\"name\":\"Mon s\u00e9jour\"}]},{\"@type\":\"WebSite\",\"@id\":\"https:\/\/www.campingparis.fr\/de\/#website\",\"url\":\"https:\/\/www.campingparis.fr\/de\/\",\"name\":\"Camping de Paris\",\"description\":\"Un site utilisant Citykamp\",\"potentialAction\":[{\"@type\":\"SearchAction\",\"target\":{\"@type\":\"EntryPoint\",\"urlTemplate\":\"https:\/\/www.campingparis.fr\/de\/?s={search_term_string}\"},\"query-input\":{\"@type\":\"PropertyValueSpecification\",\"valueRequired\":true,\"valueName\":\"search_term_string\"}}],\"inLanguage\":\"de-DE\"}]}<\/script>\n<!-- \/ Yoast SEO plugin. -->","yoast_head_json":{"title":"Informations pratiques sur votre s\u00e9jour au Camping de Paris","description":"Toutes les informations pratiques avant votre s\u00e9jour au Camping de Paris : ce qui est inclus, modalit\u00e9s de r\u00e8glement.","robots":{"index":"index","follow":"follow","max-snippet":"max-snippet:-1","max-image-preview":"max-image-preview:large","max-video-preview":"max-video-preview:-1"},"canonical":"https:\/\/www.campingparis.fr\/de\/mon-sejour\/","og_locale":"de_DE","og_type":"article","og_title":"Informations pratiques sur votre s\u00e9jour au Camping de Paris","og_description":"Toutes les informations pratiques avant votre s\u00e9jour au Camping de Paris : ce qui est inclus, modalit\u00e9s de r\u00e8glement.","og_url":"https:\/\/www.campingparis.fr\/de\/mon-sejour\/","og_site_name":"Camping de Paris","article_modified_time":"2025-10-21T08:43:16+00:00","twitter_card":"summary_large_image","twitter_misc":{"Est. reading time":"4 Minuten"},"schema":{"@context":"https:\/\/schema.org","@graph":[{"@type":"WebPage","@id":"https:\/\/www.campingparis.fr\/de\/mon-sejour\/","url":"https:\/\/www.campingparis.fr\/de\/mon-sejour\/","name":"Informations pratiques sur votre s\u00e9jour au Camping de Paris","isPartOf":{"@id":"https:\/\/www.campingparis.fr\/de\/#website"},"datePublished":"2022-02-08T10:44:50+00:00","dateModified":"2025-10-21T08:43:16+00:00","description":"Toutes les informations pratiques avant votre s\u00e9jour au Camping de Paris : ce qui est inclus, modalit\u00e9s de r\u00e8glement.","breadcrumb":{"@id":"https:\/\/www.campingparis.fr\/de\/mon-sejour\/#breadcrumb"},"inLanguage":"de-DE","potentialAction":[{"@type":"ReadAction","target":["https:\/\/www.campingparis.fr\/de\/mon-sejour\/"]}]},{"@type":"BreadcrumbList","@id":"https:\/\/www.campingparis.fr\/de\/mon-sejour\/#breadcrumb","itemListElement":[{"@type":"ListItem","position":1,"name":"Accueil","item":"https:\/\/www.campingparis.fr\/de\/"},{"@type":"ListItem","position":2,"name":"Mon s\u00e9jour"}]},{"@type":"WebSite","@id":"https:\/\/www.campingparis.fr\/de\/#website","url":"https:\/\/www.campingparis.fr\/de\/","name":"Camping de Paris","description":"Un site utilisant Citykamp","potentialAction":[{"@type":"SearchAction","target":{"@type":"EntryPoint","urlTemplate":"https:\/\/www.campingparis.fr\/de\/?s={search_term_string}"},"query-input":{"@type":"PropertyValueSpecification","valueRequired":true,"valueName":"search_term_string"}}],"inLanguage":"de-DE"}]}},"_links":{"self":[{"href":"https:\/\/www.campingparis.fr\/de\/wp-json\/wp\/v2\/pages\/5728","targetHints":{"allow":["GET"]}}],"collection":[{"href":"https:\/\/www.campingparis.fr\/de\/wp-json\/wp\/v2\/pages"}],"about":[{"href":"https:\/\/www.campingparis.fr\/de\/wp-json\/wp\/v2\/types\/page"}],"author":[{"embeddable":true,"href":"https:\/\/www.campingparis.fr\/de\/wp-json\/wp\/v2\/users\/1"}],"replies":[{"embeddable":true,"href":"https:\/\/www.campingparis.fr\/de\/wp-json\/wp\/v2\/comments?post=5728"}],"version-history":[{"count":4,"href":"https:\/\/www.campingparis.fr\/de\/wp-json\/wp\/v2\/pages\/5728\/revisions"}],"predecessor-version":[{"id":8249,"href":"https:\/\/www.campingparis.fr\/de\/wp-json\/wp\/v2\/pages\/5728\/revisions\/8249"}],"wp:attachment":[{"href":"https:\/\/www.campingparis.fr\/de\/wp-json\/wp\/v2\/media?parent=5728"}],"curies":[{"name":"wp","href":"https:\/\/api.w.org\/{rel}","templated":true}]}}