{"id":7988,"date":"2024-10-25T09:58:44","date_gmt":"2024-10-25T07:58:44","guid":{"rendered":"https:\/\/www.campingparis.fr\/marches-noel-paris\/"},"modified":"2025-10-21T10:55:02","modified_gmt":"2025-10-21T08:55:02","slug":"weihnachtsmarkt-in-paris","status":"publish","type":"page","link":"https:\/\/www.campingparis.fr\/de\/weihnachtsmarkt-in-paris\/","title":{"rendered":"Weihnachtsmarkt in Paris"},"content":{"rendered":"<div class=\"wpb-content-wrapper\"><p>[vc_row][vc_column]<div class=\"wrappedcontent\">[vc_column_text css=&#8220;&#8220;]<\/p>\n<h1 style=\"text-align: center;\"><strong><span style=\"color: #e94e1b;\"><span style=\"font-size: 24pt;\">DIE 5 SCH\u00d6NSTEN WEIHNACHSTM\u00c4RKTE VON PARIS F\u00dcR EIN MAGISCHES CAMPING-WOCHENENDE<\/span><\/span><\/strong><\/h1>\n<p>&nbsp;<\/p>\n<p style=\"text-align: center;\"><span style=\"font-size: 14pt;\">F\u00fcr die sch\u00f6nste Zeit des Jahres verwandelt sich Paris in eine M\u00e4rchenstadt. Entdecken Sie die sch\u00f6nsten Weihnachtsm\u00e4rkte von Paris. Genie\u00dfen Sie die weihnachtliche Stimmung und die Authentizit\u00e4t, lassen Sie sich von den festlichen Angeboten inspirieren und profitieren Sie von <a href=\"https:\/\/www.campingparis.fr\/de\/mietunterkuenfte\/\">einer Unterkunft vor den Toren von Paris.<\/a><br \/>\n<\/span><\/p>\n<p style=\"text-align: center;\"><i><em>Vom 13. November bis zum 28. Dezember 2025.<\/em><\/i><\/p>\n<p>[\/vc_column_text]<\/div>[\/vc_column][\/vc_row][vc_row][vc_column][vc_empty_space height=&#8220;15px&#8220;][\/vc_column][\/vc_row][vc_row css=&#8220;.vc_custom_1729842141710{background-color: #E94E1B33 !important;}&#8220;][vc_column]<div class=\"wrappedcontent\">[vc_row_inner gap=&#8220;35&#8243;][vc_column_inner width=&#8220;1\/3&#8243;][vc_masonry_media_grid element_width=&#8220;12&#8243; gap=&#8220;0&#8243; css=&#8220;&#8220; grid_id=&#8220;vc_gid:1760954596173-1a9040ad-e129-0&#8243; include=&#8220;7955&#8243;][vc_empty_space height=&#8220;15px&#8220;][vc_column_text css=&#8220;&#8220;]<\/p>\n<h2 style=\"text-align: center;\"><strong><span style=\"font-size: 14pt;\">Weihnachtsmarkt im Tuileriengarten<\/span><\/strong><\/h2>\n<p style=\"text-align: center;\"><span style=\"font-size: 14pt;\">Im Herzen von Paris finden Sie auf diesem Weihnachtsmarkt, nicht weit vom Louvre entfernt, H\u00fctten und St\u00e4nde mit Leckereien und Geschenkideen, und sogar eine Eislaufbahn.<br \/>\n<strong><span style=\"font-size: 12pt;\">Veranstaltungsort: Tuileriengarten, 1. Arrondissement.<\/span><\/strong><\/span><\/p>\n<p>[\/vc_column_text][\/vc_column_inner][vc_column_inner width=&#8220;1\/3&#8243;][vc_masonry_media_grid element_width=&#8220;12&#8243; gap=&#8220;0&#8243; css=&#8220;&#8220; grid_id=&#8220;vc_gid:1760954596174-d2b1f5d1-fde6-10&#8243; include=&#8220;7967&#8243;][vc_empty_space height=&#8220;15px&#8220;][vc_column_text css=&#8220;&#8220;]<\/p>\n<h2 style=\"text-align: center;\"><span style=\"font-size: 14pt;\"><strong>Weihnachtsmarkt La D\u00e9fense<\/strong><\/span><\/h2>\n<p style=\"text-align: center;\"><span style=\"font-size: 14pt;\">Mit 350 Verkaufsst\u00e4nden ist es der gr\u00f6\u00dfte Weihnachtsmarkt in der Region Paris. Er findet unter der Grande Arche vor traumhafter Kulisse statt.<br \/>\n<strong><span style=\"font-size: 12pt;\">Veranstaltungsort: Parvis de La D\u00e9fense.<\/span><\/strong><\/span><\/p>\n<p>[\/vc_column_text][\/vc_column_inner][vc_column_inner width=&#8220;1\/3&#8243;][vc_masonry_media_grid element_width=&#8220;12&#8243; gap=&#8220;0&#8243; css=&#8220;&#8220; grid_id=&#8220;vc_gid:1760954596175-6aef56bc-0e57-9&#8243; include=&#8220;7961&#8243;][vc_empty_space height=&#8220;15px&#8220;][vc_column_text css=&#8220;&#8220;]<\/p>\n<h2 style=\"text-align: center;\"><strong><span style=\"font-size: 14pt;\">Weihnachtsdorf Saint-Germain-des-Pr\u00e9s<\/span><\/strong><\/h2>\n<p style=\"text-align: center;\"><span style=\"font-size: 14pt;\">Dieser charmante Weihnachtsmarkt stellt lokales Kunsthandwerk und kulinarische Spezialit\u00e4ten in den Vordergrund.<br \/>\n<span style=\"font-size: 12pt;\"><strong>Veranstaltungsort: Boulevard Saint-Germain, 6. Arrondissement.<\/strong><\/span><\/span><\/p>\n<p>[\/vc_column_text][\/vc_column_inner][\/vc_row_inner]<\/div>[\/vc_column][\/vc_row][vc_row][vc_column]<div class=\"wrappedcontent\">[vc_row_inner gap=&#8220;35&#8243;][vc_column_inner width=&#8220;1\/2&#8243;][vc_masonry_media_grid element_width=&#8220;12&#8243; gap=&#8220;0&#8243; css=&#8220;&#8220; grid_id=&#8220;vc_gid:1760954596176-53fbbe13-cbf5-7&#8243; include=&#8220;7943&#8243;][vc_empty_space height=&#8220;15px&#8220;][vc_column_text css=&#8220;&#8220;]<\/p>\n<h2 style=\"margin: 0in; font-size: 11pt; text-align: center;\"><strong><span style=\"font-size: 14pt;\">Weihnachtsmarkt von Montmartre<\/span><\/strong><\/h2>\n<p>&nbsp;<\/p>\n<p style=\"margin: 0in; font-size: 11pt; text-align: center;\"><span style=\"font-size: 14pt;\">Ein echtes kleines Alpendorf unterhalb der Sacr\u00e9-C\u0153ur, bezaubernd und malerisch, mit allerlei handwerklich gefertigten Erzeugnissen.<br \/>\n<span style=\"font-size: 12pt;\"><strong>Veranstaltungsort: Place des Abbesses, 18. Arrondissement.<\/strong><\/span><\/span><\/p>\n<p>[\/vc_column_text][\/vc_column_inner][vc_column_inner width=&#8220;1\/2&#8243;][vc_masonry_media_grid element_width=&#8220;12&#8243; gap=&#8220;0&#8243; css=&#8220;&#8220; grid_id=&#8220;vc_gid:1760954596177-a1113d13-7fdb-9&#8243; include=&#8220;7949&#8243;][vc_empty_space height=&#8220;15px&#8220;][vc_column_text css=&#8220;&#8220;]<\/p>\n<h2 style=\"margin: 0in; font-size: 11pt; text-align: center;\"><span style=\"font-size: 14pt;\"><strong>Weihnachtsmarkt H\u00f4tel de Ville<\/strong><\/span><\/h2>\n<p style=\"margin: 0in; font-size: 11pt; text-align: center;\"><span style=\"font-size: 14pt;\"><br \/>\nEin gem\u00fctlicher, familienfreundlicher Weihnachtsmarkt mit Eislaufbahn und vielen Attraktionen f\u00fcr Kinder.<strong><br \/>\n<span style=\"font-size: 12pt;\">Veranstaltungsort: Parvis de l\u2018H\u00f4tel de Ville, 4. Arrondissement.<\/span><\/strong><\/span><\/p>\n<p>[\/vc_column_text][\/vc_column_inner][\/vc_row_inner][vc_empty_space height=&#8220;25px&#8220;][vc_column_text css=&#8220;&#8220;]<\/p>\n<p style=\"text-align: center;\"><span style=\"font-size: 14pt;\">Erleben Sie die Weihnachtszeit auf unserem Campingplatz und verbringen Sie in unseren Unterk\u00fcnften mit allem Komfort einen erholsamen Urlaub!<\/span><\/p>\n<p>[\/vc_column_text]<div class=\"text-center btnwrap\"><a class=\"btn btn-huttopia-cta\" href=\"https:\/\/checkout.citykamp.com\/890\/de\/\" role=\"button\" target=\"\" onclick=\"dataLayer.push({'event':'clickCity', 'clickText':'Ich buche meinen Aufenthalt!'})\">Ich buche meinen Aufenthalt!<\/a><\/div><\/div>[\/vc_column][\/vc_row]<\/p>\n<\/div>","protected":false},"excerpt":{"rendered":"<p>[vc_row][vc_column][\/vc_column][\/vc_row][vc_row][vc_column][vc_empty_space height=&#8220;15px&#8220;][\/vc_column][\/vc_row][vc_row css=&#8220;.vc_custom_1729842141710{background-color: #E94E1B33 !important;}&#8220;][vc_column][\/vc_column][\/vc_row][vc_row][vc_column][\/vc_column][\/vc_row]<\/p>\n","protected":false},"author":48,"featured_media":7943,"parent":0,"menu_order":0,"comment_status":"closed","ping_status":"closed","template":"","meta":{"footnotes":""},"class_list":["post-7988","page","type-page","status-publish","has-post-thumbnail","hentry"],"yoast_head":"<!-- This site is optimized with the Yoast SEO plugin v25.6 - https:\/\/yoast.com\/wordpress\/plugins\/seo\/ -->\n<title>Top 5 der sch\u00f6nsten Weihnachtsm\u00e4rkte in Paris<\/title>\n<meta name=\"description\" content=\"Entdecken Sie die sch\u00f6nsten Weihnachtsm\u00e4rkte in Paris. Tauchen Sie ein in eine festliche und authentische Atmosph\u00e4re, die ideal ist, um Ihre Weihnachtsfeiertage mit der Familie vorzubereiten und gleichzeitig eine Unterkunft vor den Toren von Paris zu genie\u00dfen.\" \/>\n<meta name=\"robots\" content=\"index, follow, max-snippet:-1, max-image-preview:large, max-video-preview:-1\" \/>\n<link rel=\"canonical\" href=\"https:\/\/www.campingparis.fr\/de\/weihnachtsmarkt-in-paris\/\" \/>\n<meta property=\"og:locale\" content=\"de_DE\" \/>\n<meta property=\"og:type\" content=\"article\" \/>\n<meta property=\"og:title\" content=\"Top 5 der sch\u00f6nsten Weihnachtsm\u00e4rkte in Paris\" \/>\n<meta property=\"og:description\" content=\"Entdecken Sie die sch\u00f6nsten Weihnachtsm\u00e4rkte in Paris. Tauchen Sie ein in eine festliche und authentische Atmosph\u00e4re, die ideal ist, um Ihre Weihnachtsfeiertage mit der Familie vorzubereiten und gleichzeitig eine Unterkunft vor den Toren von Paris zu genie\u00dfen.\" \/>\n<meta property=\"og:url\" content=\"https:\/\/www.campingparis.fr\/de\/weihnachtsmarkt-in-paris\/\" \/>\n<meta property=\"og:site_name\" content=\"Camping de Paris\" \/>\n<meta property=\"article:modified_time\" content=\"2025-10-21T08:55:02+00:00\" \/>\n<meta property=\"og:image\" content=\"https:\/\/www.campingparis.fr\/uploads\/sites\/11\/2024\/10\/marche-de-noel-nuit-paris.jpeg\" \/>\n\t<meta property=\"og:image:width\" content=\"600\" \/>\n\t<meta property=\"og:image:height\" content=\"500\" \/>\n\t<meta property=\"og:image:type\" content=\"image\/jpeg\" \/>\n<meta name=\"twitter:card\" content=\"summary_large_image\" \/>\n<meta name=\"twitter:label1\" content=\"Est. reading time\" \/>\n\t<meta name=\"twitter:data1\" content=\"3 Minuten\" \/>\n<script type=\"application\/ld+json\" class=\"yoast-schema-graph\">{\"@context\":\"https:\/\/schema.org\",\"@graph\":[{\"@type\":\"WebPage\",\"@id\":\"https:\/\/www.campingparis.fr\/de\/weihnachtsmarkt-in-paris\/\",\"url\":\"https:\/\/www.campingparis.fr\/de\/weihnachtsmarkt-in-paris\/\",\"name\":\"Top 5 der sch\u00f6nsten Weihnachtsm\u00e4rkte in Paris\",\"isPartOf\":{\"@id\":\"https:\/\/www.campingparis.fr\/de\/#website\"},\"primaryImageOfPage\":{\"@id\":\"https:\/\/www.campingparis.fr\/de\/weihnachtsmarkt-in-paris\/#primaryimage\"},\"image\":{\"@id\":\"https:\/\/www.campingparis.fr\/de\/weihnachtsmarkt-in-paris\/#primaryimage\"},\"thumbnailUrl\":\"https:\/\/www.campingparis.fr\/uploads\/sites\/11\/2024\/10\/marche-de-noel-nuit-paris.jpeg\",\"datePublished\":\"2024-10-25T07:58:44+00:00\",\"dateModified\":\"2025-10-21T08:55:02+00:00\",\"description\":\"Entdecken Sie die sch\u00f6nsten Weihnachtsm\u00e4rkte in Paris. Tauchen Sie ein in eine festliche und authentische Atmosph\u00e4re, die ideal ist, um Ihre Weihnachtsfeiertage mit der Familie vorzubereiten und gleichzeitig eine Unterkunft vor den Toren von Paris zu genie\u00dfen.\",\"breadcrumb\":{\"@id\":\"https:\/\/www.campingparis.fr\/de\/weihnachtsmarkt-in-paris\/#breadcrumb\"},\"inLanguage\":\"de-DE\",\"potentialAction\":[{\"@type\":\"ReadAction\",\"target\":[\"https:\/\/www.campingparis.fr\/de\/weihnachtsmarkt-in-paris\/\"]}]},{\"@type\":\"ImageObject\",\"inLanguage\":\"de-DE\",\"@id\":\"https:\/\/www.campingparis.fr\/de\/weihnachtsmarkt-in-paris\/#primaryimage\",\"url\":\"https:\/\/www.campingparis.fr\/uploads\/sites\/11\/2024\/10\/marche-de-noel-nuit-paris.jpeg\",\"contentUrl\":\"https:\/\/www.campingparis.fr\/uploads\/sites\/11\/2024\/10\/marche-de-noel-nuit-paris.jpeg\",\"width\":600,\"height\":500,\"caption\":\"March\u00e9 de No\u00ebl nocturne.\"},{\"@type\":\"BreadcrumbList\",\"@id\":\"https:\/\/www.campingparis.fr\/de\/weihnachtsmarkt-in-paris\/#breadcrumb\",\"itemListElement\":[{\"@type\":\"ListItem\",\"position\":1,\"name\":\"Accueil\",\"item\":\"https:\/\/www.campingparis.fr\/de\/\"},{\"@type\":\"ListItem\",\"position\":2,\"name\":\"Weihnachtsmarkt in Paris\"}]},{\"@type\":\"WebSite\",\"@id\":\"https:\/\/www.campingparis.fr\/de\/#website\",\"url\":\"https:\/\/www.campingparis.fr\/de\/\",\"name\":\"Camping de Paris\",\"description\":\"Un site utilisant Citykamp\",\"potentialAction\":[{\"@type\":\"SearchAction\",\"target\":{\"@type\":\"EntryPoint\",\"urlTemplate\":\"https:\/\/www.campingparis.fr\/de\/?s={search_term_string}\"},\"query-input\":{\"@type\":\"PropertyValueSpecification\",\"valueRequired\":true,\"valueName\":\"search_term_string\"}}],\"inLanguage\":\"de-DE\"}]}<\/script>\n<!-- \/ Yoast SEO plugin. -->","yoast_head_json":{"title":"Top 5 der sch\u00f6nsten Weihnachtsm\u00e4rkte in Paris","description":"Entdecken Sie die sch\u00f6nsten Weihnachtsm\u00e4rkte in Paris. Tauchen Sie ein in eine festliche und authentische Atmosph\u00e4re, die ideal ist, um Ihre Weihnachtsfeiertage mit der Familie vorzubereiten und gleichzeitig eine Unterkunft vor den Toren von Paris zu genie\u00dfen.","robots":{"index":"index","follow":"follow","max-snippet":"max-snippet:-1","max-image-preview":"max-image-preview:large","max-video-preview":"max-video-preview:-1"},"canonical":"https:\/\/www.campingparis.fr\/de\/weihnachtsmarkt-in-paris\/","og_locale":"de_DE","og_type":"article","og_title":"Top 5 der sch\u00f6nsten Weihnachtsm\u00e4rkte in Paris","og_description":"Entdecken Sie die sch\u00f6nsten Weihnachtsm\u00e4rkte in Paris. Tauchen Sie ein in eine festliche und authentische Atmosph\u00e4re, die ideal ist, um Ihre Weihnachtsfeiertage mit der Familie vorzubereiten und gleichzeitig eine Unterkunft vor den Toren von Paris zu genie\u00dfen.","og_url":"https:\/\/www.campingparis.fr\/de\/weihnachtsmarkt-in-paris\/","og_site_name":"Camping de Paris","article_modified_time":"2025-10-21T08:55:02+00:00","og_image":[{"width":600,"height":500,"url":"https:\/\/www.campingparis.fr\/uploads\/sites\/11\/2024\/10\/marche-de-noel-nuit-paris.jpeg","type":"image\/jpeg"}],"twitter_card":"summary_large_image","twitter_misc":{"Est. reading time":"3 Minuten"},"schema":{"@context":"https:\/\/schema.org","@graph":[{"@type":"WebPage","@id":"https:\/\/www.campingparis.fr\/de\/weihnachtsmarkt-in-paris\/","url":"https:\/\/www.campingparis.fr\/de\/weihnachtsmarkt-in-paris\/","name":"Top 5 der sch\u00f6nsten Weihnachtsm\u00e4rkte in Paris","isPartOf":{"@id":"https:\/\/www.campingparis.fr\/de\/#website"},"primaryImageOfPage":{"@id":"https:\/\/www.campingparis.fr\/de\/weihnachtsmarkt-in-paris\/#primaryimage"},"image":{"@id":"https:\/\/www.campingparis.fr\/de\/weihnachtsmarkt-in-paris\/#primaryimage"},"thumbnailUrl":"https:\/\/www.campingparis.fr\/uploads\/sites\/11\/2024\/10\/marche-de-noel-nuit-paris.jpeg","datePublished":"2024-10-25T07:58:44+00:00","dateModified":"2025-10-21T08:55:02+00:00","description":"Entdecken Sie die sch\u00f6nsten Weihnachtsm\u00e4rkte in Paris. Tauchen Sie ein in eine festliche und authentische Atmosph\u00e4re, die ideal ist, um Ihre Weihnachtsfeiertage mit der Familie vorzubereiten und gleichzeitig eine Unterkunft vor den Toren von Paris zu genie\u00dfen.","breadcrumb":{"@id":"https:\/\/www.campingparis.fr\/de\/weihnachtsmarkt-in-paris\/#breadcrumb"},"inLanguage":"de-DE","potentialAction":[{"@type":"ReadAction","target":["https:\/\/www.campingparis.fr\/de\/weihnachtsmarkt-in-paris\/"]}]},{"@type":"ImageObject","inLanguage":"de-DE","@id":"https:\/\/www.campingparis.fr\/de\/weihnachtsmarkt-in-paris\/#primaryimage","url":"https:\/\/www.campingparis.fr\/uploads\/sites\/11\/2024\/10\/marche-de-noel-nuit-paris.jpeg","contentUrl":"https:\/\/www.campingparis.fr\/uploads\/sites\/11\/2024\/10\/marche-de-noel-nuit-paris.jpeg","width":600,"height":500,"caption":"March\u00e9 de No\u00ebl nocturne."},{"@type":"BreadcrumbList","@id":"https:\/\/www.campingparis.fr\/de\/weihnachtsmarkt-in-paris\/#breadcrumb","itemListElement":[{"@type":"ListItem","position":1,"name":"Accueil","item":"https:\/\/www.campingparis.fr\/de\/"},{"@type":"ListItem","position":2,"name":"Weihnachtsmarkt in Paris"}]},{"@type":"WebSite","@id":"https:\/\/www.campingparis.fr\/de\/#website","url":"https:\/\/www.campingparis.fr\/de\/","name":"Camping de Paris","description":"Un site utilisant Citykamp","potentialAction":[{"@type":"SearchAction","target":{"@type":"EntryPoint","urlTemplate":"https:\/\/www.campingparis.fr\/de\/?s={search_term_string}"},"query-input":{"@type":"PropertyValueSpecification","valueRequired":true,"valueName":"search_term_string"}}],"inLanguage":"de-DE"}]}},"_links":{"self":[{"href":"https:\/\/www.campingparis.fr\/de\/wp-json\/wp\/v2\/pages\/7988","targetHints":{"allow":["GET"]}}],"collection":[{"href":"https:\/\/www.campingparis.fr\/de\/wp-json\/wp\/v2\/pages"}],"about":[{"href":"https:\/\/www.campingparis.fr\/de\/wp-json\/wp\/v2\/types\/page"}],"author":[{"embeddable":true,"href":"https:\/\/www.campingparis.fr\/de\/wp-json\/wp\/v2\/users\/48"}],"replies":[{"embeddable":true,"href":"https:\/\/www.campingparis.fr\/de\/wp-json\/wp\/v2\/comments?post=7988"}],"version-history":[{"count":4,"href":"https:\/\/www.campingparis.fr\/de\/wp-json\/wp\/v2\/pages\/7988\/revisions"}],"predecessor-version":[{"id":8412,"href":"https:\/\/www.campingparis.fr\/de\/wp-json\/wp\/v2\/pages\/7988\/revisions\/8412"}],"wp:featuredmedia":[{"embeddable":true,"href":"https:\/\/www.campingparis.fr\/de\/wp-json\/wp\/v2\/media\/7943"}],"wp:attachment":[{"href":"https:\/\/www.campingparis.fr\/de\/wp-json\/wp\/v2\/media?parent=7988"}],"curies":[{"name":"wp","href":"https:\/\/api.w.org\/{rel}","templated":true}]}}