{"id":349,"date":"2018-02-26T15:02:53","date_gmt":"2018-02-26T14:02:53","guid":{"rendered":"https:\/\/citykamp.com\/campingparis\/en\/region\/"},"modified":"2026-04-13T10:25:33","modified_gmt":"2026-04-13T08:25:33","slug":"region","status":"publish","type":"page","link":"https:\/\/www.campingparis.fr\/en\/region\/","title":{"rendered":"Region"},"content":{"rendered":"<div class=\"wpb-content-wrapper\"><p>[vc_row][vc_column][vc_single_image image=&#8221;7333&#8243; img_size=&#8221;1900&#215;500&#8243; alignment=&#8221;center&#8221;][\/vc_column][\/vc_row][vc_row][vc_column]<div class=\"wrappedcontent\">[vc_column_text css=&#8221;&#8221;]<\/p>\n<h1 style=\"text-align: center;\"><span style=\"font-size: 24pt;\"><strong>VISIT PARIS: MUST-SEE MONUMENTS, MUSEUMS, AND ACTIVITIES<\/strong><\/span><\/h1>\n<p>[\/vc_column_text][vc_empty_space][vc_column_text]<\/p>\n<h3>Set out to explore the capital!<\/h3>\n<p>[\/vc_column_text][vc_empty_space][vc_column_text]Paris campsite boasts an ideal location in the heart of Paris&#8217; 16th arrondissement, perfect for exploring the capital!<\/p>\n<p><i class=\"fa fa-info-circle\"><\/i>\u00a0\u00a0<em><span style=\"font-size: 10pt;\">A tourist information point is available at the campsite\u00a0<a href=\"https:\/\/campingparis.fr\/en\/activities-services\/\" target=\"_blank\" rel=\"noopener noreferrer\">reception<\/a> and our team will be happy to advise you on your Parisian adventure. Don&#8217;t forget that a shuttle bus runs between the campsite and Porte Maillot metro station. Information and tickets on sale at reception. <\/span><\/em>[\/vc_column_text]<\/div>[\/vc_column][\/vc_row][vc_row css=&#8221;.vc_custom_1519832631399{background-color: #e8e8e8 !important;}&#8221;][vc_column]<div class=\"wrappedcontent\">[vc_column_text]<\/p>\n<h3>Visit Paris<\/h3>\n<p>Staying in Paris is a chance to enjoy sightseeing, cultural activities, walks, attraction parks, and to wonder at everything the city has to offer. Here are a few ideas of activities that you can enjoy during your visit.[\/vc_column_text][vc_empty_space height=&#8221;50px&#8221;][vc_column_text]<\/p>\n<h4 style=\"text-align: center;\"><span style=\"color: #333333;\">\u2014 <\/span>Sightseeing<span style=\"color: #333333;\">\u00a0<\/span><span style=\"color: #333333;\">\u2014<\/span><\/h4>\n<p>[\/vc_column_text][vc_empty_space height=&#8221;50px&#8221;][vc_masonry_media_grid element_width=&#8221;3&#8243; gap=&#8221;20&#8243; item=&#8221;52&#8243; grid_id=&#8221;vc_gid:1776068631300-22765e5a-aded-3&#8243; include=&#8221;1982,1977,1967,1522&#8243;][vc_empty_space height=&#8221;12px&#8221;][vc_column_text]Discover the unique heritage and unmissable sights that are so symbolic of the city, including the Eiffel Tower (Bir-Hakeim metro station), the Arc de Triomphe (Charles de Gaulle Etoile metro station), the Champs Elys\u00e9es (Franklin D. Roosevelt or Georges V metro station), Notre Dame de Paris (Cit\u00e9 or Ch\u00e2telet metro station), the Sacr\u00e9 Coeur (Anvers metro station) and the Op\u00e9ra (Op\u00e9ra metro station).<\/p>\n<p>No visit to Paris would be complete without also exploring the many different districts, each with their own unique atmospheres: the Latin quarter, the Marais, Batignolles, Butte aux Cailles, Montmartre, the \u00eeles de la Cit\u00e9 and Saint-Louis, amongst others.[\/vc_column_text]<\/div>[\/vc_column][\/vc_row][vc_row][vc_column]<div class=\"wrappedcontent\">[vc_column_text]<\/p>\n<h4 style=\"text-align: center;\"><span style=\"color: #333333;\">\u2014 <\/span>Culture\u00a0<span style=\"color: #333333;\">\u2014<\/span><\/h4>\n<p>[\/vc_column_text][vc_empty_space height=&#8221;50px&#8221;][vc_masonry_media_grid gap=&#8221;20&#8243; item=&#8221;52&#8243; grid_id=&#8221;vc_gid:1776068631308-4bb0b8eb-f2ef-8&#8243; include=&#8221;2002,1992,1997&#8243;][vc_empty_space height=&#8221;12px&#8221;][vc_column_text]Paris is THE city for art and culture! It has an incredible cultural wealth and 180 museums and monuments for you to discover, including the Louvre, the Orsay museum, the Quai Branly museum, the Pompidou centre for national art and culture, and the Cit\u00e9 des Sciences et de l&#8217;Industrie which makes science great fun for children and fascinating for adults.[\/vc_column_text]<\/div>[\/vc_column][\/vc_row][vc_row css=&#8221;.vc_custom_1519832631399{background-color: #e8e8e8 !important;}&#8221;][vc_column]<div class=\"wrappedcontent\">[vc_column_text]<\/p>\n<h4 style=\"text-align: center;\"><span style=\"color: #333333;\">\u2014 <\/span>Walks\u00a0<span style=\"color: #333333;\">\u2014<\/span><\/h4>\n<p>[\/vc_column_text][vc_empty_space height=&#8221;50px&#8221;][vc_masonry_media_grid gap=&#8221;20&#8243; item=&#8221;52&#8243; grid_id=&#8221;vc_gid:1776068631312-7c96032a-b35d-1&#8243; include=&#8221;2017,2022,2027&#8243;][vc_empty_space height=&#8221;12px&#8221;][vc_column_text]Paris has a wide array of parks and gardens, and it is always possible to find somewhere peaceful to relax and stroll about.<\/p>\n<p>Here are a few ideas for walks: discover the 10 themed gardens at the Parc de la Villette, which boasts 55 hectares of natural parkland!<br \/>\nJust a few minutes from the campsite, the Jardin d&#8217;Acclimatation in the heart of the Bois de Boulogne offers 19 ha of leisure activities, attractions, and entertainment for adults and children alike. You will also enjoy the numerous footpaths and cycle paths through the Bois de Boulogne, its gardens and its lakes. Or enjoy a relaxing day amidst the statues, ponds, and fountains of the Tuilerie gardens, visit the Luxembourg gardens, or stroll along Saint Martin&#8217;s canal and admire its locks and romantic bridges.[\/vc_column_text][vc_empty_space height=&#8221;24px&#8221;][vc_masonry_media_grid element_width=&#8221;6&#8243; gap=&#8221;20&#8243; item=&#8221;52&#8243; grid_id=&#8221;vc_gid:1776068631315-091f6882-7bd8-3&#8243; include=&#8221;1572,2012&#8243;]<\/div>[\/vc_column][\/vc_row][vc_row][vc_column]<div class=\"wrappedcontent\">[vc_column_text]<\/p>\n<h4 style=\"text-align: center;\"><span style=\"color: #333333;\">\u2014 <\/span>Leisure\u00a0<span style=\"color: #333333;\">\u2014<\/span><\/h4>\n<p>[\/vc_column_text][vc_empty_space height=&#8221;50px&#8221;][vc_masonry_media_grid gap=&#8221;20&#8243; item=&#8221;52&#8243; grid_id=&#8221;vc_gid:1776068631318-71c3b0d3-424c-1&#8243; include=&#8221;1987,1602,1957&#8243;][vc_empty_space height=&#8221;12px&#8221;][vc_column_text]Have fun and enjoy magical moments at one of Paris&#8217;s attraction parks: Disneyland Paris, the Sea Life Aquarium, the Asterix Park, and the Jardin d&#8217;Acclimatation at the entrance to the campsite in the heart of the Bois de Boulogne.[\/vc_column_text]<\/div>[\/vc_column][\/vc_row][vc_row css=&#8221;.vc_custom_1519832631399{background-color: #e8e8e8 !important;}&#8221;][vc_column]<div class=\"wrappedcontent\">[vc_column_text]<\/p>\n<h4 style=\"text-align: center;\"><span style=\"color: #333333;\">\u2014 <\/span>Enchantment<span style=\"color: #333333;\">\u00a0<\/span><span style=\"color: #333333;\">\u2014<\/span><\/h4>\n<p>[\/vc_column_text][vc_empty_space height=&#8221;50px&#8221;][vc_column_text]Mythical Paris, timeless Paris, monumental Paris, unique Paris, cosmopolitan Paris, popular Paris, fashionable Paris, artistic Paris\u2026 the city will enchant you with its many different facets.<\/p>\n<p>For more information on where to go out in Paris, find out <a href=\"https:\/\/en.parisinfo.com\/what-to-do-in-paris\" target=\"_blank\" rel=\"noopener noreferrer\"><span style=\"text-decoration: underline;\">here<\/span><\/a>.[\/vc_column_text][vc_column_text]Would you like to discover and visit a Parisan district in a whole new way? Discover the many facets of a Parisian district with a Parisian expert! Tourism with a human face based on encounters, sharing, authenticity, and conviviality![\/vc_column_text]<\/div>[\/vc_column][\/vc_row][vc_row][vc_column]<div class=\"wrappedcontent\">[vc_row_inner equal_height=&#8221;yes&#8221; gap=&#8221;15&#8243; css=&#8221;.vc_custom_1526373711243{margin-left: -0.5px !important;}&#8221;][vc_column_inner width=&#8221;1\/3&#8243; css=&#8221;.vc_custom_1526303150323{background-color: #e8e8e8 !important;}&#8221;][vc_icon icon_fontawesome=&#8221;far fa-map&#8221; color=&#8221;custom&#8221; size=&#8221;lg&#8221; align=&#8221;center&#8221; css=&#8221;.vc_custom_1676021954080{margin-bottom: -10px !important;padding-top: 15px !important;}&#8221; custom_color=&#8221;#e84e1b&#8221; link=&#8221;url:https%3A%2F%2Fmedia.huttopia.com%2Fdestinations%2Fparis%2Fplan-camping-citykamp-paris.pdf|target:_blank&#8221;][vc_column_text css=&#8221;.vc_custom_1676021961877{padding-top: 25px !important;padding-right: 15px !important;padding-bottom: 15px !important;padding-left: 15px !important;}&#8221;]<\/p>\n<p style=\"text-align: center;\"><a href=\"https:\/\/media.huttopia.com\/destinations\/paris\/plan-camping-citykamp-paris.pdf\" target=\"_blank\" rel=\"noopener noreferrer\"><strong>Campsite map<\/strong><\/a><\/p>\n<p>[\/vc_column_text][\/vc_column_inner][vc_column_inner width=&#8221;1\/3&#8243; css=&#8221;.vc_custom_1526303156886{background-color: #e8e8e8 !important;}&#8221;][vc_icon icon_fontawesome=&#8221;fa fa-calendar-check-o&#8221; color=&#8221;custom&#8221; size=&#8221;lg&#8221; align=&#8221;center&#8221; css=&#8221;.vc_custom_1526312508628{margin-bottom: -10px !important;padding-top: 15px !important;}&#8221; custom_color=&#8221;#e84e1b&#8221; link=&#8221;url:http%3A%2F%2Fcheckout.citykamp.com%2Fsite%2Fen%2F890||target:%20_blank|&#8221;][vc_column_text css=&#8221;.vc_custom_1526312523539{padding-top: 25px !important;padding-right: 15px !important;padding-bottom: 15px !important;padding-left: 15px !important;}&#8221;]<\/p>\n<p style=\"text-align: center;\"><a href=\"http:\/\/checkout.citykamp.com\/site\/en\/890\" target=\"_blank\" rel=\"noopener noreferrer\"><strong>Book your stay<\/strong><\/a><\/p>\n<p>[\/vc_column_text][\/vc_column_inner][vc_column_inner width=&#8221;1\/3&#8243; css=&#8221;.vc_custom_1526303163974{background-color: #e8e8e8 !important;}&#8221;][vc_icon icon_fontawesome=&#8221;fa fa-map-marker&#8221; color=&#8221;custom&#8221; size=&#8221;lg&#8221; align=&#8221;center&#8221; css=&#8221;.vc_custom_1526311281393{margin-bottom: -10px !important;padding-top: 15px !important;}&#8221; custom_color=&#8221;#e84e1b&#8221; link=&#8221;url:https%3A%2F%2Fgoo.gl%2Fmaps%2Fp33hs3bWVkQ2||target:%20_blank|&#8221;][vc_column_text css=&#8221;.vc_custom_1526311292626{padding-top: 25px !important;padding-right: 15px !important;padding-bottom: 15px !important;padding-left: 15px !important;}&#8221;]<\/p>\n<p style=\"text-align: center;\"><a href=\"https:\/\/goo.gl\/maps\/p33hs3bWVkQ2\" target=\"_blank\" rel=\"noopener noreferrer\"><strong>Route<\/strong><\/a><\/p>\n<p>[\/vc_column_text][\/vc_column_inner][\/vc_row_inner]<\/div>[\/vc_column][\/vc_row][vc_row css=&#8221;.vc_custom_1526373607144{background-color: #e8e8e8 !important;}&#8221;][vc_column]<div class=\"wrappedcontent\">[vc_column_text]<\/p>\n<h4>Photo gallery<\/h4>\n<p>[\/vc_column_text][vc_empty_space height=&#8221;18px&#8221;][vc_masonry_media_grid style=&#8221;load-more&#8221; items_per_page=&#8221;4&#8243; element_width=&#8221;3&#8243; gap=&#8221;10&#8243; item=&#8221;1053&#8243; btn_title=&#8221;SEE MORE&#8221; btn_style=&#8221;custom&#8221; btn_custom_background=&#8221;#e84e1b&#8221; btn_custom_text=&#8221;#ffffff&#8221; btn_shape=&#8221;square&#8221; btn_i_icon_fontawesome=&#8221;fa fa-camera&#8221; btn_add_icon=&#8221;true&#8221; grid_id=&#8221;vc_gid:1776068631325-1041b3fd-b642-8&#8243; include=&#8221;3087,3102,3117,3072,3077,3082,3092,3097,3107,3112&#8243;]<\/div>[vc_gmaps link=&#8221;#E-8_JTNDaWZyYW1lJTIwc3JjJTNEJTIyaHR0cHMlM0ElMkYlMkZ3d3cuZ29vZ2xlLmNvbSUyRm1hcHMlMkZlbWJlZCUzRnBiJTNEJTIxMW0xOCUyMTFtMTIlMjExbTMlMjExZDI2MjQuNDQ3ODU5MTMwNjAzMyUyMTJkMi4yMzI3MDU0MTU2NzQ3NjIlMjEzZDQ4Ljg2ODczODI3OTI4ODQ1JTIxMm0zJTIxMWYwJTIxMmYwJTIxM2YwJTIxM20yJTIxMWkxMDI0JTIxMmk3NjglMjE0ZjEzLjElMjEzbTMlMjExbTIlMjExczB4NDdlNjdiMmVhYTkxOTVhOSUyNTNBMHhiMTEwMzBiOTY4NmEzYjkwJTIxMnMyJTJCQWxsJTI1QzMlMjVBOWUlMkJkdSUyQkJvcmQlMkJkZSUyQmwlMjYlMjMzOSUzQkVhdSUyNTJDJTJCNzUwMTYlMkJQYXJpcyUyMTVlMCUyMTNtMiUyMTFzZnIlMjEyc2ZyJTIxNHYxNTE5ODMxNDM0ODgzJTIyJTIwd2lkdGglM0QlMjI2MDAlMjIlMjBoZWlnaHQlM0QlMjI0NTAlMjIlMjBmcmFtZWJvcmRlciUzRCUyMjAlMjIlMjBzdHlsZSUzRCUyMmJvcmRlciUzQTAlMjIlMjBhbGxvd2Z1bGxzY3JlZW4lM0UlM0MlMkZpZnJhbWUlM0U=&#8221;][\/vc_column][\/vc_row][vc_row css=&#8221;.vc_custom_1519835574469{background-color: #b5b5b5 !important;}&#8221;][vc_column]<div class=\"wrappedcontent\">[vc_row_inner css=&#8221;.vc_custom_1521458692030{margin-top: -30px !important;margin-bottom: -30px !important;}&#8221;][vc_column_inner width=&#8221;1\/6&#8243;][vc_icon type=&#8221;material&#8221; icon_material=&#8221;vc-material vc-material-local_parking&#8221; color=&#8221;white&#8221; align=&#8221;center&#8221; css=&#8221;.vc_custom_1519835673618{margin-top: -10px !important;margin-bottom: -10px !important;}&#8221;][vc_column_text]<\/p>\n<p style=\"text-align: center;\"><span style=\"color: #ffffff;\">Free parking<\/span><\/p>\n<p>[\/vc_column_text][\/vc_column_inner][vc_column_inner width=&#8221;1\/6&#8243;][vc_icon type=&#8221;typicons&#8221; icon_typicons=&#8221;typcn typcn-wi-fi&#8221; color=&#8221;white&#8221; align=&#8221;center&#8221; css=&#8221;.vc_custom_1519835760479{margin-top: -10px !important;margin-bottom: -10px !important;}&#8221;][vc_column_text]<\/p>\n<p style=\"text-align: center;\"><span style=\"color: #ffffff;\">Free Wifi<\/span><\/p>\n<p>[\/vc_column_text][\/vc_column_inner][vc_column_inner width=&#8221;1\/6&#8243;][vc_icon type=&#8221;entypo&#8221; icon_entypo=&#8221;entypo-icon entypo-icon-back-in-time&#8221; color=&#8221;white&#8221; align=&#8221;center&#8221; css=&#8221;.vc_custom_1519835770523{margin-top: -10px !important;margin-bottom: -10px !important;}&#8221;][vc_column_text]<\/p>\n<p style=\"text-align: center;\"><span style=\"color: #ffffff;\">Reception open 7 days a week<\/span><\/p>\n<p>[\/vc_column_text][\/vc_column_inner][vc_column_inner width=&#8221;1\/6&#8243;][vc_icon icon_fontawesome=&#8221;fa fa-globe&#8221; color=&#8221;white&#8221; align=&#8221;center&#8221; css=&#8221;.vc_custom_1519835786965{margin-top: -10px !important;margin-bottom: -10px !important;}&#8221;][vc_column_text]<\/p>\n<p style=\"text-align: center;\"><span style=\"color: #ffffff;\">Multilingual<\/span><\/p>\n<p>[\/vc_column_text][\/vc_column_inner][vc_column_inner width=&#8221;1\/6&#8243;][vc_icon icon_fontawesome=&#8221;fa fa-bed&#8221; color=&#8221;white&#8221; align=&#8221;center&#8221; css=&#8221;.vc_custom_1519835802156{margin-top: -10px !important;margin-bottom: -10px !important;}&#8221;][vc_column_text]<\/p>\n<p style=\"text-align: center;\"><span style=\"color: #ffffff;\">Hotel package<\/span><\/p>\n<p>[\/vc_column_text][\/vc_column_inner][vc_column_inner width=&#8221;1\/6&#8243;][vc_icon icon_fontawesome=&#8221;fa fa-lock&#8221; color=&#8221;white&#8221; align=&#8221;center&#8221; css=&#8221;.vc_custom_1519835828011{margin-top: -10px !important;margin-bottom: -10px !important;}&#8221;][vc_column_text]<\/p>\n<p style=\"text-align: center;\"><span style=\"color: #ffffff;\">Secure payment<\/span><\/p>\n<p>[\/vc_column_text][\/vc_column_inner][\/vc_row_inner]<\/div>[\/vc_column][\/vc_row]<\/p>\n<\/div>","protected":false},"excerpt":{"rendered":"<p>[vc_row][vc_column][vc_single_image image=&#8221;7333&#8243; img_size=&#8221;1900&#215;500&#8243; alignment=&#8221;center&#8221;][\/vc_column][\/vc_row][vc_row][vc_column][\/vc_column][\/vc_row][vc_row css=&#8221;.vc_custom_1519832631399{background-color: #e8e8e8 !important;}&#8221;][vc_column][\/vc_column][\/vc_row][vc_row][vc_column][\/vc_column][\/vc_row][vc_row css=&#8221;.vc_custom_1519832631399{background-color: #e8e8e8 !important;}&#8221;][vc_column][\/vc_column][\/vc_row][vc_row][vc_column][\/vc_column][\/vc_row][vc_row css=&#8221;.vc_custom_1519832631399{background-color: #e8e8e8 !important;}&#8221;][vc_column][\/vc_column][\/vc_row][vc_row][vc_column][\/vc_column][\/vc_row][vc_row css=&#8221;.vc_custom_1526373607144{background-color: #e8e8e8 !important;}&#8221;][vc_column][vc_gmaps link=&#8221;#E-8_JTNDaWZyYW1lJTIwc3JjJTNEJTIyaHR0cHMlM0ElMkYlMkZ3d3cuZ29vZ2xlLmNvbSUyRm1hcHMlMkZlbWJlZCUzRnBiJTNEJTIxMW0xOCUyMTFtMTIlMjExbTMlMjExZDI2MjQuNDQ3ODU5MTMwNjAzMyUyMTJkMi4yMzI3MDU0MTU2NzQ3NjIlMjEzZDQ4Ljg2ODczODI3OTI4ODQ1JTIxMm0zJTIxMWYwJTIxMmYwJTIxM2YwJTIxM20yJTIxMWkxMDI0JTIxMmk3NjglMjE0ZjEzLjElMjEzbTMlMjExbTIlMjExczB4NDdlNjdiMmVhYTkxOTVhOSUyNTNBMHhiMTEwMzBiOTY4NmEzYjkwJTIxMnMyJTJCQWxsJTI1QzMlMjVBOWUlMkJkdSUyQkJvcmQlMkJkZSUyQmwlMjYlMjMzOSUzQkVhdSUyNTJDJTJCNzUwMTYlMkJQYXJpcyUyMTVlMCUyMTNtMiUyMTFzZnIlMjEyc2ZyJTIxNHYxNTE5ODMxNDM0ODgzJTIyJTIwd2lkdGglM0QlMjI2MDAlMjIlMjBoZWlnaHQlM0QlMjI0NTAlMjIlMjBmcmFtZWJvcmRlciUzRCUyMjAlMjIlMjBzdHlsZSUzRCUyMmJvcmRlciUzQTAlMjIlMjBhbGxvd2Z1bGxzY3JlZW4lM0UlM0MlMkZpZnJhbWUlM0U=&#8221;][\/vc_column][\/vc_row][vc_row css=&#8221;.vc_custom_1519835574469{background-color: #b5b5b5 !important;}&#8221;][vc_column][\/vc_column][\/vc_row]<\/p>\n","protected":false},"author":1,"featured_media":0,"parent":0,"menu_order":0,"comment_status":"closed","ping_status":"closed","template":"","meta":{"footnotes":""},"class_list":["post-349","page","type-page","status-publish","hentry"],"yoast_head":"<!-- This site is optimized with the Yoast SEO plugin v25.6 - https:\/\/yoast.com\/wordpress\/plugins\/seo\/ -->\n<title>Explore the capital from Camping de Paris \u2013 Easy access<\/title>\n<meta name=\"description\" content=\"Discover the region and the city of Paris and its unique neighborhoods! Its gardens, its monuments ... A city of history and charm, near the campsite. Explore also the Bois de Boulogne, its lakes and greenery.\" \/>\n<meta name=\"robots\" content=\"index, follow, max-snippet:-1, max-image-preview:large, max-video-preview:-1\" \/>\n<link rel=\"canonical\" href=\"https:\/\/www.campingparis.fr\/en\/region\/\" \/>\n<meta property=\"og:locale\" content=\"en_US\" \/>\n<meta property=\"og:type\" content=\"article\" \/>\n<meta property=\"og:title\" content=\"Explore the capital from Camping de Paris \u2013 Easy access\" \/>\n<meta property=\"og:description\" content=\"Discover the region and the city of Paris and its unique neighborhoods! Its gardens, its monuments ... A city of history and charm, near the campsite. Explore also the Bois de Boulogne, its lakes and greenery.\" \/>\n<meta property=\"og:url\" content=\"https:\/\/www.campingparis.fr\/en\/region\/\" \/>\n<meta property=\"og:site_name\" content=\"Camping de Paris\" \/>\n<meta property=\"article:modified_time\" content=\"2026-04-13T08:25:33+00:00\" \/>\n<meta name=\"twitter:card\" content=\"summary_large_image\" \/>\n<meta name=\"twitter:label1\" content=\"Est. reading time\" \/>\n\t<meta name=\"twitter:data1\" content=\"10 minutes\" \/>\n<script type=\"application\/ld+json\" class=\"yoast-schema-graph\">{\"@context\":\"https:\/\/schema.org\",\"@graph\":[{\"@type\":\"WebPage\",\"@id\":\"https:\/\/www.campingparis.fr\/en\/region\/\",\"url\":\"https:\/\/www.campingparis.fr\/en\/region\/\",\"name\":\"Explore the capital from Camping de Paris \u2013 Easy access\",\"isPartOf\":{\"@id\":\"https:\/\/www.campingparis.fr\/en\/#website\"},\"datePublished\":\"2018-02-26T14:02:53+00:00\",\"dateModified\":\"2026-04-13T08:25:33+00:00\",\"description\":\"Discover the region and the city of Paris and its unique neighborhoods! Its gardens, its monuments ... A city of history and charm, near the campsite. Explore also the Bois de Boulogne, its lakes and greenery.\",\"breadcrumb\":{\"@id\":\"https:\/\/www.campingparis.fr\/en\/region\/#breadcrumb\"},\"inLanguage\":\"en-US\",\"potentialAction\":[{\"@type\":\"ReadAction\",\"target\":[\"https:\/\/www.campingparis.fr\/en\/region\/\"]}]},{\"@type\":\"BreadcrumbList\",\"@id\":\"https:\/\/www.campingparis.fr\/en\/region\/#breadcrumb\",\"itemListElement\":[{\"@type\":\"ListItem\",\"position\":1,\"name\":\"Accueil\",\"item\":\"https:\/\/www.campingparis.fr\/en\/\"},{\"@type\":\"ListItem\",\"position\":2,\"name\":\"Region\"}]},{\"@type\":\"WebSite\",\"@id\":\"https:\/\/www.campingparis.fr\/en\/#website\",\"url\":\"https:\/\/www.campingparis.fr\/en\/\",\"name\":\"Camping de Paris\",\"description\":\"Un site utilisant Citykamp\",\"potentialAction\":[{\"@type\":\"SearchAction\",\"target\":{\"@type\":\"EntryPoint\",\"urlTemplate\":\"https:\/\/www.campingparis.fr\/en\/?s={search_term_string}\"},\"query-input\":{\"@type\":\"PropertyValueSpecification\",\"valueRequired\":true,\"valueName\":\"search_term_string\"}}],\"inLanguage\":\"en-US\"}]}<\/script>\n<!-- \/ Yoast SEO plugin. -->","yoast_head_json":{"title":"Explore the capital from Camping de Paris \u2013 Easy access","description":"Discover the region and the city of Paris and its unique neighborhoods! Its gardens, its monuments ... A city of history and charm, near the campsite. Explore also the Bois de Boulogne, its lakes and greenery.","robots":{"index":"index","follow":"follow","max-snippet":"max-snippet:-1","max-image-preview":"max-image-preview:large","max-video-preview":"max-video-preview:-1"},"canonical":"https:\/\/www.campingparis.fr\/en\/region\/","og_locale":"en_US","og_type":"article","og_title":"Explore the capital from Camping de Paris \u2013 Easy access","og_description":"Discover the region and the city of Paris and its unique neighborhoods! Its gardens, its monuments ... A city of history and charm, near the campsite. Explore also the Bois de Boulogne, its lakes and greenery.","og_url":"https:\/\/www.campingparis.fr\/en\/region\/","og_site_name":"Camping de Paris","article_modified_time":"2026-04-13T08:25:33+00:00","twitter_card":"summary_large_image","twitter_misc":{"Est. reading time":"10 minutes"},"schema":{"@context":"https:\/\/schema.org","@graph":[{"@type":"WebPage","@id":"https:\/\/www.campingparis.fr\/en\/region\/","url":"https:\/\/www.campingparis.fr\/en\/region\/","name":"Explore the capital from Camping de Paris \u2013 Easy access","isPartOf":{"@id":"https:\/\/www.campingparis.fr\/en\/#website"},"datePublished":"2018-02-26T14:02:53+00:00","dateModified":"2026-04-13T08:25:33+00:00","description":"Discover the region and the city of Paris and its unique neighborhoods! Its gardens, its monuments ... A city of history and charm, near the campsite. Explore also the Bois de Boulogne, its lakes and greenery.","breadcrumb":{"@id":"https:\/\/www.campingparis.fr\/en\/region\/#breadcrumb"},"inLanguage":"en-US","potentialAction":[{"@type":"ReadAction","target":["https:\/\/www.campingparis.fr\/en\/region\/"]}]},{"@type":"BreadcrumbList","@id":"https:\/\/www.campingparis.fr\/en\/region\/#breadcrumb","itemListElement":[{"@type":"ListItem","position":1,"name":"Accueil","item":"https:\/\/www.campingparis.fr\/en\/"},{"@type":"ListItem","position":2,"name":"Region"}]},{"@type":"WebSite","@id":"https:\/\/www.campingparis.fr\/en\/#website","url":"https:\/\/www.campingparis.fr\/en\/","name":"Camping de Paris","description":"Un site utilisant Citykamp","potentialAction":[{"@type":"SearchAction","target":{"@type":"EntryPoint","urlTemplate":"https:\/\/www.campingparis.fr\/en\/?s={search_term_string}"},"query-input":{"@type":"PropertyValueSpecification","valueRequired":true,"valueName":"search_term_string"}}],"inLanguage":"en-US"}]}},"_links":{"self":[{"href":"https:\/\/www.campingparis.fr\/en\/wp-json\/wp\/v2\/pages\/349","targetHints":{"allow":["GET"]}}],"collection":[{"href":"https:\/\/www.campingparis.fr\/en\/wp-json\/wp\/v2\/pages"}],"about":[{"href":"https:\/\/www.campingparis.fr\/en\/wp-json\/wp\/v2\/types\/page"}],"author":[{"embeddable":true,"href":"https:\/\/www.campingparis.fr\/en\/wp-json\/wp\/v2\/users\/1"}],"replies":[{"embeddable":true,"href":"https:\/\/www.campingparis.fr\/en\/wp-json\/wp\/v2\/comments?post=349"}],"version-history":[{"count":5,"href":"https:\/\/www.campingparis.fr\/en\/wp-json\/wp\/v2\/pages\/349\/revisions"}],"predecessor-version":[{"id":8537,"href":"https:\/\/www.campingparis.fr\/en\/wp-json\/wp\/v2\/pages\/349\/revisions\/8537"}],"wp:attachment":[{"href":"https:\/\/www.campingparis.fr\/en\/wp-json\/wp\/v2\/media?parent=349"}],"curies":[{"name":"wp","href":"https:\/\/api.w.org\/{rel}","templated":true}]}}