{"id":5727,"date":"2022-02-08T11:44:50","date_gmt":"2022-02-08T10:44:50","guid":{"rendered":"https:\/\/www.campingparis.fr\/?page_id=5727"},"modified":"2026-05-12T17:53:37","modified_gmt":"2026-05-12T15:53:37","slug":"mon-sejour","status":"publish","type":"page","link":"https:\/\/www.campingparis.fr\/en\/mon-sejour\/","title":{"rendered":"Mon s\u00e9jour"},"content":{"rendered":"<div class=\"wpb-content-wrapper\"><p>[vc_row css=&#8221;.vc_custom_1704706311448{background-color: rgba(232,78,27,0.2) !important;*background-color: rgb(232,78,27) !important;}&#8221;][vc_column]<div class=\"wrappedcontent\">[vc_empty_space height=&#8221;40px&#8221;][vc_column_text]<\/p>\n<h1 style=\"text-align: center;\"><span style=\"font-size: 24pt;\"><strong>ALL THE PRACTICAL INFORMATION YOU NEED<br \/>\nBEFORE YOUR STAY<br \/>\n<\/strong><\/span><\/h1>\n<p>[\/vc_column_text]<\/div>[\/vc_column][\/vc_row][vc_row][vc_column]<div class=\"wrappedcontent\">[vc_row_inner equal_height=&#8221;yes&#8221; gap=&#8221;35&#8243; css=&#8221;.vc_custom_1644315875476{margin-left: 0px !important;}&#8221;][vc_column_inner width=&#8221;1\/2&#8243;][vc_single_image image=&#8221;7652&#8243; img_size=&#8221;71*71&#8243; alignment=&#8221;center&#8221;][vc_empty_space height=&#8221;35px&#8221;][vc_column_text]<\/p>\n<h2 style=\"text-align: center;\"><strong><span style=\"color: #e94e1b;\"><span style=\"font-size: 26.6667px;\">My stay on<br \/>\na pitch<\/span><\/span><\/strong><\/h2>\n<p>[\/vc_column_text][vc_empty_space height=&#8221;35px&#8221;][vc_column_text css=&#8221;&#8221;]<\/p>\n<p style=\"text-align: left;\"><span style=\"font-size: 14pt;\">What\u2019s included in my <strong>CAMPING PACKAGE<\/strong>: <\/span><\/p>\n<ul>\n<li>2 people<\/li>\n<li>1 set of camping equipment (tent or caravan)<\/li>\n<li>1 vehicle (1 car or motorbike) OR 1 motorhome\/camper van (maximum length 8.5 metres)<\/li>\n<li>Motorhome service area<\/li>\n<li>Wifi<\/li>\n<\/ul>\n<p><em><span style=\"font-size: 12pt;\">At additional cost:<\/span><\/em><\/p>\n<ul>\n<li>Electricity<\/li>\n<li>Electric hook-up<\/li>\n<li>Up to 6 people (adults, children and babies) per pitch<\/li>\n<li>1 pet maximum allowed<\/li>\n<li>1 small additional tent (2m x 2m)<\/li>\n<li>Pitch selection fee (Book a specific pitch number)<\/li>\n<\/ul>\n<p>&nbsp;<\/p>\n<p><span style=\"font-size: 14pt;\"><strong>Terms of Payment<\/strong><\/span><\/p>\n<ul>\n<li>For <em>3 nights or more<\/em>: 40% deposit upon booking, pay the remainder one month before arrival.<\/li>\n<li>For <em>1 or 2 nights<\/em>, 100% of the cost of the stay upon booking.<\/li>\n<\/ul>\n<p><strong>Changes to your booking<\/strong>: up to <em>30 days before your stay<\/em> for a fee of \u20ac50<br \/>\n<strong>Cancellation<\/strong>: up to <em>30 days<\/em> with booking fee: deposit of 40% of the total cost of the stay + insurance policy + booking fee. After <em>D-30<\/em>, the stay is non-refundable.<\/p>\n<p>&nbsp;<\/p>\n<p><span style=\"font-size: 14pt;\"><strong>Check in and check out times<\/strong><\/span><\/p>\n<ul>\n<li>Check in time: 2 pm<\/li>\n<li>Check out time: 12 noon<\/li>\n<\/ul>\n<p>[\/vc_column_text][\/vc_column_inner][vc_column_inner width=&#8221;1\/2&#8243;][vc_single_image image=&#8221;7658&#8243; img_size=&#8221;71*71&#8243; alignment=&#8221;center&#8221;][vc_empty_space height=&#8221;35px&#8221;][vc_column_text]<\/p>\n<h2 style=\"text-align: center;\"><strong><span style=\"color: #e94e1b;\"><span style=\"font-size: 26.6667px;\">My stay in<br \/>\nrental accommodation<\/span><\/span><\/strong><\/h2>\n<p>[\/vc_column_text][vc_empty_space height=&#8221;35px&#8221;][vc_column_text css=&#8221;&#8221;]<span style=\"font-size: 14pt;\">What\u2019s included in my <strong>ACCOMMODATION<\/strong>:<\/span><\/p>\n<ul>\n<li>Sheets and towels<\/li>\n<li>Beds made upon arrival (except tents)<\/li>\n<li>Cleaning kit (sponge, washing up liquid, multi-purpose cleaning product)<\/li>\n<li>TV* and Wifi<\/li>\n<li>Electricity<\/li>\n<li>1 vehicle (car or mini van)<\/li>\n<\/ul>\n<p><em><span style=\"font-size: 12pt;\">At additional cost:<\/span><\/em><\/p>\n<ul>\n<li>1 pet maximum allowed<\/li>\n<li>End of stay cleaning service<\/li>\n<li>Accommodation selection fee (Book a specific accommodation number)<\/li>\n<\/ul>\n<p>&nbsp;<\/p>\n<p><span style=\"font-size: 14pt;\"><strong>Terms of Payment<\/strong><\/span><\/p>\n<ul>\n<li>40% deposit upon booking, payment of the balance one month before arrival.<\/li>\n<\/ul>\n<p><strong>Changes to your booking<\/strong>: up to <em>30 days before your stay<\/em> for a fee of \u20ac50<br \/>\n<strong>Cancellation<\/strong>: up to <em>30 days<\/em> with booking fee: deposit of 40% of the total cost of the stay + insurance policy + booking fee. After <em>D-30<\/em>, the stay is non-refundable.<\/p>\n<p>&nbsp;<\/p>\n<p><span style=\"font-size: 14pt;\"><strong>Check in and check out times<\/strong><\/span><\/p>\n<ul>\n<li><span style=\"font-size: 12pt;\">Check in time: 3 pm<\/span><\/li>\n<li><span style=\"font-size: 12pt;\">Check out time: 10 am<\/span><\/li>\n<\/ul>\n<p><em>*except in wood &amp; canvas tents.<\/em>[\/vc_column_text][\/vc_column_inner][\/vc_row_inner][vc_column_text]<em>For the peace and quiet of our sites, only one vehicle is allowed to park inside the campsite (in the car park or on the pitch). All additional vehicles must park outside.<\/em>[\/vc_column_text]<\/div>[\/vc_column][\/vc_row][vc_row css=&#8221;.vc_custom_1704729054321{background-color: rgba(232,78,27,0.2) !important;*background-color: rgb(232,78,27) !important;}&#8221;][vc_column]<div class=\"wrappedcontent\">[vc_column_text]<\/p>\n<p style=\"text-align: center;\"><span style=\"color: #000000; font-size: 18pt;\"><strong>IF YOU ARRIVE LATE AT NIGHT<\/strong><\/span><\/p>\n<div class=\"ewa-rteLine\" style=\"text-align: center;\"><span style=\"font-size: 12pt;\">A night attendant will be on duty to greet you.<br \/>\nAn intercom is provided for guests to call the attendant.<\/span><\/div>\n<div class=\"ewa-rteLine\" style=\"text-align: center;\">\n<p><span style=\"font-size: 12pt;\"><em>Cut-off times:<\/em><\/span><\/p>\n<\/div>\n<div><span style=\"font-size: 12pt;\"><em>&#8211; From <strong>28 June to 1 September<\/strong> and during the <strong>long bank holiday weekends in May<\/strong>, applies to all arrivals after 11pm.<br \/>\n&#8211; The <strong>rest of the year<\/strong>, to all arrivals after 9pm.<\/em><\/span><\/div>\n<p>[\/vc_column_text]<\/div>[\/vc_column][\/vc_row][vc_row][vc_column]<div class=\"wrappedcontent\">[vc_column_text]<\/p>\n<p style=\"text-align: center;\"><span style=\"font-size: 18pt; color: #e94e1b;\"><strong>ADDITIONAL SERVICES<\/strong><\/span><\/p>\n<p>[\/vc_column_text][vc_empty_space height=&#8221;35px&#8221;][vc_row_inner][vc_column_inner width=&#8221;1\/5&#8243;][vc_single_image image=&#8221;6797&#8243; img_size=&#8221;71*71&#8243; alignment=&#8221;center&#8221;][vc_empty_space][vc_column_text]<\/p>\n<p style=\"text-align: center;\"><strong>Beds made<br \/>\nupon arrival<\/strong><\/p>\n<p>[\/vc_column_text][\/vc_column_inner][vc_column_inner width=&#8221;1\/5&#8243;][vc_single_image image=&#8221;8154&#8243; img_size=&#8221;71*71&#8243; alignment=&#8221;center&#8221; css=&#8221;&#8221;][vc_empty_space][vc_column_text css=&#8221;&#8221;]<\/p>\n<p style=\"text-align: center;\"><strong>BBQ\u00a0hire<\/strong><\/p>\n<p>[\/vc_column_text][\/vc_column_inner][vc_column_inner width=&#8221;1\/5&#8243;][vc_single_image image=&#8221;7742&#8243; img_size=&#8221;71*71&#8243; alignment=&#8221;center&#8221;][vc_empty_space][vc_column_text]<\/p>\n<p style=\"text-align: center;\"><strong>Baby kit<br \/>\n(travel cot + high chair)<\/strong><\/p>\n<p>[\/vc_column_text][\/vc_column_inner][vc_column_inner width=&#8221;1\/5&#8243;][vc_single_image image=&#8221;7748&#8243; img_size=&#8221;71*71&#8243; alignment=&#8221;center&#8221;][vc_empty_space][vc_column_text]<\/p>\n<p style=\"text-align: center;\"><strong>Laundry<\/strong><\/p>\n<p>[\/vc_column_text][\/vc_column_inner][vc_column_inner width=&#8221;1\/5&#8243;][vc_single_image image=&#8221;7754&#8243; img_size=&#8221;71*71&#8243; alignment=&#8221;center&#8221;][vc_empty_space][vc_column_text]<\/p>\n<p style=\"text-align: center;\"><strong>End of stay cleaning<\/strong><\/p>\n<p>[\/vc_column_text][\/vc_column_inner][\/vc_row_inner][vc_empty_space height=&#8221;35px&#8221;]<div class=\"text-center btnwrap\"><a class=\"btn btn-huttopia-cta\" href=\"http:\/\/checkout.citykamp.com\/site\/en\/890\" role=\"button\" target=\"\" onclick=\"dataLayer.push({'event':'clickCity', 'clickText':'Book your stay'})\">Book your stay<\/a><\/div><\/div>[\/vc_column][\/vc_row][vc_row css=&#8221;.vc_custom_1704892988087{background-color: rgba(232,78,27,0.2) !important;*background-color: rgb(232,78,27) !important;}&#8221;][vc_column]<div class=\"wrappedcontent\">[vc_row_inner equal_height=&#8221;yes&#8221; gap=&#8221;35&#8243;][vc_column_inner width=&#8221;1\/3&#8243;][vc_masonry_media_grid element_width=&#8221;12&#8243; gap=&#8221;0&#8243; grid_id=&#8221;vc_gid:1778601179860-1fecd3de-557a-6&#8243; include=&#8221;5711&#8243;][\/vc_column_inner][vc_column_inner width=&#8221;2\/3&#8243;][vc_column_text]<span style=\"color: #000000;\"><strong><span style=\"font-size: 16pt;\">ANIMALS ARE WELCOME!<\/span><\/strong><\/span><\/p>\n<p><span style=\"font-size: 14pt;\">We accept one animal per pitch or accommodation.<br \/>\nThey must be kept on a lead and vaccinated.<\/span>[\/vc_column_text][\/vc_column_inner][\/vc_row_inner]<\/div>[\/vc_column][\/vc_row][vc_row][vc_column]<div class=\"wrappedcontent\">[vc_row_inner equal_height=&#8221;yes&#8221; gap=&#8221;35&#8243; css=&#8221;.vc_custom_1644317979794{margin-left: 0px !important;}&#8221;][vc_column_inner width=&#8221;1\/3&#8243;][vc_masonry_media_grid element_width=&#8221;12&#8243; gap=&#8221;0&#8243; grid_id=&#8221;vc_gid:1778601179861-eebb0811-907c-6&#8243; include=&#8221;6510&#8243;][\/vc_column_inner][vc_column_inner width=&#8221;2\/3&#8243;][vc_column_text css=&#8221;&#8221;]<\/p>\n<h2><span style=\"color: #e94e1b;\">CAMPING CARD<\/span><\/h2>\n<p><span style=\"font-size: 12pt;\">Camp from <span style=\"color: #e84e1b;\"><strong>\u20ac15<\/strong><\/span>* per night with the <a href=\"https:\/\/www.citykamp.com\/en\/camping-card\/\"><span style=\"text-decoration: underline;\"><span style=\"color: #e84e1b;\">Camping Card<\/span><\/span><\/a>\u00a0Huttopia.<\/span><br \/>\n<span style=\"font-size: 12pt;\">Take advantage of reduced prices and free nights during the early and late season, at all the <span style=\"text-decoration: underline; color: #e94e1b;\"><a style=\"color: #e94e1b; text-decoration: underline;\" href=\"https:\/\/www.citykamp.com\/en\/destinations\/\">Citykamp<\/a><\/span> campsites<span style=\"text-decoration: underline;\">,<\/span> <span style=\"text-decoration: underline; color: #e94e1b;\"><a style=\"color: #e94e1b; text-decoration: underline;\" href=\"https:\/\/www.onlycamp.fr\/en\/\">Onlycamp<\/a><\/span> en <span style=\"text-decoration: underline; color: #e94e1b;\"><a style=\"color: #e94e1b; text-decoration: underline;\" href=\"https:\/\/europe.huttopia.com\/en\/destinations\/campings\/\">Huttopia campsites<\/a><\/span>.<\/span><\/p>\n<p><em><span style=\"font-size: 10pt;\">*Price including 1 pitch for 2 people with electricity (+ 1 pet)<\/span><\/em>[\/vc_column_text][vc_empty_space]<div class=\" btnwrap\"><a class=\"btn btn-huttopia-cta\" href=\"https:\/\/www.citykamp.com\/en\/camping-card\/\" role=\"button\" target=\"true\" onclick=\"dataLayer.push({'event':'clickCity', 'clickText':'I'M IN'})\">I'M IN<\/a><\/div>[\/vc_column_inner][\/vc_row_inner]<\/div>[\/vc_column][\/vc_row][vc_row css=&#8221;.vc_custom_1704895871002{background-color: rgba(232,78,27,0.2) !important;*background-color: rgb(232,78,27) !important;}&#8221;][vc_column]<div class=\"wrappedcontent\">[vc_row_inner][vc_column_inner width=&#8221;1\/3&#8243;][vc_single_image image=&#8221;7767&#8243; img_size=&#8221;71*71&#8243; alignment=&#8221;center&#8221;][vc_empty_space][vc_column_text css=&#8221;&#8221;]<\/p>\n<p style=\"text-align: center;\"><span style=\"font-size: 14pt; color: #000000;\"><strong>BOOKING FEES<\/strong><\/span><\/p>\n<p style=\"text-align: center;\"><span style=\"color: #000000;\"><strong>Pitches: <\/strong>\u20ac26 from 04\/04 to 26\/09, then free outside these dates.<strong><br \/>\nAccommodations: <\/strong>\u20ac26 all year round.<\/span><\/p>\n<p>[\/vc_column_text][\/vc_column_inner][vc_column_inner width=&#8221;1\/3&#8243;][vc_single_image image=&#8221;7135&#8243; img_size=&#8221;71*71&#8243; alignment=&#8221;center&#8221;][vc_empty_space][vc_column_text css=&#8221;&#8221;]<\/p>\n<p style=\"text-align: center;\"><span style=\"font-size: 14pt; color: #000000;\"><strong>CANCELLATION INSURANCE<\/strong><\/span><\/p>\n<p style=\"text-align: center;\"><span style=\"color: #000000;\">Cancellation and interruption of stay insurance<br \/>\n5% of the total cost of your stay (excluding booking fees and tourist tax).<\/span><\/p>\n<p>[\/vc_column_text][\/vc_column_inner][vc_column_inner width=&#8221;1\/3&#8243;][vc_single_image image=&#8221;6803&#8243; img_size=&#8221;71*71&#8243; alignment=&#8221;center&#8221;][vc_empty_space][vc_column_text]<\/p>\n<p style=\"text-align: center;\"><span style=\"font-size: 14pt; color: #000000;\"><strong>RATES FOR ADDITIONAL SERVICES<\/strong><\/span><\/p>\n<p style=\"text-align: center;\"><span style=\"color: #000000;\"><a style=\"color: #000000;\" href=\"https:\/\/media.huttopia.com\/tarifs-annexes-citykamp-en.pdf\" target=\"_blank\" rel=\"noopener noreferrer\"><u>View the rates for additional services<\/u><\/a><\/span><\/p>\n<p>[\/vc_column_text][\/vc_column_inner][\/vc_row_inner]<\/div>[\/vc_column][\/vc_row]<\/p>\n<\/div>","protected":false},"excerpt":{"rendered":"<p>[vc_row css=&#8221;.vc_custom_1704706311448{background-color: rgba(232,78,27,0.2) !important;*background-color: rgb(232,78,27) !important;}&#8221;][vc_column][\/vc_column][\/vc_row][vc_row][vc_column][\/vc_column][\/vc_row][vc_row css=&#8221;.vc_custom_1704729054321{background-color: rgba(232,78,27,0.2) !important;*background-color: rgb(232,78,27) !important;}&#8221;][vc_column][\/vc_column][\/vc_row][vc_row][vc_column][\/vc_column][\/vc_row][vc_row css=&#8221;.vc_custom_1704892988087{background-color: rgba(232,78,27,0.2) !important;*background-color: rgb(232,78,27) !important;}&#8221;][vc_column][\/vc_column][\/vc_row][vc_row][vc_column][\/vc_column][\/vc_row][vc_row css=&#8221;.vc_custom_1704895871002{background-color: rgba(232,78,27,0.2) !important;*background-color: rgb(232,78,27) !important;}&#8221;][vc_column][\/vc_column][\/vc_row]<\/p>\n","protected":false},"author":1,"featured_media":0,"parent":0,"menu_order":0,"comment_status":"closed","ping_status":"closed","template":"","meta":{"footnotes":""},"class_list":["post-5727","page","type-page","status-publish","hentry"],"yoast_head":"<!-- This site is optimized with the Yoast SEO plugin v25.6 - https:\/\/yoast.com\/wordpress\/plugins\/seo\/ -->\n<title>Informations pratiques sur votre s\u00e9jour au Camping de Paris<\/title>\n<meta name=\"description\" content=\"Toutes les informations pratiques avant votre s\u00e9jour au Camping de Paris : ce qui est inclus, modalit\u00e9s de r\u00e8glement.\" \/>\n<meta name=\"robots\" content=\"index, follow, max-snippet:-1, max-image-preview:large, max-video-preview:-1\" \/>\n<link rel=\"canonical\" href=\"https:\/\/www.campingparis.fr\/en\/mon-sejour\/\" \/>\n<meta property=\"og:locale\" content=\"en_US\" \/>\n<meta property=\"og:type\" content=\"article\" \/>\n<meta property=\"og:title\" content=\"Informations pratiques sur votre s\u00e9jour au Camping de Paris\" \/>\n<meta property=\"og:description\" content=\"Toutes les informations pratiques avant votre s\u00e9jour au Camping de Paris : ce qui est inclus, modalit\u00e9s de r\u00e8glement.\" \/>\n<meta property=\"og:url\" content=\"https:\/\/www.campingparis.fr\/en\/mon-sejour\/\" \/>\n<meta property=\"og:site_name\" content=\"Camping de Paris\" \/>\n<meta property=\"article:modified_time\" content=\"2026-05-12T15:53:37+00:00\" \/>\n<meta name=\"twitter:card\" content=\"summary_large_image\" \/>\n<meta name=\"twitter:label1\" content=\"Est. reading time\" \/>\n\t<meta name=\"twitter:data1\" content=\"6 minutes\" \/>\n<script type=\"application\/ld+json\" class=\"yoast-schema-graph\">{\"@context\":\"https:\/\/schema.org\",\"@graph\":[{\"@type\":\"WebPage\",\"@id\":\"https:\/\/www.campingparis.fr\/en\/mon-sejour\/\",\"url\":\"https:\/\/www.campingparis.fr\/en\/mon-sejour\/\",\"name\":\"Informations pratiques sur votre s\u00e9jour au Camping de Paris\",\"isPartOf\":{\"@id\":\"https:\/\/www.campingparis.fr\/en\/#website\"},\"datePublished\":\"2022-02-08T10:44:50+00:00\",\"dateModified\":\"2026-05-12T15:53:37+00:00\",\"description\":\"Toutes les informations pratiques avant votre s\u00e9jour au Camping de Paris : ce qui est inclus, modalit\u00e9s de r\u00e8glement.\",\"breadcrumb\":{\"@id\":\"https:\/\/www.campingparis.fr\/en\/mon-sejour\/#breadcrumb\"},\"inLanguage\":\"en-US\",\"potentialAction\":[{\"@type\":\"ReadAction\",\"target\":[\"https:\/\/www.campingparis.fr\/en\/mon-sejour\/\"]}]},{\"@type\":\"BreadcrumbList\",\"@id\":\"https:\/\/www.campingparis.fr\/en\/mon-sejour\/#breadcrumb\",\"itemListElement\":[{\"@type\":\"ListItem\",\"position\":1,\"name\":\"Accueil\",\"item\":\"https:\/\/www.campingparis.fr\/en\/\"},{\"@type\":\"ListItem\",\"position\":2,\"name\":\"Mon s\u00e9jour\"}]},{\"@type\":\"WebSite\",\"@id\":\"https:\/\/www.campingparis.fr\/en\/#website\",\"url\":\"https:\/\/www.campingparis.fr\/en\/\",\"name\":\"Camping de Paris\",\"description\":\"Un site utilisant Citykamp\",\"potentialAction\":[{\"@type\":\"SearchAction\",\"target\":{\"@type\":\"EntryPoint\",\"urlTemplate\":\"https:\/\/www.campingparis.fr\/en\/?s={search_term_string}\"},\"query-input\":{\"@type\":\"PropertyValueSpecification\",\"valueRequired\":true,\"valueName\":\"search_term_string\"}}],\"inLanguage\":\"en-US\"}]}<\/script>\n<!-- \/ Yoast SEO plugin. -->","yoast_head_json":{"title":"Informations pratiques sur votre s\u00e9jour au Camping de Paris","description":"Toutes les informations pratiques avant votre s\u00e9jour au Camping de Paris : ce qui est inclus, modalit\u00e9s de r\u00e8glement.","robots":{"index":"index","follow":"follow","max-snippet":"max-snippet:-1","max-image-preview":"max-image-preview:large","max-video-preview":"max-video-preview:-1"},"canonical":"https:\/\/www.campingparis.fr\/en\/mon-sejour\/","og_locale":"en_US","og_type":"article","og_title":"Informations pratiques sur votre s\u00e9jour au Camping de Paris","og_description":"Toutes les informations pratiques avant votre s\u00e9jour au Camping de Paris : ce qui est inclus, modalit\u00e9s de r\u00e8glement.","og_url":"https:\/\/www.campingparis.fr\/en\/mon-sejour\/","og_site_name":"Camping de Paris","article_modified_time":"2026-05-12T15:53:37+00:00","twitter_card":"summary_large_image","twitter_misc":{"Est. reading time":"6 minutes"},"schema":{"@context":"https:\/\/schema.org","@graph":[{"@type":"WebPage","@id":"https:\/\/www.campingparis.fr\/en\/mon-sejour\/","url":"https:\/\/www.campingparis.fr\/en\/mon-sejour\/","name":"Informations pratiques sur votre s\u00e9jour au Camping de Paris","isPartOf":{"@id":"https:\/\/www.campingparis.fr\/en\/#website"},"datePublished":"2022-02-08T10:44:50+00:00","dateModified":"2026-05-12T15:53:37+00:00","description":"Toutes les informations pratiques avant votre s\u00e9jour au Camping de Paris : ce qui est inclus, modalit\u00e9s de r\u00e8glement.","breadcrumb":{"@id":"https:\/\/www.campingparis.fr\/en\/mon-sejour\/#breadcrumb"},"inLanguage":"en-US","potentialAction":[{"@type":"ReadAction","target":["https:\/\/www.campingparis.fr\/en\/mon-sejour\/"]}]},{"@type":"BreadcrumbList","@id":"https:\/\/www.campingparis.fr\/en\/mon-sejour\/#breadcrumb","itemListElement":[{"@type":"ListItem","position":1,"name":"Accueil","item":"https:\/\/www.campingparis.fr\/en\/"},{"@type":"ListItem","position":2,"name":"Mon s\u00e9jour"}]},{"@type":"WebSite","@id":"https:\/\/www.campingparis.fr\/en\/#website","url":"https:\/\/www.campingparis.fr\/en\/","name":"Camping de Paris","description":"Un site utilisant Citykamp","potentialAction":[{"@type":"SearchAction","target":{"@type":"EntryPoint","urlTemplate":"https:\/\/www.campingparis.fr\/en\/?s={search_term_string}"},"query-input":{"@type":"PropertyValueSpecification","valueRequired":true,"valueName":"search_term_string"}}],"inLanguage":"en-US"}]}},"_links":{"self":[{"href":"https:\/\/www.campingparis.fr\/en\/wp-json\/wp\/v2\/pages\/5727","targetHints":{"allow":["GET"]}}],"collection":[{"href":"https:\/\/www.campingparis.fr\/en\/wp-json\/wp\/v2\/pages"}],"about":[{"href":"https:\/\/www.campingparis.fr\/en\/wp-json\/wp\/v2\/types\/page"}],"author":[{"embeddable":true,"href":"https:\/\/www.campingparis.fr\/en\/wp-json\/wp\/v2\/users\/1"}],"replies":[{"embeddable":true,"href":"https:\/\/www.campingparis.fr\/en\/wp-json\/wp\/v2\/comments?post=5727"}],"version-history":[{"count":4,"href":"https:\/\/www.campingparis.fr\/en\/wp-json\/wp\/v2\/pages\/5727\/revisions"}],"predecessor-version":[{"id":8602,"href":"https:\/\/www.campingparis.fr\/en\/wp-json\/wp\/v2\/pages\/5727\/revisions\/8602"}],"wp:attachment":[{"href":"https:\/\/www.campingparis.fr\/en\/wp-json\/wp\/v2\/media?parent=5727"}],"curies":[{"name":"wp","href":"https:\/\/api.w.org\/{rel}","templated":true}]}}