{"id":555,"date":"2018-02-26T15:02:03","date_gmt":"2018-02-26T14:02:03","guid":{"rendered":"https:\/\/citykamp.com\/campingparis\/es\/accueil\/"},"modified":"2026-05-06T13:00:14","modified_gmt":"2026-05-06T11:00:14","slug":"home","status":"publish","type":"page","link":"https:\/\/www.campingparis.fr\/es\/","title":{"rendered":"Home"},"content":{"rendered":"<div class=\"wpb-content-wrapper\"><p>[vc_row][vc_column]<div class=\"wrappedcontent\">[vc_column_text]<\/p>\n<h3><span style=\"color: #e84e1b;\">En pleno coraz\u00f3n de Par\u00eds, a orillas del Sena<\/span><\/h3>\n<p><i class=\"fa fa-clock-o\" style=\"font-size: 24px;\"><\/i>\u00a0\u00a0<span style=\"font-size: 14pt;\"><span style=\"color: #e84e1b;\">Abierto todo el a\u00f1o<\/span><\/span><\/p>\n<p>En el centro del distrito XVI, el Camping de Paris**** es el punto de partida ideal para salir a descubrir Par\u00eds y sus monumentos emblem\u00e1ticos. Toma el autob\u00fas que hay a disposici\u00f3n del camping y llega a la estaci\u00f3n de metro Porte Maillot en unos minutos.<br \/>\nEst\u00e1s a 45 minutos en coche del famoso parque de atracciones Disneyland Paris para vivir un momento m\u00e1gico con la familia o los amigos.<\/p>\n<h4>M\u00e1s econ\u00f3mico que un hotel en Par\u00eds, igual de confortable y mucho m\u00e1s natural.<\/h4>\n<p>El Camping de Paris**** te recibir\u00e1 durante todo el a\u00f1o en un parque natural de 7 hect\u00e1reas con una ubicaci\u00f3n perfecta para salir a descubrir Par\u00eds. Regresa al entorno verde del camping a orillas del Sena y disfruta de las numerosas instalaciones modernas y de calidad: Un centro social luminoso y moderno abierto hacia una bonita terraza, una nueva zona de juegos para los peques y aseos totalmente reformados.<\/p>\n<p>Acampa con tu tienda, caravana o autocaravana en una bonita parcela llana u opta por la comodidad de un alojamiento totalmente equipado. \u00a1Caravanas o cottages\u2026 t\u00fa eliges![\/vc_column_text][vc_empty_space]<div class=\"text-center btnwrap\"><a class=\"btn btn-huttopia-cta\" href=\"http:\/\/checkout.citykamp.com\/site\/es\/890\" role=\"button\" target=\"\" onclick=\"dataLayer.push({'event':'clickCity', 'clickText':'Reserva tu estancia'})\">Reserva tu estancia<\/a><\/div>[vc_empty_space][vc_row_inner gap=\u00bb30&#8243; css=\u00bb.vc_custom_1678873131700{margin-left: -0.5px !important;background-color: rgba(232,78,27,0.2) !important;*background-color: rgb(232,78,27) !important;}\u00bb][vc_column_inner width=\u00bb1\/3&#8243;][vc_single_image image=\u00bb6514&#8243; img_size=\u00bbfull\u00bb alignment=\u00bbcenter\u00bb css=\u00bb\u00bb][\/vc_column_inner][vc_column_inner width=\u00bb2\/3&#8243;][vc_column_text]<\/p>\n<h3><strong><span style=\"color: #e94e1b;\">CAMPING CARD<\/span><\/strong><\/h3>\n<p><span style=\"font-size: 12pt;\">Acampa a partir de <span style=\"color: #e84e1b;\"><strong>15\u20ac<\/strong><\/span>* la noche con la <span style=\"color: #e94e1b;\"><a style=\"color: #e94e1b;\" href=\"https:\/\/www.citykamp.com\/es\/camping-card\/\"><span style=\"text-decoration: underline;\">Camping Card<\/span><\/a><\/span>\u00a0Huttopia.<\/span><br \/>\n<span style=\"font-size: 12pt;\">Benef\u00edciate de precios reducidos y noches gratuitas durante temporada alta y baja, en todos los campings <span style=\"text-decoration: underline;\"><span style=\"color: #e94e1b;\"><a style=\"color: #e94e1b; text-decoration: underline;\" href=\"https:\/\/www.citykamp.com\/es\/destinos\/\">Citykamp<\/a><\/span>,<\/span> <span style=\"text-decoration: underline; color: #e94e1b;\"><a style=\"color: #e94e1b; text-decoration: underline;\" href=\"https:\/\/www.onlycamp.fr\/en\/\">Onlycamp<\/a><\/span> y todos los <span style=\"text-decoration: underline; color: #e94e1b;\"><a style=\"color: #e94e1b; text-decoration: underline;\" href=\"https:\/\/europe.huttopia.com\/es\/destinations\/campings\/\">campings Huttopia<\/a><\/span>.<\/span><\/p>\n<p><em><span style=\"font-size: 10pt;\">*Tarifa que incluye 1 parcela para 2 personas con electricidad (+ animal de compa\u00f1\u00eda gratis).<\/span><\/em>[\/vc_column_text]<div class=\"text-center btnwrap\"><a class=\"btn btn-huttopia-cta\" href=\"https:\/\/www.citykamp.com\/es\/camping-card\/\" role=\"button\" target=\"\" onclick=\"dataLayer.push({'event':'clickCity', 'clickText':'Descubrir'})\">Descubrir<\/a><\/div>[\/vc_column_inner][\/vc_row_inner][vc_empty_space][vc_icon icon_fontawesome=\u00bbfa fa-quote-left\u00bb color=\u00bbcustom\u00bb custom_color=\u00bb#e84e1b\u00bb][vc_column_text]<\/p>\n<p style=\"text-align: center;\"><span style=\"font-size: 12pt;\"><em><span style=\"font-size: 16pt;\">\u00a1Estancia entre Par\u00eds: visita la ciudad y descansa en el camping!<\/span>\u00a0 \u00a0<\/em><\/span><span style=\"font-size: 10pt;\">\u00a0\u00a0Nathalie B.<\/span>\u00a0\u00a0<span style=\"color: #e84e1b;\">\u2605\u2605\u2605\u2605<\/span><\/p>\n<p style=\"text-align: center;\"><em><span style=\"font-size: 16pt;\">Unas vacaciones econ\u00f3micas y diferentes con Par\u00eds a un paso.<\/span><\/em> <strong><em>\u00a0\u00a0<\/em><\/strong><span style=\"font-size: 10pt;\">Daniel K.\u00a0 \u00a0<span style=\"font-size: 12pt;\"><span style=\"color: #e84e1b;\">\u2605\u2605\u2605\u2605\u2605<\/span><\/span><\/span><\/p>\n<p style=\"text-align: center;\"><em><span style=\"font-size: 16pt;\">Recomiendo este camping agradable. Una bonita estancia en familia.<\/span>\u00a0<\/em>\u00a0 \u00a0<span style=\"font-size: 10pt;\">Richard M.<\/span>\u00a0 \u00a0<span style=\"color: #e84e1b;\">\u2605\u2605\u2605\u2605\u2605<\/span><\/p>\n<p>[\/vc_column_text][vc_icon icon_fontawesome=\u00bbfa fa-quote-right\u00bb color=\u00bbcustom\u00bb align=\u00bbright\u00bb css=\u00bb.vc_custom_1523621237900{margin-bottom: -10px !important;}\u00bb custom_color=\u00bb#e84e1b\u00bb][vc_empty_space height=\u00bb40px\u00bb][vc_row_inner equal_height=\u00bbyes\u00bb gap=\u00bb15&#8243; css=\u00bb.vc_custom_1537515808613{margin-left: -0.5px !important;}\u00bb][vc_column_inner width=\u00bb1\/3&#8243; css=\u00bb.vc_custom_1526303150323{background-color: #e8e8e8 !important;}\u00bb][vc_icon icon_fontawesome=\u00bbfar fa-map\u00bb color=\u00bbcustom\u00bb size=\u00bblg\u00bb align=\u00bbcenter\u00bb css=\u00bb.vc_custom_1675960567089{margin-bottom: -10px !important;padding-top: 15px !important;}\u00bb custom_color=\u00bb#e84e1b\u00bb link=\u00bburl:https%3A%2F%2Fmedia.huttopia.com%2Fdestinations%2Fparis%2Fplan-camping-citykamp-paris.pdf|target:_blank\u00bb][vc_column_text css=\u00bb.vc_custom_1675960572046{padding-top: 25px !important;padding-right: 15px !important;padding-bottom: 15px !important;padding-left: 15px !important;}\u00bb]<\/p>\n<p style=\"text-align: center;\"><a href=\"https:\/\/media.huttopia.com\/destinations\/paris\/plan-camping-citykamp-paris.pdf\"><strong>Plano del camping<\/strong><\/a><\/p>\n<p>[\/vc_column_text][\/vc_column_inner][vc_column_inner width=\u00bb1\/3&#8243; css=\u00bb.vc_custom_1526303156886{background-color: #e8e8e8 !important;}\u00bb][vc_icon icon_fontawesome=\u00bbfa fa-envelope-o\u00bb color=\u00bbcustom\u00bb size=\u00bblg\u00bb align=\u00bbcenter\u00bb css=\u00bb.vc_custom_1526313865913{margin-bottom: -10px !important;padding-top: 15px !important;}\u00bb custom_color=\u00bb#e84e1b\u00bb link=\u00bburl:https%3A%2F%2Fwww.campingparis.fr%2Fes%2Fcontact%2F||target:%20_blank|\u00bb][vc_column_text css=\u00bb.vc_custom_1526313840679{padding-top: 25px !important;padding-right: 15px !important;padding-bottom: 15px !important;padding-left: 15px !important;}\u00bb]<\/p>\n<p style=\"text-align: center;\"><a href=\"https:\/\/campingparis.fr\/es\/contact\/\" target=\"_blank\" rel=\"noopener noreferrer\"><strong>Contacto<\/strong><\/a><\/p>\n<p>[\/vc_column_text][\/vc_column_inner][vc_column_inner width=\u00bb1\/3&#8243; css=\u00bb.vc_custom_1526303163974{background-color: #e8e8e8 !important;}\u00bb][vc_icon icon_fontawesome=\u00bbfa fa-map-marker\u00bb color=\u00bbcustom\u00bb size=\u00bblg\u00bb align=\u00bbcenter\u00bb css=\u00bb.vc_custom_1526311281393{margin-bottom: -10px !important;padding-top: 15px !important;}\u00bb custom_color=\u00bb#e84e1b\u00bb link=\u00bburl:https%3A%2F%2Fgoo.gl%2Fmaps%2Fp33hs3bWVkQ2||target:%20_blank|\u00bb][vc_column_text css=\u00bb.vc_custom_1526313696589{padding-top: 25px !important;padding-right: 15px !important;padding-bottom: 15px !important;padding-left: 15px !important;}\u00bb]<\/p>\n<p style=\"text-align: center;\"><a href=\"https:\/\/goo.gl\/maps\/p33hs3bWVkQ2\" target=\"_blank\" rel=\"noopener noreferrer\"><strong>Ruta<\/strong><\/a><\/p>\n<p>[\/vc_column_text][\/vc_column_inner][\/vc_row_inner][vc_empty_space height=\u00bb40px\u00bb]<\/div>[\/vc_column][\/vc_row][vc_row][vc_column]<div class=\"wrappedcontent\">[vc_column_text css=\u00bb\u00bb]<\/p>\n<h4>\u00bfC\u00f3mo llegar?<\/h4>\n<p><strong>En transporte p\u00fablico:<\/strong> Metro 1 hasta la estaci\u00f3n Porte Maillot, salida n.\u00b0 3 \u2013 Boulevard Andr\u00e9 Maurois. A la salida del metro, toma la l\u00ednea de autob\u00fas 244, b\u00e1jate en Moulins Camping u opta por el autob\u00fas privado del camping con parada justo en la entrada. Atenci\u00f3n: no se permiten animales en el servicio de lanzadera del camping.<\/p>\n<p><strong>En coche:<\/strong><br \/>\nDesde Par\u00eds: salida perif\u00e9rica Porte Maillot\/Bois de Boulogne.<br \/>\nDesde la autov\u00eda A13: salida \u201cBois de Boulogne\u201d<\/p>\n<p><strong>En tren:<\/strong><br \/>\nEstaci\u00f3n TGV: Estaci\u00f3n de Lyon\/Montparnasse (12\u00a0km)<\/p>\n<p><strong>En avi\u00f3n:<\/strong><br \/>\nAeropuerto: Paris-Charles de Gaulle (32 km), Orly (23 km)[\/vc_column_text][vc_empty_space][vc_row_inner equal_height=\u00bbyes\u00bb content_placement=\u00bbmiddle\u00bb gap=\u00bb10&#8243; css=\u00bb.vc_custom_1641397213153{margin-left: -0.5px !important;}\u00bb][vc_column_inner width=\u00bb1\/6&#8243;][vc_single_image image=\u00bb5508&#8243; img_size=\u00bb120&#215;120&#8243; alignment=\u00bbcenter\u00bb][\/vc_column_inner][vc_column_inner width=\u00bb5\/6&#8243;][vc_column_text css=\u00bb.vc_custom_1666106772517{padding-top: 30px !important;padding-right: 30px !important;padding-bottom: 30px !important;padding-left: 30px !important;}\u00bb]<strong>El Camping de Par\u00eds cuenta con la certificaci\u00f3n ISO 14001<\/strong><\/p>\n<p>El certificado ISO 14001 valida la implantaci\u00f3n de una metodolog\u00eda de mejora a fin de reducir el impacto medioambiental de las empresas en t\u00e9rminos de residuos, ruidos, gases de efecto invernadero, energ\u00eda, subsuelo, etc.[\/vc_column_text][\/vc_column_inner][\/vc_row_inner]<\/div>[\/vc_column][\/vc_row][vc_row css=\u00bb.vc_custom_1519896690874{background-color: #e84e1b !important;}\u00bb][vc_column]<div class=\"wrappedcontent\">[vc_row_inner css=\u00bb.vc_custom_1521456623398{margin-bottom: -30px !important;}\u00bb][vc_column_inner width=\u00bb1\/4&#8243;][vc_column_text]<\/p>\n<p style=\"text-align: center;\"><span style=\"font-size: 10pt; color: #ffffff;\">4 estrellas<\/span><\/p>\n<p>[\/vc_column_text][vc_icon icon_fontawesome=\u00bbfa fa-star\u00bb color=\u00bbwhite\u00bb size=\u00bbxs\u00bb align=\u00bbcenter\u00bb css=\u00bb.vc_custom_1521456543575{margin-bottom: -10px !important;}\u00bb][\/vc_column_inner][vc_column_inner width=\u00bb1\/4&#8243;][vc_column_text]<\/p>\n<p style=\"text-align: center;\"><span style=\"font-size: 10pt; color: #ffffff;\">Superficie: 7 ha<\/span><\/p>\n<p>[\/vc_column_text][vc_icon type=\u00bbtypicons\u00bb icon_typicons=\u00bbtypcn typcn-leaf\u00bb color=\u00bbwhite\u00bb size=\u00bbxs\u00bb align=\u00bbcenter\u00bb css=\u00bb.vc_custom_1521456556935{margin-bottom: -10px !important;}\u00bb][\/vc_column_inner][vc_column_inner width=\u00bb1\/4&#8243;][vc_column_text]<\/p>\n<p style=\"text-align: center;\"><span style=\"font-size: 10pt; color: #ffffff;\">410 parcelas<\/span><\/p>\n<p>[\/vc_column_text][vc_icon type=\u00bbmaterial\u00bb icon_material=\u00bbvc-material vc-material-home\u00bb color=\u00bbwhite\u00bb size=\u00bbxs\u00bb align=\u00bbcenter\u00bb css=\u00bb.vc_custom_1521456563418{margin-bottom: -10px !important;}\u00bb][\/vc_column_inner][vc_column_inner width=\u00bb1\/4&#8243;][vc_column_text]<\/p>\n<p style=\"text-align: center;\"><span style=\"font-size: 10pt; color: #ffffff;\">Con acceso adaptado para personas con movilidad reducida<\/span><\/p>\n<p>[\/vc_column_text][vc_icon icon_fontawesome=\u00bbfa fa-wheelchair\u00bb color=\u00bbwhite\u00bb size=\u00bbxs\u00bb align=\u00bbcenter\u00bb css=\u00bb.vc_custom_1521456570187{margin-bottom: -10px !important;}\u00bb][\/vc_column_inner][\/vc_row_inner]<\/div>[\/vc_column][\/vc_row][vc_row][vc_column][vc_column_text]<iframe loading=\"lazy\" style=\"width: 100%; height: 70vh; position: relative; border: 0;\" src=\"https:\/\/campmap.com\/frpris\/\" width=\"100%\" height=\"70vh\" allowfullscreen=\"allowfullscreen\"> <\/iframe>[\/vc_column_text][\/vc_column][\/vc_row][vc_row css=\u00bb.vc_custom_1521456379102{background-color: #b5b5b5 !important;}\u00bb][vc_column]<div class=\"wrappedcontent\">[vc_row_inner css=\u00bb.vc_custom_1521456435888{margin-top: -30px !important;margin-bottom: -30px !important;}\u00bb][vc_column_inner width=\u00bb1\/6&#8243;][vc_icon type=\u00bbmaterial\u00bb icon_material=\u00bbvc-material vc-material-local_parking\u00bb color=\u00bbwhite\u00bb align=\u00bbcenter\u00bb css=\u00bb.vc_custom_1521456114423{margin-top: -10px !important;margin-bottom: -10px !important;}\u00bb][vc_column_text]<\/p>\n<p style=\"text-align: center;\"><span style=\"color: #ffffff;\">Parking gratuito<\/span><\/p>\n<p>[\/vc_column_text][\/vc_column_inner][vc_column_inner width=\u00bb1\/6&#8243;][vc_icon type=\u00bbtypicons\u00bb icon_typicons=\u00bbtypcn typcn-wi-fi\u00bb color=\u00bbwhite\u00bb align=\u00bbcenter\u00bb css=\u00bb.vc_custom_1519836730741{margin-top: -10px !important;margin-bottom: -10px !important;}\u00bb][vc_column_text]<\/p>\n<p style=\"text-align: center;\"><span style=\"color: #ffffff;\">Wifi gratuito<\/span><\/p>\n<p>[\/vc_column_text][\/vc_column_inner][vc_column_inner width=\u00bb1\/6&#8243;][vc_icon type=\u00bbentypo\u00bb icon_entypo=\u00bbentypo-icon entypo-icon-back-in-time\u00bb color=\u00bbwhite\u00bb align=\u00bbcenter\u00bb css=\u00bb.vc_custom_1519836740925{margin-top: -10px !important;margin-bottom: -10px !important;}\u00bb][vc_column_text]<\/p>\n<p style=\"text-align: center;\"><span style=\"color: #ffffff;\">Recepci\u00f3n de lunes a domingo<\/span><\/p>\n<p>[\/vc_column_text][\/vc_column_inner][vc_column_inner width=\u00bb1\/6&#8243;][vc_icon icon_fontawesome=\u00bbfa fa-globe\u00bb color=\u00bbwhite\u00bb align=\u00bbcenter\u00bb css=\u00bb.vc_custom_1519836770993{margin-top: -10px !important;margin-bottom: -10px !important;}\u00bb][vc_column_text]<\/p>\n<p style=\"text-align: center;\"><span style=\"color: #ffffff;\">Multiling\u00fce<\/span><\/p>\n<p>[\/vc_column_text][\/vc_column_inner][vc_column_inner width=\u00bb1\/6&#8243;][vc_icon icon_fontawesome=\u00bbfa fa-bed\u00bb color=\u00bbwhite\u00bb align=\u00bbcenter\u00bb css=\u00bb.vc_custom_1519836792576{margin-top: -10px !important;margin-bottom: -10px !important;}\u00bb][vc_column_text]<\/p>\n<p style=\"text-align: center;\"><span style=\"color: #ffffff;\">Paquete hotelero<\/span><\/p>\n<p>[\/vc_column_text][\/vc_column_inner][vc_column_inner width=\u00bb1\/6&#8243;][vc_icon icon_fontawesome=\u00bbfa fa-lock\u00bb color=\u00bbwhite\u00bb align=\u00bbcenter\u00bb css=\u00bb.vc_custom_1519836804964{margin-top: -10px !important;margin-bottom: -10px !important;}\u00bb][vc_column_text]<\/p>\n<p style=\"text-align: center;\"><span style=\"color: #ffffff;\">Pago seguro<\/span><\/p>\n<p>[\/vc_column_text][\/vc_column_inner][\/vc_row_inner]<\/div>[\/vc_column][\/vc_row]<\/p>\n<\/div>","protected":false},"excerpt":{"rendered":"<p>[vc_row][vc_column][\/vc_column][\/vc_row][vc_row][vc_column][\/vc_column][\/vc_row][vc_row css=\u00bb.vc_custom_1519896690874{background-color: #e84e1b !important;}\u00bb][vc_column][\/vc_column][\/vc_row][vc_row][vc_column][vc_column_text] [\/vc_column_text][\/vc_column][\/vc_row][vc_row css=\u00bb.vc_custom_1521456379102{background-color: #b5b5b5 !important;}\u00bb][vc_column][\/vc_column][\/vc_row]<\/p>\n","protected":false},"author":1,"featured_media":7274,"parent":0,"menu_order":0,"comment_status":"closed","ping_status":"closed","template":"templates\/page-home.php","meta":{"footnotes":""},"class_list":["post-555","page","type-page","status-publish","has-post-thumbnail","hentry"],"yoast_head":"<!-- This site is optimized with the Yoast SEO plugin v25.6 - https:\/\/yoast.com\/wordpress\/plugins\/seo\/ -->\n<title>Camping de Paris, al\u00f3jate en el coraz\u00f3n del Bois de Boulogne<\/title>\n<meta name=\"description\" content=\"\u00a1Abierto todo el a\u00f1o! A orillas del Sena y rodeado de naturaleza, disfruta de una estancia en pleno distrito XVI. Explora la capital f\u00e1cilmente desde el camping en bicicleta o en transporte p\u00fablico, y duerme con total tranquilidad en el Camping de Paris.\" \/>\n<meta name=\"robots\" content=\"index, follow, max-snippet:-1, max-image-preview:large, max-video-preview:-1\" \/>\n<link rel=\"canonical\" href=\"https:\/\/www.campingparis.fr\/es\/\" \/>\n<meta property=\"og:locale\" content=\"es_ES\" \/>\n<meta property=\"og:type\" content=\"article\" \/>\n<meta property=\"og:title\" content=\"Camping de Paris, al\u00f3jate en el coraz\u00f3n del Bois de Boulogne\" \/>\n<meta property=\"og:description\" content=\"\u00a1Abierto todo el a\u00f1o! A orillas del Sena y rodeado de naturaleza, disfruta de una estancia en pleno distrito XVI. Explora la capital f\u00e1cilmente desde el camping en bicicleta o en transporte p\u00fablico, y duerme con total tranquilidad en el Camping de Paris.\" \/>\n<meta property=\"og:url\" content=\"https:\/\/www.campingparis.fr\/es\/\" \/>\n<meta property=\"og:site_name\" content=\"Camping de Paris\" \/>\n<meta property=\"article:modified_time\" content=\"2026-05-06T11:00:14+00:00\" \/>\n<meta property=\"og:image\" content=\"https:\/\/www.campingparis.fr\/uploads\/sites\/11\/2023\/10\/citykamp-paris-header-1.jpeg\" \/>\n\t<meta property=\"og:image:width\" content=\"1440\" \/>\n\t<meta property=\"og:image:height\" content=\"718\" \/>\n\t<meta property=\"og:image:type\" content=\"image\/jpeg\" \/>\n<meta name=\"twitter:card\" content=\"summary_large_image\" \/>\n<meta name=\"twitter:label1\" content=\"Est. reading time\" \/>\n\t<meta name=\"twitter:data1\" content=\"5 minutos\" \/>\n<script type=\"application\/ld+json\" class=\"yoast-schema-graph\">{\"@context\":\"https:\/\/schema.org\",\"@graph\":[{\"@type\":\"WebPage\",\"@id\":\"https:\/\/www.campingparis.fr\/es\/\",\"url\":\"https:\/\/www.campingparis.fr\/es\/\",\"name\":\"Camping de Paris, al\u00f3jate en el coraz\u00f3n del Bois de Boulogne\",\"isPartOf\":{\"@id\":\"https:\/\/www.campingparis.fr\/es\/#website\"},\"primaryImageOfPage\":{\"@id\":\"https:\/\/www.campingparis.fr\/es\/#primaryimage\"},\"image\":{\"@id\":\"https:\/\/www.campingparis.fr\/es\/#primaryimage\"},\"thumbnailUrl\":\"https:\/\/www.campingparis.fr\/uploads\/sites\/11\/2023\/10\/citykamp-paris-header-mobile-600x800-1.jpg\",\"datePublished\":\"2018-02-26T14:02:03+00:00\",\"dateModified\":\"2026-05-06T11:00:14+00:00\",\"description\":\"\u00a1Abierto todo el a\u00f1o! A orillas del Sena y rodeado de naturaleza, disfruta de una estancia en pleno distrito XVI. Explora la capital f\u00e1cilmente desde el camping en bicicleta o en transporte p\u00fablico, y duerme con total tranquilidad en el Camping de Paris.\",\"breadcrumb\":{\"@id\":\"https:\/\/www.campingparis.fr\/es\/#breadcrumb\"},\"inLanguage\":\"es\",\"potentialAction\":[{\"@type\":\"ReadAction\",\"target\":[\"https:\/\/www.campingparis.fr\/es\/\"]}]},{\"@type\":\"ImageObject\",\"inLanguage\":\"es\",\"@id\":\"https:\/\/www.campingparis.fr\/es\/#primaryimage\",\"url\":\"https:\/\/www.campingparis.fr\/uploads\/sites\/11\/2023\/10\/citykamp-paris-header-mobile-600x800-1.jpg\",\"contentUrl\":\"https:\/\/www.campingparis.fr\/uploads\/sites\/11\/2023\/10\/citykamp-paris-header-mobile-600x800-1.jpg\",\"width\":600,\"height\":800},{\"@type\":\"BreadcrumbList\",\"@id\":\"https:\/\/www.campingparis.fr\/es\/#breadcrumb\",\"itemListElement\":[{\"@type\":\"ListItem\",\"position\":1,\"name\":\"Accueil\",\"item\":\"https:\/\/www.campingparis.fr\/es\/\"},{\"@type\":\"ListItem\",\"position\":2,\"name\":\"Home\"}]},{\"@type\":\"WebSite\",\"@id\":\"https:\/\/www.campingparis.fr\/es\/#website\",\"url\":\"https:\/\/www.campingparis.fr\/es\/\",\"name\":\"Camping de Paris\",\"description\":\"Un site utilisant Citykamp\",\"potentialAction\":[{\"@type\":\"SearchAction\",\"target\":{\"@type\":\"EntryPoint\",\"urlTemplate\":\"https:\/\/www.campingparis.fr\/es\/?s={search_term_string}\"},\"query-input\":{\"@type\":\"PropertyValueSpecification\",\"valueRequired\":true,\"valueName\":\"search_term_string\"}}],\"inLanguage\":\"es\"}]}<\/script>\n<!-- \/ Yoast SEO plugin. -->","yoast_head_json":{"title":"Camping de Paris, al\u00f3jate en el coraz\u00f3n del Bois de Boulogne","description":"\u00a1Abierto todo el a\u00f1o! A orillas del Sena y rodeado de naturaleza, disfruta de una estancia en pleno distrito XVI. Explora la capital f\u00e1cilmente desde el camping en bicicleta o en transporte p\u00fablico, y duerme con total tranquilidad en el Camping de Paris.","robots":{"index":"index","follow":"follow","max-snippet":"max-snippet:-1","max-image-preview":"max-image-preview:large","max-video-preview":"max-video-preview:-1"},"canonical":"https:\/\/www.campingparis.fr\/es\/","og_locale":"es_ES","og_type":"article","og_title":"Camping de Paris, al\u00f3jate en el coraz\u00f3n del Bois de Boulogne","og_description":"\u00a1Abierto todo el a\u00f1o! A orillas del Sena y rodeado de naturaleza, disfruta de una estancia en pleno distrito XVI. Explora la capital f\u00e1cilmente desde el camping en bicicleta o en transporte p\u00fablico, y duerme con total tranquilidad en el Camping de Paris.","og_url":"https:\/\/www.campingparis.fr\/es\/","og_site_name":"Camping de Paris","article_modified_time":"2026-05-06T11:00:14+00:00","og_image":[{"width":1440,"height":718,"url":"https:\/\/www.campingparis.fr\/uploads\/sites\/11\/2023\/10\/citykamp-paris-header-1.jpeg","type":"image\/jpeg"}],"twitter_card":"summary_large_image","twitter_misc":{"Est. reading time":"5 minutos"},"schema":{"@context":"https:\/\/schema.org","@graph":[{"@type":"WebPage","@id":"https:\/\/www.campingparis.fr\/es\/","url":"https:\/\/www.campingparis.fr\/es\/","name":"Camping de Paris, al\u00f3jate en el coraz\u00f3n del Bois de Boulogne","isPartOf":{"@id":"https:\/\/www.campingparis.fr\/es\/#website"},"primaryImageOfPage":{"@id":"https:\/\/www.campingparis.fr\/es\/#primaryimage"},"image":{"@id":"https:\/\/www.campingparis.fr\/es\/#primaryimage"},"thumbnailUrl":"https:\/\/www.campingparis.fr\/uploads\/sites\/11\/2023\/10\/citykamp-paris-header-mobile-600x800-1.jpg","datePublished":"2018-02-26T14:02:03+00:00","dateModified":"2026-05-06T11:00:14+00:00","description":"\u00a1Abierto todo el a\u00f1o! A orillas del Sena y rodeado de naturaleza, disfruta de una estancia en pleno distrito XVI. Explora la capital f\u00e1cilmente desde el camping en bicicleta o en transporte p\u00fablico, y duerme con total tranquilidad en el Camping de Paris.","breadcrumb":{"@id":"https:\/\/www.campingparis.fr\/es\/#breadcrumb"},"inLanguage":"es","potentialAction":[{"@type":"ReadAction","target":["https:\/\/www.campingparis.fr\/es\/"]}]},{"@type":"ImageObject","inLanguage":"es","@id":"https:\/\/www.campingparis.fr\/es\/#primaryimage","url":"https:\/\/www.campingparis.fr\/uploads\/sites\/11\/2023\/10\/citykamp-paris-header-mobile-600x800-1.jpg","contentUrl":"https:\/\/www.campingparis.fr\/uploads\/sites\/11\/2023\/10\/citykamp-paris-header-mobile-600x800-1.jpg","width":600,"height":800},{"@type":"BreadcrumbList","@id":"https:\/\/www.campingparis.fr\/es\/#breadcrumb","itemListElement":[{"@type":"ListItem","position":1,"name":"Accueil","item":"https:\/\/www.campingparis.fr\/es\/"},{"@type":"ListItem","position":2,"name":"Home"}]},{"@type":"WebSite","@id":"https:\/\/www.campingparis.fr\/es\/#website","url":"https:\/\/www.campingparis.fr\/es\/","name":"Camping de Paris","description":"Un site utilisant Citykamp","potentialAction":[{"@type":"SearchAction","target":{"@type":"EntryPoint","urlTemplate":"https:\/\/www.campingparis.fr\/es\/?s={search_term_string}"},"query-input":{"@type":"PropertyValueSpecification","valueRequired":true,"valueName":"search_term_string"}}],"inLanguage":"es"}]}},"_links":{"self":[{"href":"https:\/\/www.campingparis.fr\/es\/wp-json\/wp\/v2\/pages\/555","targetHints":{"allow":["GET"]}}],"collection":[{"href":"https:\/\/www.campingparis.fr\/es\/wp-json\/wp\/v2\/pages"}],"about":[{"href":"https:\/\/www.campingparis.fr\/es\/wp-json\/wp\/v2\/types\/page"}],"author":[{"embeddable":true,"href":"https:\/\/www.campingparis.fr\/es\/wp-json\/wp\/v2\/users\/1"}],"replies":[{"embeddable":true,"href":"https:\/\/www.campingparis.fr\/es\/wp-json\/wp\/v2\/comments?post=555"}],"version-history":[{"count":8,"href":"https:\/\/www.campingparis.fr\/es\/wp-json\/wp\/v2\/pages\/555\/revisions"}],"predecessor-version":[{"id":8597,"href":"https:\/\/www.campingparis.fr\/es\/wp-json\/wp\/v2\/pages\/555\/revisions\/8597"}],"wp:featuredmedia":[{"embeddable":true,"href":"https:\/\/www.campingparis.fr\/es\/wp-json\/wp\/v2\/media\/7274"}],"wp:attachment":[{"href":"https:\/\/www.campingparis.fr\/es\/wp-json\/wp\/v2\/media?parent=555"}],"curies":[{"name":"wp","href":"https:\/\/api.w.org\/{rel}","templated":true}]}}