{"id":570,"date":"2018-02-28T09:50:12","date_gmt":"2018-02-28T08:50:12","guid":{"rendered":"https:\/\/citykamp.com\/campingparis\/es\/professionnels\/"},"modified":"2023-12-18T17:11:26","modified_gmt":"2023-12-18T16:11:26","slug":"negocios","status":"publish","type":"page","link":"https:\/\/www.campingparis.fr\/es\/negocios\/","title":{"rendered":"Negocios"},"content":{"rendered":"<div class=\"wpb-content-wrapper\"><p>[vc_row][vc_column][vc_single_image image=\u00bb6414&#8243; img_size=\u00bb1900&#215;500&#8243;][\/vc_column][\/vc_row][vc_row][vc_column]<div class=\"wrappedcontent\">[vc_column_text]<\/p>\n<h3>Un rinc\u00f3n de la naturaleza a la entrada de Par\u00eds para tus estancias profesionales.<\/h3>\n<p>\u00bfEst\u00e1s de viaje de trabajo, destino temporal, formaci\u00f3n o est\u00e1s visitando una feria o exponiendo en ella&#8230; en Par\u00eds?<\/p>\n<p>Al\u00f3jate en el Camping de Paris. Cerca de la Defensa, de Porte Maillot y el bulevar perif\u00e9rico, estar\u00e1s perfectamente situado para acercarte al centro de Par\u00eds. Un autob\u00fas privado te esperar\u00e1 en la entrada del camping para llegar al centro de la ciudad.[\/vc_column_text]<\/div>[\/vc_column][\/vc_row][vc_row css=\u00bb.vc_custom_1519830353799{background-color: #e8e8e8 !important;}\u00bb][vc_column]<div class=\"wrappedcontent\">[vc_column_text]<b>\u00a1La mejor alternativa al hotel para los viajes de trabajo en Par\u00eds!<\/b><\/p>\n<p>Disfruta de <a href=\"https:\/\/campingparis.fr\/es\/alojamientos\/\" target=\"_blank\" rel=\"noopener noreferrer\">alojamientos<\/a> totalmente amueblados con cocina equipada, ba\u00f1o, TV y wifi. Las s\u00e1banas y toallas est\u00e1n incluidas y las camas est\u00e1n hechas a la llegada. Puedes elegir entre estar solo en tu alojamiento o compartirlo (hasta 6 personas).<\/p>\n<p>\u00bfEstancia de una noche o varias semanas? Todo es posible. Vivir\u00e1s de manera independiente y a tu ritmo.[\/vc_column_text][vc_empty_space][vc_row_inner gap=\u00bb35&#8243;][vc_column_inner width=\u00bb1\/4&#8243; css=\u00bb.vc_custom_1520001318975{background-color: #ffffff !important;}\u00bb][\/vc_column_inner][vc_column_inner width=\u00bb2\/4&#8243;][vc_text_separator title=\u00bbAlquiler de caravanas\u00bb css=\u00bb.vc_custom_1521450182998{padding-top: 12px !important;padding-right: 12px !important;padding-bottom: 12px !important;padding-left: 12px !important;}\u00bb][vc_masonry_media_grid element_width=\u00bb12&#8243; gap=\u00bb20&#8243; item=\u00bb51&#8243; grid_id=\u00bbvc_gid:1702915141384-88c0931a-d1bc-9&#8243; include=\u00bb1650,1655,1660&#8243; css=\u00bb.vc_custom_1520001289384{padding: 12px !important;}\u00bb][\/vc_column_inner][vc_column_inner width=\u00bb1\/4&#8243;][\/vc_column_inner][\/vc_row_inner]<div class=\"text-center btnwrap\"><a class=\"btn btn-huttopia-cta\" href=\"http:\/\/checkout.citykamp.com\/site\/es\/890\" role=\"button\" target=\"\" onclick=\"dataLayer.push({'event':'clickCity', 'clickText':'Reserva tu estancia'})\">Reserva tu estancia<\/a><\/div><\/div>[\/vc_column][\/vc_row][vc_row][vc_column]<div class=\"wrappedcontent\">[vc_column_text]<\/p>\n<h3>Un lugar agradable y con servicios de calidad. \u00a1Todo est\u00e1 pensado para facilitarte la vida!<\/h3>\n<p>Disfruta de un marco natural \u00fanico en Par\u00eds. Despu\u00e9s del bullicio de la ciudad, disfrutar\u00e1s los numerosos <a href=\"https:\/\/campingparis.fr\/es\/actividades-servicios\/\" target=\"_blank\" rel=\"noopener noreferrer\">servicios<\/a> ofrecidos.[\/vc_column_text][vc_empty_space][vc_row_inner gap=\u00bb35&#8243;][vc_column_inner width=\u00bb1\/3&#8243;][vc_masonry_media_grid element_width=\u00bb12&#8243; gap=\u00bb0&#8243; item=\u00bb53&#8243; grid_id=\u00bbvc_gid:1702915141405-f8ada363-ab0d-4&#8243; include=\u00bb4233&#8243;][vc_empty_space height=\u00bb12px\u00bb][vc_column_text]Un espacio com\u00fan agradable con un sal\u00f3n, sala de juegos, billar y biblioteca para relajarte.[\/vc_column_text][\/vc_column_inner][vc_column_inner width=\u00bb1\/3&#8243;][vc_masonry_media_grid element_width=\u00bb12&#8243; gap=\u00bb0&#8243; item=\u00bb53&#8243; grid_id=\u00bbvc_gid:1702915141410-036870f2-b912-0&#8243; include=\u00bb4234&#8243;][vc_empty_space height=\u00bb12px\u00bb][vc_column_text]Un bar y un restaurante para beber algo o degustar una pizza casera con los colegas. <em>Abierto seg\u00fan el periodo<\/em>.[\/vc_column_text][\/vc_column_inner][vc_column_inner width=\u00bb1\/3&#8243;][vc_masonry_media_grid element_width=\u00bb12&#8243; gap=\u00bb0&#8243; item=\u00bb53&#8243; grid_id=\u00bbvc_gid:1702915141422-62373471-3d1a-9&#8243; include=\u00bb4235&#8243;][vc_empty_space height=\u00bb12px\u00bb][vc_column_text]Todas las ma\u00f1anas tendr\u00e1s tres opciones para empezar bien el d\u00eda.[\/vc_column_text][\/vc_column_inner][\/vc_row_inner][vc_empty_space][vc_row_inner gap=\u00bb35&#8243;][vc_column_inner width=\u00bb1\/3&#8243;][vc_masonry_media_grid element_width=\u00bb12&#8243; gap=\u00bb0&#8243; item=\u00bb53&#8243; grid_id=\u00bbvc_gid:1702915141427-abf79fd1-7966-9&#8243; include=\u00bb4236&#8243;][vc_empty_space height=\u00bb12px\u00bb][vc_column_text]Tambi\u00e9n disponible conexi\u00f3n a Internet en la recepci\u00f3n. El acceso wifi tambi\u00e9n est\u00e1 disponible en\u00a0el caf\u00e9-restaurante y en determinados alojamientos.[\/vc_column_text][\/vc_column_inner][vc_column_inner width=\u00bb1\/3&#8243;][vc_masonry_media_grid element_width=\u00bb12&#8243; gap=\u00bb0&#8243; item=\u00bb53&#8243; grid_id=\u00bbvc_gid:1702915141435-995a212f-686e-8&#8243; include=\u00bb4237&#8243;][vc_empty_space height=\u00bb12px\u00bb][vc_column_text]Llega a la estaci\u00f3n de metro Porte Maillot en 10 minutos gracias a nuestro autob\u00fas el\u00e9ctrico. <em>Tickets a la venta en recepci\u00f3n<\/em>.[\/vc_column_text][\/vc_column_inner][vc_column_inner width=\u00bb1\/3&#8243;][vc_masonry_media_grid element_width=\u00bb12&#8243; gap=\u00bb0&#8243; item=\u00bb53&#8243; grid_id=\u00bbvc_gid:1702915141441-f0f5b325-0fab-0&#8243; include=\u00bb2485&#8243;][vc_empty_space height=\u00bb12px\u00bb][vc_column_text]Deja tu coche en el parking del camping y utiliza el transporte p\u00fablico. \u00a1T\u00fa eliges![\/vc_column_text][\/vc_column_inner][\/vc_row_inner]<\/div>[\/vc_column][\/vc_row][vc_row css=\u00bb.vc_custom_1519832214619{background-color: #e84e1b !important;}\u00bb][vc_column]<div class=\"wrappedcontent\">[vc_row_inner css=\u00bb.vc_custom_1519832208021{margin-top: -30px !important;margin-bottom: -30px !important;}\u00bb][vc_column_inner width=\u00bb1\/6&#8243;][vc_icon type=\u00bbmaterial\u00bb icon_material=\u00bbvc-material vc-material-local_parking\u00bb color=\u00bbwhite\u00bb align=\u00bbcenter\u00bb css=\u00bb.vc_custom_1519830822908{margin-top: -10px !important;margin-bottom: -10px !important;}\u00bb][vc_column_text]<\/p>\n<p style=\"text-align: center;\"><span style=\"color: #ffffff;\"><strong>Parking gratuito<\/strong><\/span><\/p>\n<p>[\/vc_column_text][\/vc_column_inner][vc_column_inner width=\u00bb1\/6&#8243;][vc_icon icon_fontawesome=\u00bbfa fa-globe\u00bb color=\u00bbwhite\u00bb align=\u00bbcenter\u00bb css=\u00bb.vc_custom_1520960610558{margin-top: -10px !important;margin-bottom: -10px !important;}\u00bb][vc_column_text]<\/p>\n<p style=\"text-align: center;\"><span style=\"color: #ffffff;\"><strong>Multiling\u00fce<\/strong><\/span><\/p>\n<p>[\/vc_column_text][\/vc_column_inner][vc_column_inner width=\u00bb1\/6&#8243;][vc_icon icon_fontawesome=\u00bbfa fa-bed\u00bb color=\u00bbwhite\u00bb align=\u00bbcenter\u00bb css=\u00bb.vc_custom_1519830901936{margin-top: -10px !important;margin-bottom: -10px !important;}\u00bb][vc_column_text]<\/p>\n<p style=\"text-align: center;\"><span style=\"color: #ffffff;\"><strong>Paquete hotelero<\/strong><\/span><\/p>\n<p>[\/vc_column_text][\/vc_column_inner][vc_column_inner width=\u00bb1\/6&#8243;][vc_icon type=\u00bbmaterial\u00bb icon_material=\u00bbvc-material vc-material-tv\u00bb color=\u00bbwhite\u00bb align=\u00bbcenter\u00bb css=\u00bb.vc_custom_1519830981087{margin-top: -10px !important;margin-bottom: -10px !important;}\u00bb][vc_column_text]<\/p>\n<p style=\"text-align: center;\"><span style=\"color: #ffffff;\"><strong>TV<\/strong><\/span><\/p>\n<p>[\/vc_column_text][\/vc_column_inner][vc_column_inner width=\u00bb1\/6&#8243;][vc_icon type=\u00bbmaterial\u00bb icon_material=\u00bbvc-material vc-material-restaurant\u00bb color=\u00bbwhite\u00bb align=\u00bbcenter\u00bb css=\u00bb.vc_custom_1519831003141{margin-top: -10px !important;margin-bottom: -10px !important;}\u00bb][vc_column_text]<\/p>\n<p style=\"text-align: center;\"><span style=\"color: #ffffff;\"><strong>Restauraci\u00f3n<\/strong><\/span><\/p>\n<p>[\/vc_column_text][\/vc_column_inner][vc_column_inner width=\u00bb1\/6&#8243;][vc_icon type=\u00bbentypo\u00bb icon_entypo=\u00bbentypo-icon entypo-icon-plus-circled\u00bb color=\u00bbwhite\u00bb align=\u00bbcenter\u00bb css=\u00bb.vc_custom_1521624626303{margin-top: -10px !important;margin-bottom: -10px !important;}\u00bb link=\u00bburl:https%3A%2F%2Fwww.campingparis.fr%2Fes%2Factividades-servicios%2F||target:%20_blank|\u00bb][vc_column_text]<\/p>\n<p style=\"text-align: center;\"><span style=\"color: #ffffff;\"><strong>SABER M\u00c1S<\/strong><\/span><\/p>\n<p>[\/vc_column_text][\/vc_column_inner][\/vc_row_inner]<\/div>[\/vc_column][\/vc_row][vc_row css=\u00bb.vc_custom_1519832244736{background-color: #e8e8e8 !important;}\u00bb][vc_column]<div class=\"wrappedcontent\">[vc_column_text]<\/p>\n<h4>Un emplazamiento ideal para alojarse en Par\u00eds.<\/h4>\n<p>[\/vc_column_text][vc_empty_space][vc_row_inner gap=\u00bb35&#8243;][vc_column_inner width=\u00bb1\/2&#8243;][vc_gmaps link=\u00bb#E-8_JTNDaWZyYW1lJTIwc3JjJTNEJTIyaHR0cHMlM0ElMkYlMkZ3d3cuZ29vZ2xlLmNvbSUyRm1hcHMlMkZlbWJlZCUzRnBiJTNEJTIxMW0xOCUyMTFtMTIlMjExbTMlMjExZDI2MjQuNDQ3ODU5MTMwNjAzMyUyMTJkMi4yMzI3MDU0MTU2NzQ3NjIlMjEzZDQ4Ljg2ODczODI3OTI4ODQ1JTIxMm0zJTIxMWYwJTIxMmYwJTIxM2YwJTIxM20yJTIxMWkxMDI0JTIxMmk3NjglMjE0ZjEzLjElMjEzbTMlMjExbTIlMjExczB4NDdlNjdiMmVhYTkxOTVhOSUyNTNBMHhiMTEwMzBiOTY4NmEzYjkwJTIxMnMyJTJCQWxsJTI1QzMlMjVBOWUlMkJkdSUyQkJvcmQlMkJkZSUyQmwlMjYlMjMzOSUzQkVhdSUyNTJDJTJCNzUwMTYlMkJQYXJpcyUyMTVlMCUyMTNtMiUyMTFzZnIlMjEyc2ZyJTIxNHYxNTE5ODMxNDM0ODgzJTIyJTIwd2lkdGglM0QlMjI2MDAlMjIlMjBoZWlnaHQlM0QlMjI0NTAlMjIlMjBmcmFtZWJvcmRlciUzRCUyMjAlMjIlMjBzdHlsZSUzRCUyMmJvcmRlciUzQTAlMjIlMjBhbGxvd2Z1bGxzY3JlZW4lM0UlM0MlMkZpZnJhbWUlM0U=\u00bb][\/vc_column_inner][vc_column_inner width=\u00bb1\/2&#8243;][vc_column_text]<strong>Un acceso directo a los grandes ejes viarios:<\/strong><br \/>\n<i class=\"fa fa-circle\" style=\"font-size: 8px; color: #e84e1b;\"><\/i>\u00a0\u00a0\u00a0Menos de 20 minutos de la estaci\u00f3n Porte de Versailles<br \/>\n<i class=\"fa fa-circle\" style=\"font-size: 8px; color: #e84e1b;\"><\/i>\u00a0\u00a0\u00a0Menos de 10 minutos de la D\u00e9fense<br \/>\n<i class=\"fa fa-circle\" style=\"font-size: 8px; color: #e84e1b;\"><\/i>\u00a0\u00a0\u00a0A 5 minutos de la A13 y del bulevar perif\u00e9rico<\/p>\n<p><strong>Un sitio comunicado con los transportes p\u00fablicos:<\/strong><br \/>\n<i class=\"fa fa-circle\" style=\"font-size: 8px; color: #e84e1b;\"><\/i>\u00a0\u00a0Acceso directo Porte de Versailles con el Tram T2 (parada \u00abSuresnes \u2013 Longchamp\u00bb)<br \/>\n<i class=\"fa fa-circle\" style=\"font-size: 8px; color: #e84e1b;\"><\/i>\u00a0\u00a0\u00a0Para llegar a Suresnes: 5 minutos a pie<br \/>\n<i class=\"fa fa-circle\" style=\"font-size: 8px; color: #e84e1b;\"><\/i>\u00a0\u00a0\u00a0Para llegar a la Porte d\u2019Auteuil: L\u00ednea de autob\u00fas 241<br \/>\n<i class=\"fa fa-circle\" style=\"font-size: 8px; color: #e84e1b;\"><\/i>\u00a0\u00a0Autob\u00fas el\u00e9ctrico en la puerta para llegar a la Porte Maillot en 10 minutos.[\/vc_column_text][\/vc_column_inner][\/vc_row_inner]<\/div>[\/vc_column][\/vc_row][vc_row][vc_column]<div class=\"wrappedcontent\">[vc_row_inner equal_height=\u00bbyes\u00bb gap=\u00bb15&#8243; css=\u00bb.vc_custom_1526375506750{margin-left: -0.5px !important;}\u00bb][vc_column_inner width=\u00bb1\/3&#8243; css=\u00bb.vc_custom_1526303150323{background-color: #e8e8e8 !important;}\u00bb][vc_icon icon_fontawesome=\u00bbfar fa-map\u00bb color=\u00bbcustom\u00bb size=\u00bblg\u00bb align=\u00bbcenter\u00bb custom_color=\u00bb#e84e1b\u00bb link=\u00bburl:https%3A%2F%2Fmedia.huttopia.com%2Fdestinations%2Fparis%2Fplan-camping-citykamp-paris.pdf|target:_blank\u00bb css=\u00bb.vc_custom_1676277647249{margin-bottom: -10px !important;padding-top: 15px !important;}\u00bb][vc_column_text css=\u00bb.vc_custom_1676277899943{padding-top: 25px !important;padding-right: 15px !important;padding-bottom: 15px !important;padding-left: 15px !important;}\u00bb]<\/p>\n<p style=\"text-align: center;\"><a href=\"https:\/\/media.huttopia.com\/destinations\/paris\/plan-camping-citykamp-paris.pdf\" target=\"_blank\" rel=\"noopener noreferrer\"><strong>Plano del camping<\/strong><\/a><\/p>\n<p>[\/vc_column_text][\/vc_column_inner][vc_column_inner width=\u00bb1\/3&#8243; css=\u00bb.vc_custom_1526303156886{background-color: #e8e8e8 !important;}\u00bb][vc_icon icon_fontawesome=\u00bbfa fa-calendar-check-o\u00bb color=\u00bbcustom\u00bb size=\u00bblg\u00bb align=\u00bbcenter\u00bb custom_color=\u00bb#e84e1b\u00bb link=\u00bburl:http%3A%2F%2Fcheckout.citykamp.com%2Fsite%2Fes%2F890||target:%20_blank|\u00bb css=\u00bb.vc_custom_1526313687952{margin-bottom: -10px !important;padding-top: 15px !important;}\u00bb][vc_column_text css=\u00bb.vc_custom_1526313652915{padding-top: 25px !important;padding-right: 15px !important;padding-bottom: 15px !important;padding-left: 15px !important;}\u00bb]<\/p>\n<p style=\"text-align: center;\"><a href=\"http:\/\/checkout.citykamp.com\/site\/es\/890\" target=\"_blank\" rel=\"noopener noreferrer\"><strong>Reserva tu estancia<\/strong><\/a><\/p>\n<p>[\/vc_column_text][\/vc_column_inner][vc_column_inner width=\u00bb1\/3&#8243; css=\u00bb.vc_custom_1526303163974{background-color: #e8e8e8 !important;}\u00bb][vc_icon icon_fontawesome=\u00bbfa fa-map-marker\u00bb color=\u00bbcustom\u00bb size=\u00bblg\u00bb align=\u00bbcenter\u00bb custom_color=\u00bb#e84e1b\u00bb link=\u00bburl:https%3A%2F%2Fgoo.gl%2Fmaps%2Fp33hs3bWVkQ2||target:%20_blank|\u00bb css=\u00bb.vc_custom_1526311281393{margin-bottom: -10px !important;padding-top: 15px !important;}\u00bb][vc_column_text css=\u00bb.vc_custom_1526313696589{padding-top: 25px !important;padding-right: 15px !important;padding-bottom: 15px !important;padding-left: 15px !important;}\u00bb]<\/p>\n<p style=\"text-align: center;\"><a href=\"https:\/\/goo.gl\/maps\/p33hs3bWVkQ2\" target=\"_blank\" rel=\"noopener noreferrer\"><strong>Ruta<\/strong><\/a><\/p>\n<p>[\/vc_column_text][\/vc_column_inner][\/vc_row_inner]<\/div>[\/vc_column][\/vc_row][vc_row css=\u00bb.vc_custom_1519835235360{background-color: #b5b5b5 !important;}\u00bb][vc_column]<div class=\"wrappedcontent\">[vc_row_inner css=\u00bb.vc_custom_1521457909863{margin-top: -30px !important;margin-bottom: -30px !important;}\u00bb][vc_column_inner width=\u00bb1\/6&#8243;][vc_icon type=\u00bbmaterial\u00bb icon_material=\u00bbvc-material vc-material-local_parking\u00bb color=\u00bbwhite\u00bb align=\u00bbcenter\u00bb css=\u00bb.vc_custom_1519835290994{margin-top: -10px !important;margin-bottom: -10px !important;}\u00bb][vc_column_text]<\/p>\n<p style=\"text-align: center;\"><span style=\"color: #ffffff;\">Parking gratuito<\/span><\/p>\n<p>[\/vc_column_text][\/vc_column_inner][vc_column_inner width=\u00bb1\/6&#8243;][vc_icon type=\u00bbtypicons\u00bb icon_typicons=\u00bbtypcn typcn-wi-fi\u00bb color=\u00bbwhite\u00bb align=\u00bbcenter\u00bb css=\u00bb.vc_custom_1519835370234{margin-top: -10px !important;margin-bottom: -10px !important;}\u00bb][vc_column_text]<\/p>\n<p style=\"text-align: center;\"><span style=\"color: #ffffff;\">Wifi gratuito<\/span><\/p>\n<p>[\/vc_column_text][\/vc_column_inner][vc_column_inner width=\u00bb1\/6&#8243;][vc_icon type=\u00bbentypo\u00bb icon_entypo=\u00bbentypo-icon entypo-icon-back-in-time\u00bb color=\u00bbwhite\u00bb align=\u00bbcenter\u00bb css=\u00bb.vc_custom_1519835405469{margin-top: -10px !important;margin-bottom: -10px !important;}\u00bb][vc_column_text]<\/p>\n<p style=\"text-align: center;\"><span style=\"color: #ffffff;\">Recepci\u00f3n de lunes a domingo<\/span><\/p>\n<p>[\/vc_column_text][\/vc_column_inner][vc_column_inner width=\u00bb1\/6&#8243;][vc_icon icon_fontawesome=\u00bbfa fa-globe\u00bb color=\u00bbwhite\u00bb align=\u00bbcenter\u00bb css=\u00bb.vc_custom_1519835419315{margin-top: -10px !important;margin-bottom: -10px !important;}\u00bb][vc_column_text]<\/p>\n<p style=\"text-align: center;\"><span style=\"color: #ffffff;\">Multiling\u00fce<\/span><\/p>\n<p>[\/vc_column_text][\/vc_column_inner][vc_column_inner width=\u00bb1\/6&#8243;][vc_icon icon_fontawesome=\u00bbfa fa-bed\u00bb color=\u00bbwhite\u00bb align=\u00bbcenter\u00bb css=\u00bb.vc_custom_1519835444297{margin-top: -10px !important;margin-bottom: -10px !important;}\u00bb][vc_column_text]<\/p>\n<p style=\"text-align: center;\"><span style=\"color: #ffffff;\">Paquete hotelero<\/span><\/p>\n<p>[\/vc_column_text][\/vc_column_inner][vc_column_inner width=\u00bb1\/6&#8243;][vc_icon icon_fontawesome=\u00bbfa fa-lock\u00bb color=\u00bbwhite\u00bb align=\u00bbcenter\u00bb css=\u00bb.vc_custom_1519835472963{margin-top: -10px !important;margin-bottom: -10px !important;}\u00bb][vc_column_text]<\/p>\n<p style=\"text-align: center;\"><span style=\"color: #ffffff;\">Pago seguro<\/span><\/p>\n<p>[\/vc_column_text][\/vc_column_inner][\/vc_row_inner]<\/div>[\/vc_column][\/vc_row]<\/p>\n<\/div>","protected":false},"excerpt":{"rendered":"<p>[vc_row][vc_column][vc_single_image image=\u00bb6414&#8243; img_size=\u00bb1900&#215;500&#8243;][\/vc_column][\/vc_row][vc_row][vc_column][\/vc_column][\/vc_row][vc_row css=\u00bb.vc_custom_1519830353799{background-color: #e8e8e8 !important;}\u00bb][vc_column][\/vc_column][\/vc_row][vc_row][vc_column][\/vc_column][\/vc_row][vc_row css=\u00bb.vc_custom_1519832214619{background-color: #e84e1b !important;}\u00bb][vc_column][\/vc_column][\/vc_row][vc_row css=\u00bb.vc_custom_1519832244736{background-color: #e8e8e8 !important;}\u00bb][vc_column][\/vc_column][\/vc_row][vc_row][vc_column][\/vc_column][\/vc_row][vc_row css=\u00bb.vc_custom_1519835235360{background-color: #b5b5b5 !important;}\u00bb][vc_column][\/vc_column][\/vc_row]<\/p>\n","protected":false},"author":1,"featured_media":0,"parent":0,"menu_order":0,"comment_status":"closed","ping_status":"closed","template":"","meta":{"footnotes":""},"class_list":["post-570","page","type-page","status-publish","hentry"],"yoast_head":"<!-- This site is optimized with the Yoast SEO plugin v25.6 - https:\/\/yoast.com\/wordpress\/plugins\/seo\/ -->\n<title>Trabaja, qu\u00e9date, desconecta - Camping de Paris<\/title>\n<meta name=\"description\" content=\"La alternativa natural al negocio hotelero para sus viajes de negocios. Alojamiento confortable cerca de todos los servicios y al centro de Par\u00eds, servicios pr\u00e1cticos para facilitar su estancia ...\" \/>\n<meta name=\"robots\" content=\"index, follow, max-snippet:-1, max-image-preview:large, max-video-preview:-1\" \/>\n<link rel=\"canonical\" href=\"https:\/\/www.campingparis.fr\/es\/negocios\/\" \/>\n<meta property=\"og:locale\" content=\"es_ES\" \/>\n<meta property=\"og:type\" content=\"article\" \/>\n<meta property=\"og:title\" content=\"Trabaja, qu\u00e9date, desconecta - Camping de Paris\" \/>\n<meta property=\"og:description\" content=\"La alternativa natural al negocio hotelero para sus viajes de negocios. Alojamiento confortable cerca de todos los servicios y al centro de Par\u00eds, servicios pr\u00e1cticos para facilitar su estancia ...\" \/>\n<meta property=\"og:url\" content=\"https:\/\/www.campingparis.fr\/es\/negocios\/\" \/>\n<meta property=\"og:site_name\" content=\"Camping de Paris\" \/>\n<meta property=\"article:modified_time\" content=\"2023-12-18T16:11:26+00:00\" \/>\n<meta name=\"twitter:card\" content=\"summary_large_image\" \/>\n<meta name=\"twitter:label1\" content=\"Est. reading time\" \/>\n\t<meta name=\"twitter:data1\" content=\"4 minutos\" \/>\n<script type=\"application\/ld+json\" class=\"yoast-schema-graph\">{\"@context\":\"https:\/\/schema.org\",\"@graph\":[{\"@type\":\"WebPage\",\"@id\":\"https:\/\/www.campingparis.fr\/es\/negocios\/\",\"url\":\"https:\/\/www.campingparis.fr\/es\/negocios\/\",\"name\":\"Trabaja, qu\u00e9date, desconecta - Camping de Paris\",\"isPartOf\":{\"@id\":\"https:\/\/www.campingparis.fr\/es\/#website\"},\"datePublished\":\"2018-02-28T08:50:12+00:00\",\"dateModified\":\"2023-12-18T16:11:26+00:00\",\"description\":\"La alternativa natural al negocio hotelero para sus viajes de negocios. Alojamiento confortable cerca de todos los servicios y al centro de Par\u00eds, servicios pr\u00e1cticos para facilitar su estancia ...\",\"breadcrumb\":{\"@id\":\"https:\/\/www.campingparis.fr\/es\/negocios\/#breadcrumb\"},\"inLanguage\":\"es\",\"potentialAction\":[{\"@type\":\"ReadAction\",\"target\":[\"https:\/\/www.campingparis.fr\/es\/negocios\/\"]}]},{\"@type\":\"BreadcrumbList\",\"@id\":\"https:\/\/www.campingparis.fr\/es\/negocios\/#breadcrumb\",\"itemListElement\":[{\"@type\":\"ListItem\",\"position\":1,\"name\":\"Accueil\",\"item\":\"https:\/\/www.campingparis.fr\/es\/\"},{\"@type\":\"ListItem\",\"position\":2,\"name\":\"Negocios\"}]},{\"@type\":\"WebSite\",\"@id\":\"https:\/\/www.campingparis.fr\/es\/#website\",\"url\":\"https:\/\/www.campingparis.fr\/es\/\",\"name\":\"Camping de Paris\",\"description\":\"Un site utilisant Citykamp\",\"potentialAction\":[{\"@type\":\"SearchAction\",\"target\":{\"@type\":\"EntryPoint\",\"urlTemplate\":\"https:\/\/www.campingparis.fr\/es\/?s={search_term_string}\"},\"query-input\":{\"@type\":\"PropertyValueSpecification\",\"valueRequired\":true,\"valueName\":\"search_term_string\"}}],\"inLanguage\":\"es\"}]}<\/script>\n<!-- \/ Yoast SEO plugin. -->","yoast_head_json":{"title":"Trabaja, qu\u00e9date, desconecta - Camping de Paris","description":"La alternativa natural al negocio hotelero para sus viajes de negocios. Alojamiento confortable cerca de todos los servicios y al centro de Par\u00eds, servicios pr\u00e1cticos para facilitar su estancia ...","robots":{"index":"index","follow":"follow","max-snippet":"max-snippet:-1","max-image-preview":"max-image-preview:large","max-video-preview":"max-video-preview:-1"},"canonical":"https:\/\/www.campingparis.fr\/es\/negocios\/","og_locale":"es_ES","og_type":"article","og_title":"Trabaja, qu\u00e9date, desconecta - Camping de Paris","og_description":"La alternativa natural al negocio hotelero para sus viajes de negocios. Alojamiento confortable cerca de todos los servicios y al centro de Par\u00eds, servicios pr\u00e1cticos para facilitar su estancia ...","og_url":"https:\/\/www.campingparis.fr\/es\/negocios\/","og_site_name":"Camping de Paris","article_modified_time":"2023-12-18T16:11:26+00:00","twitter_card":"summary_large_image","twitter_misc":{"Est. reading time":"4 minutos"},"schema":{"@context":"https:\/\/schema.org","@graph":[{"@type":"WebPage","@id":"https:\/\/www.campingparis.fr\/es\/negocios\/","url":"https:\/\/www.campingparis.fr\/es\/negocios\/","name":"Trabaja, qu\u00e9date, desconecta - Camping de Paris","isPartOf":{"@id":"https:\/\/www.campingparis.fr\/es\/#website"},"datePublished":"2018-02-28T08:50:12+00:00","dateModified":"2023-12-18T16:11:26+00:00","description":"La alternativa natural al negocio hotelero para sus viajes de negocios. Alojamiento confortable cerca de todos los servicios y al centro de Par\u00eds, servicios pr\u00e1cticos para facilitar su estancia ...","breadcrumb":{"@id":"https:\/\/www.campingparis.fr\/es\/negocios\/#breadcrumb"},"inLanguage":"es","potentialAction":[{"@type":"ReadAction","target":["https:\/\/www.campingparis.fr\/es\/negocios\/"]}]},{"@type":"BreadcrumbList","@id":"https:\/\/www.campingparis.fr\/es\/negocios\/#breadcrumb","itemListElement":[{"@type":"ListItem","position":1,"name":"Accueil","item":"https:\/\/www.campingparis.fr\/es\/"},{"@type":"ListItem","position":2,"name":"Negocios"}]},{"@type":"WebSite","@id":"https:\/\/www.campingparis.fr\/es\/#website","url":"https:\/\/www.campingparis.fr\/es\/","name":"Camping de Paris","description":"Un site utilisant Citykamp","potentialAction":[{"@type":"SearchAction","target":{"@type":"EntryPoint","urlTemplate":"https:\/\/www.campingparis.fr\/es\/?s={search_term_string}"},"query-input":{"@type":"PropertyValueSpecification","valueRequired":true,"valueName":"search_term_string"}}],"inLanguage":"es"}]}},"_links":{"self":[{"href":"https:\/\/www.campingparis.fr\/es\/wp-json\/wp\/v2\/pages\/570","targetHints":{"allow":["GET"]}}],"collection":[{"href":"https:\/\/www.campingparis.fr\/es\/wp-json\/wp\/v2\/pages"}],"about":[{"href":"https:\/\/www.campingparis.fr\/es\/wp-json\/wp\/v2\/types\/page"}],"author":[{"embeddable":true,"href":"https:\/\/www.campingparis.fr\/es\/wp-json\/wp\/v2\/users\/1"}],"replies":[{"embeddable":true,"href":"https:\/\/www.campingparis.fr\/es\/wp-json\/wp\/v2\/comments?post=570"}],"version-history":[{"count":3,"href":"https:\/\/www.campingparis.fr\/es\/wp-json\/wp\/v2\/pages\/570\/revisions"}],"predecessor-version":[{"id":7592,"href":"https:\/\/www.campingparis.fr\/es\/wp-json\/wp\/v2\/pages\/570\/revisions\/7592"}],"wp:attachment":[{"href":"https:\/\/www.campingparis.fr\/es\/wp-json\/wp\/v2\/media?parent=570"}],"curies":[{"name":"wp","href":"https:\/\/api.w.org\/{rel}","templated":true}]}}