{"id":573,"date":"2018-02-26T15:02:53","date_gmt":"2018-02-26T14:02:53","guid":{"rendered":"https:\/\/citykamp.com\/campingparis\/es\/region\/"},"modified":"2026-04-13T10:26:33","modified_gmt":"2026-04-13T08:26:33","slug":"region","status":"publish","type":"page","link":"https:\/\/www.campingparis.fr\/es\/region\/","title":{"rendered":"Region"},"content":{"rendered":"<div class=\"wpb-content-wrapper\"><p>[vc_row][vc_column][vc_single_image image=\u00bb7336&#8243; img_size=\u00bb1900&#215;500&#8243; alignment=\u00bbcenter\u00bb][\/vc_column][\/vc_row][vc_row][vc_column]<div class=\"wrappedcontent\">[vc_column_text css=\u00bb\u00bb]<\/p>\n<h1 style=\"text-align: center;\"><span style=\"font-size: 24pt;\"><strong>VISITA PAR\u00cdS: MONUMENTOS, MUSEOS Y ACTIVIDADES IMPRESCINDIBLES<\/strong><\/span><\/h1>\n<p>[\/vc_column_text][vc_empty_space][vc_column_text]<\/p>\n<h3>\u00a1Sal a descubrir Par\u00eds!<\/h3>\n<p>[\/vc_column_text][vc_empty_space][vc_column_text]El Camping de Paris se encuentra en un lugar privilegiado, en pleno coraz\u00f3n del distrito XVI de Par\u00eds, ideal para descubrir la capital.<br \/>\n<i class=\"fa fa-info-circle\"><\/i>\u00a0\u00a0<em><span style=\"font-size: 10pt;\">El punto de informaci\u00f3n tur\u00edstica del camping est\u00e1 disponible en la <a href=\"https:\/\/campingparis.fr\/es\/actividades-servicios\/\" target=\"_blank\" rel=\"noopener noreferrer\">recepci\u00f3n<\/a> , donde te guiar\u00e1n con mucho gusto en tu aventura parisina. Disponemos de un autob\u00fas para garantizar el transporte entre el camping y la estaci\u00f3n de metro \u00abPorte Maillot\u00bb. Informaci\u00f3n y venta de billetes en la recepci\u00f3n.<\/span><\/em>[\/vc_column_text]<\/div>[\/vc_column][\/vc_row][vc_row css=\u00bb.vc_custom_1519832631399{background-color: #e8e8e8 !important;}\u00bb][vc_column]<div class=\"wrappedcontent\">[vc_column_text]<\/p>\n<h3>Visitar Par\u00eds<\/h3>\n<p>Pasar una estad\u00eda en Par\u00eds, es a la vez, descubrir, pasear, cultivarse, divertirse, maravillarse. He aqu\u00ed algunas ideas para preparar su visita.[\/vc_column_text][vc_empty_space height=\u00bb50px\u00bb][vc_column_text]<\/p>\n<h4 style=\"text-align: center;\"><span style=\"color: #333333;\">\u2014\u00a0<\/span><span style=\"color: #e84e1b;\">Descubre\u00a0<\/span><span style=\"color: #333333;\">\u2014<\/span><\/h4>\n<p>[\/vc_column_text][vc_empty_space height=\u00bb50px\u00bb][vc_masonry_media_grid element_width=\u00bb3&#8243; gap=\u00bb20&#8243; item=\u00bb52&#8243; grid_id=\u00bbvc_gid:1776068635648-9672fea2-48ea-0&#8243; include=\u00bb2615,2610,2600,2595&#8243;][vc_empty_space height=\u00bb12px\u00bb][vc_column_text]Descubra un patrimonio \u00fanico y los monumentos inconturnables, s\u00edmbolos de la Capital: la Torre Eiffel(estaci\u00f3n de metro Bir-Hakeim), el Arco del Triunfo (estaci\u00f3n de metro Charles de Gaulle Etoile) y los camposEliseos (estaci\u00f3n de metro Frankiln D. Roosevelt o Georges V), Notre Dame de Par\u00eds (estaci\u00f3n de metro Cit\u00e9 o Ch\u00e2telet), el Sacr\u00e9 Coeur (estaci\u00f3n de metro Anvers), el Opera (estaci\u00f3n de metro Op\u00e9ra)..<\/p>\n<p>Visitae Par\u00eds, est tambi\u00e9n recorrer sus numerosos barrios con ambientes singulares: el barrio Latino, Le Marais, Mes Batignolles, la Butte aux cailles, Montmartre, las islas de la Cit\u00e9 y Saint-Louis&#8230;[\/vc_column_text]<\/div>[\/vc_column][\/vc_row][vc_row][vc_column]<div class=\"wrappedcontent\">[vc_column_text]<\/p>\n<h4 style=\"text-align: center;\"><span style=\"color: #333333;\">\u2014\u00a0<\/span><span style=\"color: #e84e1b;\">Cultivarse\u00a0<\/span><span style=\"color: #333333;\">\u2014<\/span><\/h4>\n<p>[\/vc_column_text][vc_empty_space height=\u00bb50px\u00bb][vc_masonry_media_grid gap=\u00bb20&#8243; item=\u00bb52&#8243; grid_id=\u00bbvc_gid:1776068635657-824c719e-a25b-7&#8243; include=\u00bb2635,2625,2630&#8243;][vc_empty_space height=\u00bb12px\u00bb][vc_column_text]\u00a1Par\u00eds est la ciudad del arte y de la cultura! Una concentraci\u00f3n deslumbrante de tesoros culturales se ofrece a usted.<\/p>\n<p>Descubra algunos de los 180 museos y monuments de Par\u00eds: el museo del Louvre, el museo de Orsay, el museo de Quai Branly, el Centro naticonal de arte y de culture Georges Pompidou, la Cit\u00e9 des Sciences et de l&#8217;Industrie que hace de la sciencia, un juego para los ni\u00f1os y capta la atenci\u00f3, de los grandes&#8230;[\/vc_column_text]<\/div>[\/vc_column][\/vc_row][vc_row css=\u00bb.vc_custom_1519832631399{background-color: #e8e8e8 !important;}\u00bb][vc_column]<div class=\"wrappedcontent\">[vc_column_text]<\/p>\n<h4 style=\"text-align: center;\"><span style=\"color: #333333;\">\u2014\u00a0<\/span><span style=\"color: #e84e1b;\">Pasear <\/span><span style=\"color: #333333;\">\u2014<\/span><\/h4>\n<p>[\/vc_column_text][vc_empty_space height=\u00bb50px\u00bb][vc_masonry_media_grid gap=\u00bb20&#8243; item=\u00bb52&#8243; grid_id=\u00bbvc_gid:1776068635663-6a72e80a-b530-3&#8243; include=\u00bb2655,2650,2660&#8243;][vc_empty_space height=\u00bb12px\u00bb][vc_column_text]Par\u00eds rebosa de parques y jardines y siempre es posible de concederse un momento tranquilo, de descanso y de exploraci\u00f3n.<\/p>\n<p>Algunas ideas de paseos: \u00a1 Descubra los 10 jardines a tema del Parc de La Villette, sobre 55 hect\u00e1reas de verdor, un parque inmenso!<br \/>\nA algunos minutos del camping, el jardin de aclimataci\u00f3n, en el coraz\u00f3n de Bois de Boulogne, ofrece 19 hect\u00e1reas de relajaci\u00f3n, mezclando attacciones y animaciones para los peque\u00f1os y los grandes. Aprecie igualmente los numerosos senderos pedestres y pistas ciclables de Bois de Boulogne, sus jardines, sus lagos&#8230;<br \/>\nU opte por una pausa de relajaci\u00f3n en los jardines des Tuileries, entre estatuas, peque\u00f1os lagos y fuentes&#8230;, el jardin de Luxembourg, deambule a lo largo del Canal Saint Martin, admirando sus esclusas y pasarellas rom\u00e1nticas&#8230;[\/vc_column_text][vc_empty_space height=\u00bb24px\u00bb][vc_masonry_media_grid element_width=\u00bb6&#8243; gap=\u00bb20&#8243; item=\u00bb52&#8243; grid_id=\u00bbvc_gid:1776068635668-6215771d-17e8-1&#8243; include=\u00bb2640,2645&#8243;]<\/div>[\/vc_column][\/vc_row][vc_row][vc_column]<div class=\"wrappedcontent\">[vc_column_text]<\/p>\n<h4 style=\"text-align: center;\"><span style=\"color: #333333;\">\u2014\u00a0<\/span><span style=\"color: #e84e1b;\">Divertirse\u00a0<\/span><span style=\"color: #333333;\">\u2014<\/span><\/h4>\n<p>[\/vc_column_text][vc_empty_space height=\u00bb50px\u00bb][vc_masonry_media_grid gap=\u00bb20&#8243; item=\u00bb52&#8243; grid_id=\u00bbvc_gid:1776068635672-2bd550be-ce8d-10&#8243; include=\u00bb2620,2605,2590&#8243;][vc_empty_space height=\u00bb12px\u00bb][vc_column_text]Viva momentos m\u00e1gicos y l\u00fadicos en los parques de ocio alrededor: Disneyland Resort Paris, el Aquarium Sea Life, el Parc Ast\u00e9rix, y tambi\u00e9n el Jardin de aclimataci\u00f3n en las puertas del Camping y en el coraz\u00f3n de Bois de Boulogne\u2026[\/vc_column_text]<\/div>[\/vc_column][\/vc_row][vc_row css=\u00bb.vc_custom_1519832631399{background-color: #e8e8e8 !important;}\u00bb][vc_column]<div class=\"wrappedcontent\">[vc_column_text]<\/p>\n<h4 style=\"text-align: center;\"><span style=\"color: #333333;\">\u2014\u00a0<\/span><span style=\"color: #e84e1b;\">Maravillarse<\/span><span style=\"color: #333333;\">\u2014<\/span><\/h4>\n<p>[\/vc_column_text][vc_empty_space height=\u00bb50px\u00bb][vc_column_text]Par\u00eds m\u00edtico, Par\u00eds intemporal, Par\u00eds monumental, Par\u00eds ins\u00f3lito, Par\u00eds cosmop\u00f3lito, Par\u00eds popular, Par\u00eds tendencia, Par\u00eds artista\u2026 tantas facetas a explorar, tantes ocasiones para maravillarse\u2026.<\/p>\n<p>Para saber qu\u00e9 visitar en Par\u00eds, echa un vistazo <a href=\"https:\/\/es.parisinfo.com\/donde-salir-por-paris\" target=\"_blank\" rel=\"noopener noreferrer\"><span style=\"text-decoration: underline;\">aqu\u00ed<\/span><\/a>.[\/vc_column_text][vc_column_text]\u00bfQuieres descubrir y visitar un barrio de Par\u00eds de otra forma? Descubre todas las caras de un barrio de Par\u00eds con un \u00abacompa\u00f1ante\u00bb parisino. Un turismo humano, de encuentros, para compartir, aut\u00e9ntico y acogedor![\/vc_column_text]<\/div>[\/vc_column][\/vc_row][vc_row][vc_column]<div class=\"wrappedcontent\">[vc_row_inner equal_height=\u00bbyes\u00bb gap=\u00bb15&#8243; css=\u00bb.vc_custom_1526374277088{margin-left: -0.5px !important;}\u00bb][vc_column_inner width=\u00bb1\/3&#8243; css=\u00bb.vc_custom_1526303150323{background-color: #e8e8e8 !important;}\u00bb][vc_icon icon_fontawesome=\u00bbfar fa-map\u00bb color=\u00bbcustom\u00bb size=\u00bblg\u00bb align=\u00bbcenter\u00bb css=\u00bb.vc_custom_1676024602777{margin-bottom: -10px !important;padding-top: 15px !important;}\u00bb custom_color=\u00bb#e84e1b\u00bb link=\u00bburl:https%3A%2F%2Fmedia.huttopia.com%2Fdestinations%2Fparis%2Fplan-camping-citykamp-paris.pdf|target:_blank\u00bb][vc_column_text css=\u00bb.vc_custom_1676024610880{padding-top: 25px !important;padding-right: 15px !important;padding-bottom: 15px !important;padding-left: 15px !important;}\u00bb]<\/p>\n<p style=\"text-align: center;\"><a href=\"https:\/\/media.huttopia.com\/destinations\/paris\/plan-camping-citykamp-paris.pdf\" target=\"_blank\" rel=\"noopener noreferrer\"><strong>Plano del camping<\/strong><\/a><\/p>\n<p>[\/vc_column_text][\/vc_column_inner][vc_column_inner width=\u00bb1\/3&#8243; css=\u00bb.vc_custom_1526303156886{background-color: #e8e8e8 !important;}\u00bb][vc_icon icon_fontawesome=\u00bbfa fa-calendar-check-o\u00bb color=\u00bbcustom\u00bb size=\u00bblg\u00bb align=\u00bbcenter\u00bb css=\u00bb.vc_custom_1526313687952{margin-bottom: -10px !important;padding-top: 15px !important;}\u00bb custom_color=\u00bb#e84e1b\u00bb link=\u00bburl:http%3A%2F%2Fcheckout.citykamp.com%2Fsite%2Fes%2F890||target:%20_blank|\u00bb][vc_column_text css=\u00bb.vc_custom_1526313652915{padding-top: 25px !important;padding-right: 15px !important;padding-bottom: 15px !important;padding-left: 15px !important;}\u00bb]<\/p>\n<p style=\"text-align: center;\"><a href=\"http:\/\/checkout.citykamp.com\/site\/es\/890\" target=\"_blank\" rel=\"noopener noreferrer\"><strong>Reserva tu estancia<\/strong><\/a><\/p>\n<p>[\/vc_column_text][\/vc_column_inner][vc_column_inner width=\u00bb1\/3&#8243; css=\u00bb.vc_custom_1526303163974{background-color: #e8e8e8 !important;}\u00bb][vc_icon icon_fontawesome=\u00bbfa fa-map-marker\u00bb color=\u00bbcustom\u00bb size=\u00bblg\u00bb align=\u00bbcenter\u00bb css=\u00bb.vc_custom_1526311281393{margin-bottom: -10px !important;padding-top: 15px !important;}\u00bb custom_color=\u00bb#e84e1b\u00bb link=\u00bburl:https%3A%2F%2Fgoo.gl%2Fmaps%2Fp33hs3bWVkQ2||target:%20_blank|\u00bb][vc_column_text css=\u00bb.vc_custom_1526313696589{padding-top: 25px !important;padding-right: 15px !important;padding-bottom: 15px !important;padding-left: 15px !important;}\u00bb]<\/p>\n<p style=\"text-align: center;\"><a href=\"https:\/\/goo.gl\/maps\/p33hs3bWVkQ2\" target=\"_blank\" rel=\"noopener noreferrer\"><strong>Ruta<\/strong><\/a><\/p>\n<p>[\/vc_column_text][\/vc_column_inner][\/vc_row_inner]<\/div>[\/vc_column][\/vc_row][vc_row css=\u00bb.vc_custom_1526374201015{background-color: #e8e8e8 !important;}\u00bb][vc_column]<div class=\"wrappedcontent\">[vc_column_text]<\/p>\n<h4>Galer\u00eda de fotos<\/h4>\n<p>[\/vc_column_text][vc_empty_space height=\u00bb18px\u00bb][vc_masonry_media_grid style=\u00bbload-more\u00bb items_per_page=\u00bb4&#8243; element_width=\u00bb3&#8243; gap=\u00bb10&#8243; item=\u00bb1053&#8243; btn_title=\u00bbVER M\u00c1S\u00bb btn_style=\u00bbcustom\u00bb btn_custom_background=\u00bb#e84e1b\u00bb btn_custom_text=\u00bb#ffffff\u00bb btn_shape=\u00bbsquare\u00bb btn_i_icon_fontawesome=\u00bbfa fa-camera\u00bb btn_add_icon=\u00bbtrue\u00bb grid_id=\u00bbvc_gid:1776068635681-337616e0-12a1-5&#8243; include=\u00bb3090,3105,3120,3075,3080,3085,3095,3100,3110,3115&#8243;]<\/div>[vc_gmaps link=\u00bb#E-8_JTNDaWZyYW1lJTIwc3JjJTNEJTIyaHR0cHMlM0ElMkYlMkZ3d3cuZ29vZ2xlLmNvbSUyRm1hcHMlMkZlbWJlZCUzRnBiJTNEJTIxMW0xOCUyMTFtMTIlMjExbTMlMjExZDI2MjQuNDQ3ODU5MTMwNjAzMyUyMTJkMi4yMzI3MDU0MTU2NzQ3NjIlMjEzZDQ4Ljg2ODczODI3OTI4ODQ1JTIxMm0zJTIxMWYwJTIxMmYwJTIxM2YwJTIxM20yJTIxMWkxMDI0JTIxMmk3NjglMjE0ZjEzLjElMjEzbTMlMjExbTIlMjExczB4NDdlNjdiMmVhYTkxOTVhOSUyNTNBMHhiMTEwMzBiOTY4NmEzYjkwJTIxMnMyJTJCQWxsJTI1QzMlMjVBOWUlMkJkdSUyQkJvcmQlMkJkZSUyQmwlMjYlMjMzOSUzQkVhdSUyNTJDJTJCNzUwMTYlMkJQYXJpcyUyMTVlMCUyMTNtMiUyMTFzZnIlMjEyc2ZyJTIxNHYxNTE5ODMxNDM0ODgzJTIyJTIwd2lkdGglM0QlMjI2MDAlMjIlMjBoZWlnaHQlM0QlMjI0NTAlMjIlMjBmcmFtZWJvcmRlciUzRCUyMjAlMjIlMjBzdHlsZSUzRCUyMmJvcmRlciUzQTAlMjIlMjBhbGxvd2Z1bGxzY3JlZW4lM0UlM0MlMkZpZnJhbWUlM0U=\u00bb][\/vc_column][\/vc_row][vc_row css=\u00bb.vc_custom_1519835574469{background-color: #b5b5b5 !important;}\u00bb][vc_column]<div class=\"wrappedcontent\">[vc_row_inner css=\u00bb.vc_custom_1521457855626{margin-top: -30px !important;margin-bottom: -30px !important;}\u00bb][vc_column_inner width=\u00bb1\/6&#8243;][vc_icon type=\u00bbmaterial\u00bb icon_material=\u00bbvc-material vc-material-local_parking\u00bb color=\u00bbwhite\u00bb align=\u00bbcenter\u00bb css=\u00bb.vc_custom_1519835673618{margin-top: -10px !important;margin-bottom: -10px !important;}\u00bb][vc_column_text]<\/p>\n<p style=\"text-align: center;\"><span style=\"color: #ffffff;\">Parking gratuito<\/span><\/p>\n<p>[\/vc_column_text][\/vc_column_inner][vc_column_inner width=\u00bb1\/6&#8243;][vc_icon type=\u00bbtypicons\u00bb icon_typicons=\u00bbtypcn typcn-wi-fi\u00bb color=\u00bbwhite\u00bb align=\u00bbcenter\u00bb css=\u00bb.vc_custom_1519835760479{margin-top: -10px !important;margin-bottom: -10px !important;}\u00bb][vc_column_text]<\/p>\n<p style=\"text-align: center;\"><span style=\"color: #ffffff;\">Wifi gratuito<\/span><\/p>\n<p>[\/vc_column_text][\/vc_column_inner][vc_column_inner width=\u00bb1\/6&#8243;][vc_icon type=\u00bbentypo\u00bb icon_entypo=\u00bbentypo-icon entypo-icon-back-in-time\u00bb color=\u00bbwhite\u00bb align=\u00bbcenter\u00bb css=\u00bb.vc_custom_1519835770523{margin-top: -10px !important;margin-bottom: -10px !important;}\u00bb][vc_column_text]<\/p>\n<p style=\"text-align: center;\"><span style=\"color: #ffffff;\">Recepci\u00f3n de lunes a domingo<\/span><\/p>\n<p>[\/vc_column_text][\/vc_column_inner][vc_column_inner width=\u00bb1\/6&#8243;][vc_icon icon_fontawesome=\u00bbfa fa-globe\u00bb color=\u00bbwhite\u00bb align=\u00bbcenter\u00bb css=\u00bb.vc_custom_1519835786965{margin-top: -10px !important;margin-bottom: -10px !important;}\u00bb][vc_column_text]<\/p>\n<p style=\"text-align: center;\"><span style=\"color: #ffffff;\">Multiling\u00fce<\/span><\/p>\n<p>[\/vc_column_text][\/vc_column_inner][vc_column_inner width=\u00bb1\/6&#8243;][vc_icon icon_fontawesome=\u00bbfa fa-bed\u00bb color=\u00bbwhite\u00bb align=\u00bbcenter\u00bb css=\u00bb.vc_custom_1519835802156{margin-top: -10px !important;margin-bottom: -10px !important;}\u00bb][vc_column_text]<\/p>\n<p style=\"text-align: center;\"><span style=\"color: #ffffff;\">Paquete hotelero<\/span><\/p>\n<p>[\/vc_column_text][\/vc_column_inner][vc_column_inner width=\u00bb1\/6&#8243;][vc_icon icon_fontawesome=\u00bbfa fa-lock\u00bb color=\u00bbwhite\u00bb align=\u00bbcenter\u00bb css=\u00bb.vc_custom_1519835828011{margin-top: -10px !important;margin-bottom: -10px !important;}\u00bb][vc_column_text]<\/p>\n<p style=\"text-align: center;\"><span style=\"color: #ffffff;\">Pago seguro<\/span><\/p>\n<p>[\/vc_column_text][\/vc_column_inner][\/vc_row_inner]<\/div>[\/vc_column][\/vc_row]<\/p>\n<\/div>","protected":false},"excerpt":{"rendered":"<p>[vc_row][vc_column][vc_single_image image=\u00bb7336&#8243; img_size=\u00bb1900&#215;500&#8243; alignment=\u00bbcenter\u00bb][\/vc_column][\/vc_row][vc_row][vc_column][\/vc_column][\/vc_row][vc_row css=\u00bb.vc_custom_1519832631399{background-color: #e8e8e8 !important;}\u00bb][vc_column][\/vc_column][\/vc_row][vc_row][vc_column][\/vc_column][\/vc_row][vc_row css=\u00bb.vc_custom_1519832631399{background-color: #e8e8e8 !important;}\u00bb][vc_column][\/vc_column][\/vc_row][vc_row][vc_column][\/vc_column][\/vc_row][vc_row css=\u00bb.vc_custom_1519832631399{background-color: #e8e8e8 !important;}\u00bb][vc_column][\/vc_column][\/vc_row][vc_row][vc_column][\/vc_column][\/vc_row][vc_row css=\u00bb.vc_custom_1526374201015{background-color: #e8e8e8 !important;}\u00bb][vc_column][vc_gmaps link=\u00bb#E-8_JTNDaWZyYW1lJTIwc3JjJTNEJTIyaHR0cHMlM0ElMkYlMkZ3d3cuZ29vZ2xlLmNvbSUyRm1hcHMlMkZlbWJlZCUzRnBiJTNEJTIxMW0xOCUyMTFtMTIlMjExbTMlMjExZDI2MjQuNDQ3ODU5MTMwNjAzMyUyMTJkMi4yMzI3MDU0MTU2NzQ3NjIlMjEzZDQ4Ljg2ODczODI3OTI4ODQ1JTIxMm0zJTIxMWYwJTIxMmYwJTIxM2YwJTIxM20yJTIxMWkxMDI0JTIxMmk3NjglMjE0ZjEzLjElMjEzbTMlMjExbTIlMjExczB4NDdlNjdiMmVhYTkxOTVhOSUyNTNBMHhiMTEwMzBiOTY4NmEzYjkwJTIxMnMyJTJCQWxsJTI1QzMlMjVBOWUlMkJkdSUyQkJvcmQlMkJkZSUyQmwlMjYlMjMzOSUzQkVhdSUyNTJDJTJCNzUwMTYlMkJQYXJpcyUyMTVlMCUyMTNtMiUyMTFzZnIlMjEyc2ZyJTIxNHYxNTE5ODMxNDM0ODgzJTIyJTIwd2lkdGglM0QlMjI2MDAlMjIlMjBoZWlnaHQlM0QlMjI0NTAlMjIlMjBmcmFtZWJvcmRlciUzRCUyMjAlMjIlMjBzdHlsZSUzRCUyMmJvcmRlciUzQTAlMjIlMjBhbGxvd2Z1bGxzY3JlZW4lM0UlM0MlMkZpZnJhbWUlM0U=\u00bb][\/vc_column][\/vc_row][vc_row css=\u00bb.vc_custom_1519835574469{background-color: #b5b5b5 !important;}\u00bb][vc_column][\/vc_column][\/vc_row]<\/p>\n","protected":false},"author":1,"featured_media":0,"parent":0,"menu_order":0,"comment_status":"closed","ping_status":"closed","template":"","meta":{"footnotes":""},"class_list":["post-573","page","type-page","status-publish","hentry"],"yoast_head":"<!-- This site is optimized with the Yoast SEO plugin v25.6 - https:\/\/yoast.com\/wordpress\/plugins\/seo\/ -->\n<title>Explora la capital desde el Camping de Paris \u2013 Acceso f\u00e1cil<\/title>\n<meta name=\"description\" content=\"\u00a1Descubra la regi\u00f3n y la ciudad de Par\u00eds y sus barrios \u00fanicos! Sus jardines, sus monumentos ... Una ciudad de historia y encanto, cerca del camping. Explore tambi\u00e9n el Bois de Boulogne, sus lagos y zonas verdes.\" \/>\n<meta name=\"robots\" content=\"index, follow, max-snippet:-1, max-image-preview:large, max-video-preview:-1\" \/>\n<link rel=\"canonical\" href=\"https:\/\/www.campingparis.fr\/es\/region\/\" \/>\n<meta property=\"og:locale\" content=\"es_ES\" \/>\n<meta property=\"og:type\" content=\"article\" \/>\n<meta property=\"og:title\" content=\"Explora la capital desde el Camping de Paris \u2013 Acceso f\u00e1cil\" \/>\n<meta property=\"og:description\" content=\"\u00a1Descubra la regi\u00f3n y la ciudad de Par\u00eds y sus barrios \u00fanicos! Sus jardines, sus monumentos ... Una ciudad de historia y encanto, cerca del camping. Explore tambi\u00e9n el Bois de Boulogne, sus lagos y zonas verdes.\" \/>\n<meta property=\"og:url\" content=\"https:\/\/www.campingparis.fr\/es\/region\/\" \/>\n<meta property=\"og:site_name\" content=\"Camping de Paris\" \/>\n<meta property=\"article:modified_time\" content=\"2026-04-13T08:26:33+00:00\" \/>\n<meta name=\"twitter:card\" content=\"summary_large_image\" \/>\n<meta name=\"twitter:label1\" content=\"Est. reading time\" \/>\n\t<meta name=\"twitter:data1\" content=\"10 minutos\" \/>\n<script type=\"application\/ld+json\" class=\"yoast-schema-graph\">{\"@context\":\"https:\/\/schema.org\",\"@graph\":[{\"@type\":\"WebPage\",\"@id\":\"https:\/\/www.campingparis.fr\/es\/region\/\",\"url\":\"https:\/\/www.campingparis.fr\/es\/region\/\",\"name\":\"Explora la capital desde el Camping de Paris \u2013 Acceso f\u00e1cil\",\"isPartOf\":{\"@id\":\"https:\/\/www.campingparis.fr\/es\/#website\"},\"datePublished\":\"2018-02-26T14:02:53+00:00\",\"dateModified\":\"2026-04-13T08:26:33+00:00\",\"description\":\"\u00a1Descubra la regi\u00f3n y la ciudad de Par\u00eds y sus barrios \u00fanicos! Sus jardines, sus monumentos ... Una ciudad de historia y encanto, cerca del camping. Explore tambi\u00e9n el Bois de Boulogne, sus lagos y zonas verdes.\",\"breadcrumb\":{\"@id\":\"https:\/\/www.campingparis.fr\/es\/region\/#breadcrumb\"},\"inLanguage\":\"es\",\"potentialAction\":[{\"@type\":\"ReadAction\",\"target\":[\"https:\/\/www.campingparis.fr\/es\/region\/\"]}]},{\"@type\":\"BreadcrumbList\",\"@id\":\"https:\/\/www.campingparis.fr\/es\/region\/#breadcrumb\",\"itemListElement\":[{\"@type\":\"ListItem\",\"position\":1,\"name\":\"Accueil\",\"item\":\"https:\/\/www.campingparis.fr\/es\/\"},{\"@type\":\"ListItem\",\"position\":2,\"name\":\"Region\"}]},{\"@type\":\"WebSite\",\"@id\":\"https:\/\/www.campingparis.fr\/es\/#website\",\"url\":\"https:\/\/www.campingparis.fr\/es\/\",\"name\":\"Camping de Paris\",\"description\":\"Un site utilisant Citykamp\",\"potentialAction\":[{\"@type\":\"SearchAction\",\"target\":{\"@type\":\"EntryPoint\",\"urlTemplate\":\"https:\/\/www.campingparis.fr\/es\/?s={search_term_string}\"},\"query-input\":{\"@type\":\"PropertyValueSpecification\",\"valueRequired\":true,\"valueName\":\"search_term_string\"}}],\"inLanguage\":\"es\"}]}<\/script>\n<!-- \/ Yoast SEO plugin. -->","yoast_head_json":{"title":"Explora la capital desde el Camping de Paris \u2013 Acceso f\u00e1cil","description":"\u00a1Descubra la regi\u00f3n y la ciudad de Par\u00eds y sus barrios \u00fanicos! Sus jardines, sus monumentos ... Una ciudad de historia y encanto, cerca del camping. Explore tambi\u00e9n el Bois de Boulogne, sus lagos y zonas verdes.","robots":{"index":"index","follow":"follow","max-snippet":"max-snippet:-1","max-image-preview":"max-image-preview:large","max-video-preview":"max-video-preview:-1"},"canonical":"https:\/\/www.campingparis.fr\/es\/region\/","og_locale":"es_ES","og_type":"article","og_title":"Explora la capital desde el Camping de Paris \u2013 Acceso f\u00e1cil","og_description":"\u00a1Descubra la regi\u00f3n y la ciudad de Par\u00eds y sus barrios \u00fanicos! Sus jardines, sus monumentos ... Una ciudad de historia y encanto, cerca del camping. Explore tambi\u00e9n el Bois de Boulogne, sus lagos y zonas verdes.","og_url":"https:\/\/www.campingparis.fr\/es\/region\/","og_site_name":"Camping de Paris","article_modified_time":"2026-04-13T08:26:33+00:00","twitter_card":"summary_large_image","twitter_misc":{"Est. reading time":"10 minutos"},"schema":{"@context":"https:\/\/schema.org","@graph":[{"@type":"WebPage","@id":"https:\/\/www.campingparis.fr\/es\/region\/","url":"https:\/\/www.campingparis.fr\/es\/region\/","name":"Explora la capital desde el Camping de Paris \u2013 Acceso f\u00e1cil","isPartOf":{"@id":"https:\/\/www.campingparis.fr\/es\/#website"},"datePublished":"2018-02-26T14:02:53+00:00","dateModified":"2026-04-13T08:26:33+00:00","description":"\u00a1Descubra la regi\u00f3n y la ciudad de Par\u00eds y sus barrios \u00fanicos! Sus jardines, sus monumentos ... Una ciudad de historia y encanto, cerca del camping. Explore tambi\u00e9n el Bois de Boulogne, sus lagos y zonas verdes.","breadcrumb":{"@id":"https:\/\/www.campingparis.fr\/es\/region\/#breadcrumb"},"inLanguage":"es","potentialAction":[{"@type":"ReadAction","target":["https:\/\/www.campingparis.fr\/es\/region\/"]}]},{"@type":"BreadcrumbList","@id":"https:\/\/www.campingparis.fr\/es\/region\/#breadcrumb","itemListElement":[{"@type":"ListItem","position":1,"name":"Accueil","item":"https:\/\/www.campingparis.fr\/es\/"},{"@type":"ListItem","position":2,"name":"Region"}]},{"@type":"WebSite","@id":"https:\/\/www.campingparis.fr\/es\/#website","url":"https:\/\/www.campingparis.fr\/es\/","name":"Camping de Paris","description":"Un site utilisant Citykamp","potentialAction":[{"@type":"SearchAction","target":{"@type":"EntryPoint","urlTemplate":"https:\/\/www.campingparis.fr\/es\/?s={search_term_string}"},"query-input":{"@type":"PropertyValueSpecification","valueRequired":true,"valueName":"search_term_string"}}],"inLanguage":"es"}]}},"_links":{"self":[{"href":"https:\/\/www.campingparis.fr\/es\/wp-json\/wp\/v2\/pages\/573","targetHints":{"allow":["GET"]}}],"collection":[{"href":"https:\/\/www.campingparis.fr\/es\/wp-json\/wp\/v2\/pages"}],"about":[{"href":"https:\/\/www.campingparis.fr\/es\/wp-json\/wp\/v2\/types\/page"}],"author":[{"embeddable":true,"href":"https:\/\/www.campingparis.fr\/es\/wp-json\/wp\/v2\/users\/1"}],"replies":[{"embeddable":true,"href":"https:\/\/www.campingparis.fr\/es\/wp-json\/wp\/v2\/comments?post=573"}],"version-history":[{"count":4,"href":"https:\/\/www.campingparis.fr\/es\/wp-json\/wp\/v2\/pages\/573\/revisions"}],"predecessor-version":[{"id":8542,"href":"https:\/\/www.campingparis.fr\/es\/wp-json\/wp\/v2\/pages\/573\/revisions\/8542"}],"wp:attachment":[{"href":"https:\/\/www.campingparis.fr\/es\/wp-json\/wp\/v2\/media?parent=573"}],"curies":[{"name":"wp","href":"https:\/\/api.w.org\/{rel}","templated":true}]}}