{"id":563,"date":"2018-02-26T15:02:29","date_gmt":"2018-02-26T14:02:29","guid":{"rendered":"https:\/\/citykamp.com\/campingparis\/it\/emplacements\/"},"modified":"2026-04-22T11:27:21","modified_gmt":"2026-04-22T09:27:21","slug":"piazzole","status":"publish","type":"page","link":"https:\/\/www.campingparis.fr\/it\/piazzole\/","title":{"rendered":"Piazzole"},"content":{"rendered":"<div class=\"wpb-content-wrapper\"><p>[vc_row][vc_column][vc_single_image image=&#8221;7348&#8243; img_size=&#8221;1900&#215;500&#8243; alignment=&#8221;center&#8221;][\/vc_column][\/vc_row][vc_row][vc_column]<div class=\"wrappedcontent\">[vc_column_text]<\/p>\n<h2 style=\"text-align: center;\">PIAZZOLE DI CAMPEGGIO A PARIGI<\/h2>\n<p style=\"text-align: center;\">Vuoi visitare la capitale e soggiornare in camping? Il Camping de Paris dispone di numerose piazzole per i campeggiatori.<\/p>\n<p style=\"text-align: center;\">Che tu venga in tenda, con il tuo caravan o con il tuo camper, questo CityKamp ti propone per tutto l\u2019anno piazzole ombreggiate, piatte, erbose, alberate e di facile accesso, per un soggiorno vicino alla natura<\/p>\n<p>[\/vc_column_text][vc_empty_space][vc_row_inner gap=&#8221;30&#8243; css=&#8221;.vc_custom_1695982723442{margin-left: -0.5px !important;}&#8221;][vc_column_inner width=&#8221;1\/3&#8243;][vc_single_image image=&#8221;7080&#8243; img_size=&#8221;600*500&#8243; alignment=&#8221;center&#8221;][\/vc_column_inner][vc_column_inner width=&#8221;1\/3&#8243;][vc_single_image image=&#8221;7086&#8243; img_size=&#8221;600*500&#8243; alignment=&#8221;center&#8221;][\/vc_column_inner][vc_column_inner width=&#8221;1\/3&#8243;][vc_single_image image=&#8221;7092&#8243; img_size=&#8221;600*500&#8243; alignment=&#8221;center&#8221;][\/vc_column_inner][\/vc_row_inner][vc_empty_space][vc_row_inner gap=&#8221;30&#8243; css=&#8221;.vc_custom_1695982731280{margin-left: -0.5px !important;}&#8221;][vc_column_inner width=&#8221;1\/6&#8243;][\/vc_column_inner][vc_column_inner width=&#8221;2\/6&#8243;][vc_single_image image=&#8221;7098&#8243; img_size=&#8221;600*500&#8243; alignment=&#8221;center&#8221;][\/vc_column_inner][vc_column_inner width=&#8221;2\/6&#8243;][vc_single_image image=&#8221;7104&#8243; img_size=&#8221;600*500&#8243; alignment=&#8221;center&#8221;][\/vc_column_inner][vc_column_inner width=&#8221;1\/6&#8243;][\/vc_column_inner][\/vc_row_inner][vc_empty_space][vc_column_text css=&#8221;&#8221;]<\/p>\n<p style=\"text-align: center;\">Sono previsti una trentina di \u201cpiazzole pedonali\u201d per i campeggiatori che arrivano senza veicolo. Non sar\u00e0 ammessa alcuna auto n\u00e9 all&#8217;interno del campeggio n\u00e9 nel parcheggio davanti, nemmeno per scaricare.<br \/>\nLe <strong>aree di drenaggio<\/strong> sono disponibili nel campeggio per i campeggiatori (servizio gratuito con posizione).<br \/>\nLe piazzole con allaccio elettrico richiedono <strong>un adattatore CEE (spina blu). L\u2019opzione elettricit\u00e0 \u00e8 disponibile con un supplemento.<\/strong><\/p>\n<p>[\/vc_column_text][vc_empty_space][vc_column_text]<\/p>\n<p style=\"text-align: center;\"><i class=\"fa fa-wheelchair\"><\/i><em><span style=\"font-size: 10pt;\">Il campeggio \u00e8 accessibile alle persone con mobilit\u00e0 ridotta.<\/span><\/em><\/p>\n<p>[\/vc_column_text]<div class=\"text-center btnwrap\"><a class=\"btn btn-huttopia-cta\" href=\"http:\/\/checkout.citykamp.com\/site\/it\/890\" role=\"button\" target=\"\" onclick=\"dataLayer.push({'event':'clickCity', 'clickText':'PRENOTA IL TUO SOGGIORNO'})\">PRENOTA IL TUO SOGGIORNO<\/a><\/div>[vc_empty_space][vc_row_inner gap=&#8221;30&#8243; css=&#8221;.vc_custom_1695982830135{margin-left: -0.5px !important;background-color: rgba(232,78,27,0.2) !important;*background-color: rgb(232,78,27) !important;}&#8221;][vc_column_inner width=&#8221;1\/3&#8243;][vc_single_image image=&#8221;6133&#8243; img_size=&#8221;600*400&#8243; css=&#8221;.vc_custom_1666858428526{padding-top: 10px !important;padding-right: 10px !important;padding-bottom: 10px !important;padding-left: 10px !important;}&#8221;][\/vc_column_inner][vc_column_inner width=&#8221;2\/3&#8243;][vc_column_text css=&#8221;.vc_custom_1696259936313{padding-top: 10px !important;padding-right: 10px !important;padding-bottom: 10px !important;padding-left: 10px !important;}&#8221;]Hai in programma di percorrere la <strong>V\u00e9losc\u00e9nie<\/strong>, la famosa pista ciclabile che collega Parigi e il Mont Saint-Michel?<br \/>\nLe nostre piazzole, prive di elettricit\u00e0 e adatte anche per viaggiatori solitari, escursionisti o ciclisti di passaggio, sono perfette per una sosta rapida.<\/p>\n<p>Importante: I veicoli non sono ammessi su queste piazzole.<\/p>\n<p><em>Prenotazione esclusivamente per telefono.<\/em>[\/vc_column_text][\/vc_column_inner][\/vc_row_inner][vc_empty_space][vc_row_inner equal_height=&#8221;yes&#8221; gap=&#8221;30&#8243; css=&#8221;.vc_custom_1696238973412{margin-left: -0.5px !important;}&#8221;][vc_column_inner width=&#8221;1\/3&#8243;][vc_single_image image=&#8221;6513&#8243; img_size=&#8221;600*500&#8243; alignment=&#8221;center&#8221;][\/vc_column_inner][vc_column_inner width=&#8221;2\/3&#8243;][vc_column_text]<\/p>\n<h3><strong><span style=\"color: #e94e1b;\">CAMPING CARD<\/span><\/strong><\/h3>\n<p><span style=\"font-size: 12pt;\">Campeggia a partire da <span style=\"color: #e84e1b;\"><strong>15\u20ac<\/strong><\/span>* a notte con la <span style=\"color: #e94e1b;\"><a style=\"color: #e94e1b;\" href=\"https:\/\/www.citykamp.com\/it\/camping-card\/\"><span style=\"text-decoration: underline;\">Camping Card<\/span><\/a><\/span>\u00a0Huttopia.<\/span><br \/>\n<span style=\"font-size: 12pt;\">Beneficia di prezzi scontati e di notti gratuite nella bassa stagione in tutti i campings <span style=\"text-decoration: underline;\"><span style=\"color: #e94e1b; text-decoration: underline;\"><a style=\"color: #e94e1b; text-decoration: underline;\" href=\"https:\/\/www.citykamp.com\/it\/destinazioni\/\">Citykamp<\/a><\/span><\/span>, <span style=\"text-decoration: underline; color: #e94e1b;\"><a style=\"color: #e94e1b; text-decoration: underline;\" href=\"https:\/\/www.onlycamp.fr\/en\/\">Onlycamp<\/a><\/span> e in tutti i <span style=\"text-decoration: underline; color: #e94e1b;\"><a style=\"color: #e94e1b; text-decoration: underline;\" href=\"https:\/\/europe.huttopia.com\/it\/destinations\/campings\/\">campings Huttopia<\/a><\/span>.<\/span><\/p>\n<p><em><span style=\"font-size: 10pt;\">*Tariffa che include 1 piazzola per 2 persone con elettricit\u00e0 (+ possibilit\u00e0 di portare un animale da compagnia gratuitamente)<\/span><\/em>[\/vc_column_text]<div class=\" btnwrap\"><a class=\"btn btn-huttopia-cta\" href=\"https:\/\/www.citykamp.com\/it\/camping-card\/\" role=\"button\" target=\"true\" onclick=\"dataLayer.push({'event':'clickCity', 'clickText':'MAGGIORI INFORMAZIONI'})\">MAGGIORI INFORMAZIONI<\/a><\/div>[\/vc_column_inner][\/vc_row_inner]<\/div>[\/vc_column][\/vc_row][vc_row css=&#8221;.vc_custom_1695982890672{background-color: rgba(232,78,27,0.2) !important;*background-color: rgb(232,78,27) !important;}&#8221;][vc_column]<div class=\"wrappedcontent\">[vc_column_text]<\/p>\n<h3 style=\"text-align: center;\"><strong>I SANITAIRI<\/strong><\/h3>\n<p>[\/vc_column_text][vc_empty_space][vc_row_inner gap=&#8221;30&#8243;][vc_column_inner width=&#8221;1\/6&#8243;][\/vc_column_inner][vc_column_inner width=&#8221;2\/6&#8243;][vc_single_image image=&#8221;7111&#8243; img_size=&#8221;600*500&#8243; alignment=&#8221;center&#8221;][\/vc_column_inner][vc_column_inner width=&#8221;2\/6&#8243;][vc_single_image image=&#8221;7117&#8243; img_size=&#8221;600*500&#8243; alignment=&#8221;center&#8221;][\/vc_column_inner][vc_column_inner width=&#8221;1\/6&#8243;][\/vc_column_inner][\/vc_row_inner][vc_empty_space][vc_column_text]<\/p>\n<p style=\"text-align: center;\">Il Camping de Paris dispone di tre blocchi di servizi igienici interamente rinnovati per rendere il vostro soggiorno ancora pi\u00f9 piacevole in qualunque stagione. Beneficiate di servizi igienici dal design innovativo, arioso e luminoso. Per tutto l\u2019anno, approfitta del calore della stufa a legna e delle attrezzature pratiche!<\/p>\n<p style=\"text-align: center;\">I nuovi servizi igienici dispongono di spazio per neonati, bagni con doccia familiari, box doccia funzionali, toilette adatte ai bambini, asciugacapelli\u2026 Uno spazio \u00e8 riservato appositamente alle persone dalla mobilit\u00e0 ridotta.<\/p>\n<p>[\/vc_column_text]<\/div>[\/vc_column][\/vc_row][vc_row][vc_column]<div class=\"wrappedcontent\">[vc_column_text]<\/p>\n<h3 style=\"text-align: center;\"><strong>I SERVIZI DEDICATI AI CAMPEGGIATORI<\/strong><\/h3>\n<p>[\/vc_column_text][vc_empty_space][vc_column_text]Presso il Camping de Paris sono a tua disposizione dei <a href=\"https:\/\/www.campingparis.fr\/it\/activites-services\/\"><span style=\"text-decoration: underline;\">servizi<\/span><\/a>\u00a0dedicati ai campeggiatori, per un soggiorno pratico al 100%:<br \/>\n&#8211; Noleggio di barbecue (previa disponibilit\u00e0)<br \/>\n&#8211; Pane fresco e dolci tutte le mattine (su ordinazione)<br \/>\n&#8211; L\u2019angolo campeggiatore nel negozio di generi alimentari per le cose essenziali che hai dimenticato<br \/>\n&#8211; Area di servizio per i possessori di camper[\/vc_column_text][vc_empty_space height=&#8221;50px&#8221;][vc_row_inner equal_height=&#8221;yes&#8221; gap=&#8221;15&#8243; css=&#8221;.vc_custom_1526368213409{margin-left: -0.5px !important;}&#8221;][vc_column_inner width=&#8221;1\/3&#8243; css=&#8221;.vc_custom_1696235509584{background-color: rgba(232,78,27,0.2) !important;*background-color: rgb(232,78,27) !important;}&#8221;][vc_single_image image=&#8221;7131&#8243; img_size=&#8221;71*71&#8243; alignment=&#8221;center&#8221; onclick=&#8221;custom_link&#8221; link=&#8221;https:\/\/media.huttopia.com\/destinations\/paris\/plan-camping-citykamp-paris.pdf&#8221;][vc_column_text css=&#8221;.vc_custom_1696260111200{padding-top: 25px !important;padding-right: 15px !important;padding-bottom: 15px !important;padding-left: 15px !important;}&#8221;]<\/p>\n<p style=\"text-align: center;\"><a href=\"https:\/\/media.huttopia.com\/destinations\/paris\/plan-camping-citykamp-paris.pdf\" target=\"_blank\" rel=\"noopener noreferrer\"><strong>PIANTA DEL CAMPING<\/strong><\/a><\/p>\n<p>[\/vc_column_text][\/vc_column_inner][vc_column_inner width=&#8221;1\/3&#8243; css=&#8221;.vc_custom_1696235522593{background-color: rgba(232,78,27,0.2) !important;*background-color: rgb(232,78,27) !important;}&#8221;][vc_single_image image=&#8221;7137&#8243; img_size=&#8221;71*71&#8243; alignment=&#8221;center&#8221; onclick=&#8221;custom_link&#8221; link=&#8221;http:\/\/checkout.citykamp.com\/site\/it\/890&#8243;][vc_column_text css=&#8221;.vc_custom_1696260125348{padding-top: 25px !important;padding-right: 15px !important;padding-bottom: 15px !important;padding-left: 15px !important;}&#8221;]<\/p>\n<p style=\"text-align: center;\"><a href=\"http:\/\/checkout.citykamp.com\/site\/it\/890\" target=\"_blank\" rel=\"noopener noreferrer\"><strong>PRENOTA IL TUO SOGGIORNO<\/strong><\/a><\/p>\n<p>[\/vc_column_text][\/vc_column_inner][vc_column_inner width=&#8221;1\/3&#8243; css=&#8221;.vc_custom_1696235534120{background-color: rgba(232,78,27,0.2) !important;*background-color: rgb(232,78,27) !important;}&#8221;][vc_single_image image=&#8221;7143&#8243; img_size=&#8221;71*71&#8243; alignment=&#8221;center&#8221; onclick=&#8221;custom_link&#8221; link=&#8221;https:\/\/goo.gl\/maps\/p33hs3bWVkQ2&#8243;][vc_column_text css=&#8221;.vc_custom_1696260148477{padding-top: 25px !important;padding-right: 15px !important;padding-bottom: 15px !important;padding-left: 15px !important;}&#8221;]<\/p>\n<p style=\"text-align: center;\"><a href=\"https:\/\/goo.gl\/maps\/p33hs3bWVkQ2\" target=\"_blank\" rel=\"noopener noreferrer\"><strong>PERCORSO<\/strong><\/a><\/p>\n<p>[\/vc_column_text][\/vc_column_inner][\/vc_row_inner]<\/div>[\/vc_column][\/vc_row][vc_row css=&#8221;.vc_custom_1696238508441{background-color: rgba(232,78,27,0.2) !important;*background-color: rgb(232,78,27) !important;}&#8221;][vc_column]<div class=\"wrappedcontent\">[vc_column_text]<\/p>\n<h3 style=\"text-align: center;\"><strong>GALLERIA FOTO<\/strong><\/h3>\n<p>[\/vc_column_text][vc_empty_space height=&#8221;18px&#8221;][vc_masonry_media_grid style=&#8221;load-more&#8221; items_per_page=&#8221;4&#8243; element_width=&#8221;3&#8243; gap=&#8221;10&#8243; item=&#8221;1053&#8243; btn_title=&#8221;VEDERE DI PI\u00d9&#8221; btn_style=&#8221;custom&#8221; btn_custom_background=&#8221;#e84e1b&#8221; btn_custom_text=&#8221;#ffffff&#8221; btn_shape=&#8221;square&#8221; btn_i_icon_fontawesome=&#8221;fas fa-angle-down&#8221; btn_add_icon=&#8221;true&#8221; grid_id=&#8221;vc_gid:1776850032641-e14bdb40-5415-0&#8243; include=&#8221;7192,7186,7174,7150,2849,2879,2854,2869,2884,2874,2864,2859,4682,4688,4694,4700,7156,7162,7168,7180&#8243;]<\/div>[\/vc_column][\/vc_row][vc_row][vc_column]<div class=\"wrappedcontent\">[vc_row_inner css=&#8221;.vc_custom_1521459308342{margin-top: -30px !important;margin-bottom: -30px !important;}&#8221;][vc_column_inner width=&#8221;1\/6&#8243;][vc_single_image image=&#8221;7198&#8243; img_size=&#8221;71*71&#8243; alignment=&#8221;center&#8221;][vc_column_text]<\/p>\n<p style=\"text-align: center;\">Parcheggio gratuito<\/p>\n<p>[\/vc_column_text][\/vc_column_inner][vc_column_inner width=&#8221;1\/6&#8243;][vc_single_image image=&#8221;7204&#8243; img_size=&#8221;71*71&#8243; alignment=&#8221;center&#8221;][vc_column_text]<\/p>\n<p style=\"text-align: center;\">Wifi gratuito<\/p>\n<p>[\/vc_column_text][\/vc_column_inner][vc_column_inner width=&#8221;1\/6&#8243;][vc_single_image image=&#8221;6787&#8243; img_size=&#8221;71*71&#8243; alignment=&#8221;center&#8221;][vc_column_text]<\/p>\n<p style=\"text-align: center;\">Reception 7j\/7<\/p>\n<p>[\/vc_column_text][\/vc_column_inner][vc_column_inner width=&#8221;1\/6&#8243;][vc_single_image image=&#8221;6793&#8243; img_size=&#8221;71*71&#8243; alignment=&#8221;center&#8221;][vc_column_text]<\/p>\n<p style=\"text-align: center;\">Multilingue<\/p>\n<p>[\/vc_column_text][\/vc_column_inner][vc_column_inner width=&#8221;1\/6&#8243;][vc_single_image image=&#8221;6799&#8243; img_size=&#8221;71*71&#8243; alignment=&#8221;center&#8221;][vc_column_text]<\/p>\n<p style=\"text-align: center;\">Pacchetto hotel<\/p>\n<p>[\/vc_column_text][\/vc_column_inner][vc_column_inner width=&#8221;1\/6&#8243;][vc_single_image image=&#8221;6805&#8243; img_size=&#8221;71*71&#8243; alignment=&#8221;center&#8221;][vc_column_text]<\/p>\n<p style=\"text-align: center;\">Pagamento sicuro<\/p>\n<p>[\/vc_column_text][\/vc_column_inner][\/vc_row_inner]<\/div>[\/vc_column][\/vc_row]<\/p>\n<\/div>","protected":false},"excerpt":{"rendered":"<p>[vc_row][vc_column][vc_single_image image=&#8221;7348&#8243; img_size=&#8221;1900&#215;500&#8243; alignment=&#8221;center&#8221;][\/vc_column][\/vc_row][vc_row][vc_column][\/vc_column][\/vc_row][vc_row css=&#8221;.vc_custom_1695982890672{background-color: rgba(232,78,27,0.2) !important;*background-color: rgb(232,78,27) !important;}&#8221;][vc_column][\/vc_column][\/vc_row][vc_row][vc_column][\/vc_column][\/vc_row][vc_row css=&#8221;.vc_custom_1696238508441{background-color: rgba(232,78,27,0.2) !important;*background-color: rgb(232,78,27) !important;}&#8221;][vc_column][\/vc_column][\/vc_row][vc_row][vc_column][\/vc_column][\/vc_row]<\/p>\n","protected":false},"author":1,"featured_media":7186,"parent":0,"menu_order":0,"comment_status":"closed","ping_status":"closed","template":"","meta":{"footnotes":""},"class_list":["post-563","page","type-page","status-publish","has-post-thumbnail","hentry"],"yoast_head":"<!-- This site is optimized with the Yoast SEO plugin v25.6 - https:\/\/yoast.com\/wordpress\/plugins\/seo\/ -->\n<title>Piazzole di camping a Parigi \u2013 Camping de Paris<\/title>\n<meta name=\"description\" content=\"Sistemate la vostra tenda, roulotte o camper su piazzole ombreggiate nel cuore di Parigi. Raggiungete facilmente il centro citt\u00e0 dal campeggio e approfittate dei numerosi servizi disponibili per rendere il vostro soggiorno ancora pi\u00f9 semplice.\" \/>\n<meta name=\"robots\" content=\"index, follow, max-snippet:-1, max-image-preview:large, max-video-preview:-1\" \/>\n<link rel=\"canonical\" href=\"https:\/\/www.campingparis.fr\/it\/piazzole\/\" \/>\n<meta property=\"og:locale\" content=\"it_IT\" \/>\n<meta property=\"og:type\" content=\"article\" \/>\n<meta property=\"og:title\" content=\"Piazzole di camping a Parigi \u2013 Camping de Paris\" \/>\n<meta property=\"og:description\" content=\"Sistemate la vostra tenda, roulotte o camper su piazzole ombreggiate nel cuore di Parigi. Raggiungete facilmente il centro citt\u00e0 dal campeggio e approfittate dei numerosi servizi disponibili per rendere il vostro soggiorno ancora pi\u00f9 semplice.\" \/>\n<meta property=\"og:url\" content=\"https:\/\/www.campingparis.fr\/it\/piazzole\/\" \/>\n<meta property=\"og:site_name\" content=\"Camping de Paris\" \/>\n<meta property=\"article:modified_time\" content=\"2026-04-22T09:27:21+00:00\" \/>\n<meta property=\"og:image\" content=\"https:\/\/www.campingparis.fr\/uploads\/sites\/11\/2023\/10\/citykamp-paris-emplacements-galerie-7.jpeg\" \/>\n\t<meta property=\"og:image:width\" content=\"1000\" \/>\n\t<meta property=\"og:image:height\" content=\"667\" \/>\n\t<meta property=\"og:image:type\" content=\"image\/jpeg\" \/>\n<meta name=\"twitter:card\" content=\"summary_large_image\" \/>\n<meta name=\"twitter:label1\" content=\"Est. reading time\" \/>\n\t<meta name=\"twitter:data1\" content=\"4 minuti\" \/>\n<script type=\"application\/ld+json\" class=\"yoast-schema-graph\">{\"@context\":\"https:\/\/schema.org\",\"@graph\":[{\"@type\":\"WebPage\",\"@id\":\"https:\/\/www.campingparis.fr\/it\/piazzole\/\",\"url\":\"https:\/\/www.campingparis.fr\/it\/piazzole\/\",\"name\":\"Piazzole di camping a Parigi \u2013 Camping de Paris\",\"isPartOf\":{\"@id\":\"https:\/\/www.campingparis.fr\/it\/#website\"},\"primaryImageOfPage\":{\"@id\":\"https:\/\/www.campingparis.fr\/it\/piazzole\/#primaryimage\"},\"image\":{\"@id\":\"https:\/\/www.campingparis.fr\/it\/piazzole\/#primaryimage\"},\"thumbnailUrl\":\"https:\/\/www.campingparis.fr\/uploads\/sites\/11\/2023\/10\/citykamp-paris-emplacements-galerie-7.jpeg\",\"datePublished\":\"2018-02-26T14:02:29+00:00\",\"dateModified\":\"2026-04-22T09:27:21+00:00\",\"description\":\"Sistemate la vostra tenda, roulotte o camper su piazzole ombreggiate nel cuore di Parigi. Raggiungete facilmente il centro citt\u00e0 dal campeggio e approfittate dei numerosi servizi disponibili per rendere il vostro soggiorno ancora pi\u00f9 semplice.\",\"breadcrumb\":{\"@id\":\"https:\/\/www.campingparis.fr\/it\/piazzole\/#breadcrumb\"},\"inLanguage\":\"it-IT\",\"potentialAction\":[{\"@type\":\"ReadAction\",\"target\":[\"https:\/\/www.campingparis.fr\/it\/piazzole\/\"]}]},{\"@type\":\"ImageObject\",\"inLanguage\":\"it-IT\",\"@id\":\"https:\/\/www.campingparis.fr\/it\/piazzole\/#primaryimage\",\"url\":\"https:\/\/www.campingparis.fr\/uploads\/sites\/11\/2023\/10\/citykamp-paris-emplacements-galerie-7.jpeg\",\"contentUrl\":\"https:\/\/www.campingparis.fr\/uploads\/sites\/11\/2023\/10\/citykamp-paris-emplacements-galerie-7.jpeg\",\"width\":1000,\"height\":667},{\"@type\":\"BreadcrumbList\",\"@id\":\"https:\/\/www.campingparis.fr\/it\/piazzole\/#breadcrumb\",\"itemListElement\":[{\"@type\":\"ListItem\",\"position\":1,\"name\":\"Accueil\",\"item\":\"https:\/\/www.campingparis.fr\/it\/\"},{\"@type\":\"ListItem\",\"position\":2,\"name\":\"Piazzole\"}]},{\"@type\":\"WebSite\",\"@id\":\"https:\/\/www.campingparis.fr\/it\/#website\",\"url\":\"https:\/\/www.campingparis.fr\/it\/\",\"name\":\"Camping de Paris\",\"description\":\"Un site utilisant Citykamp\",\"potentialAction\":[{\"@type\":\"SearchAction\",\"target\":{\"@type\":\"EntryPoint\",\"urlTemplate\":\"https:\/\/www.campingparis.fr\/it\/?s={search_term_string}\"},\"query-input\":{\"@type\":\"PropertyValueSpecification\",\"valueRequired\":true,\"valueName\":\"search_term_string\"}}],\"inLanguage\":\"it-IT\"}]}<\/script>\n<!-- \/ Yoast SEO plugin. -->","yoast_head_json":{"title":"Piazzole di camping a Parigi \u2013 Camping de Paris","description":"Sistemate la vostra tenda, roulotte o camper su piazzole ombreggiate nel cuore di Parigi. Raggiungete facilmente il centro citt\u00e0 dal campeggio e approfittate dei numerosi servizi disponibili per rendere il vostro soggiorno ancora pi\u00f9 semplice.","robots":{"index":"index","follow":"follow","max-snippet":"max-snippet:-1","max-image-preview":"max-image-preview:large","max-video-preview":"max-video-preview:-1"},"canonical":"https:\/\/www.campingparis.fr\/it\/piazzole\/","og_locale":"it_IT","og_type":"article","og_title":"Piazzole di camping a Parigi \u2013 Camping de Paris","og_description":"Sistemate la vostra tenda, roulotte o camper su piazzole ombreggiate nel cuore di Parigi. Raggiungete facilmente il centro citt\u00e0 dal campeggio e approfittate dei numerosi servizi disponibili per rendere il vostro soggiorno ancora pi\u00f9 semplice.","og_url":"https:\/\/www.campingparis.fr\/it\/piazzole\/","og_site_name":"Camping de Paris","article_modified_time":"2026-04-22T09:27:21+00:00","og_image":[{"width":1000,"height":667,"url":"https:\/\/www.campingparis.fr\/uploads\/sites\/11\/2023\/10\/citykamp-paris-emplacements-galerie-7.jpeg","type":"image\/jpeg"}],"twitter_card":"summary_large_image","twitter_misc":{"Est. reading time":"4 minuti"},"schema":{"@context":"https:\/\/schema.org","@graph":[{"@type":"WebPage","@id":"https:\/\/www.campingparis.fr\/it\/piazzole\/","url":"https:\/\/www.campingparis.fr\/it\/piazzole\/","name":"Piazzole di camping a Parigi \u2013 Camping de Paris","isPartOf":{"@id":"https:\/\/www.campingparis.fr\/it\/#website"},"primaryImageOfPage":{"@id":"https:\/\/www.campingparis.fr\/it\/piazzole\/#primaryimage"},"image":{"@id":"https:\/\/www.campingparis.fr\/it\/piazzole\/#primaryimage"},"thumbnailUrl":"https:\/\/www.campingparis.fr\/uploads\/sites\/11\/2023\/10\/citykamp-paris-emplacements-galerie-7.jpeg","datePublished":"2018-02-26T14:02:29+00:00","dateModified":"2026-04-22T09:27:21+00:00","description":"Sistemate la vostra tenda, roulotte o camper su piazzole ombreggiate nel cuore di Parigi. Raggiungete facilmente il centro citt\u00e0 dal campeggio e approfittate dei numerosi servizi disponibili per rendere il vostro soggiorno ancora pi\u00f9 semplice.","breadcrumb":{"@id":"https:\/\/www.campingparis.fr\/it\/piazzole\/#breadcrumb"},"inLanguage":"it-IT","potentialAction":[{"@type":"ReadAction","target":["https:\/\/www.campingparis.fr\/it\/piazzole\/"]}]},{"@type":"ImageObject","inLanguage":"it-IT","@id":"https:\/\/www.campingparis.fr\/it\/piazzole\/#primaryimage","url":"https:\/\/www.campingparis.fr\/uploads\/sites\/11\/2023\/10\/citykamp-paris-emplacements-galerie-7.jpeg","contentUrl":"https:\/\/www.campingparis.fr\/uploads\/sites\/11\/2023\/10\/citykamp-paris-emplacements-galerie-7.jpeg","width":1000,"height":667},{"@type":"BreadcrumbList","@id":"https:\/\/www.campingparis.fr\/it\/piazzole\/#breadcrumb","itemListElement":[{"@type":"ListItem","position":1,"name":"Accueil","item":"https:\/\/www.campingparis.fr\/it\/"},{"@type":"ListItem","position":2,"name":"Piazzole"}]},{"@type":"WebSite","@id":"https:\/\/www.campingparis.fr\/it\/#website","url":"https:\/\/www.campingparis.fr\/it\/","name":"Camping de Paris","description":"Un site utilisant Citykamp","potentialAction":[{"@type":"SearchAction","target":{"@type":"EntryPoint","urlTemplate":"https:\/\/www.campingparis.fr\/it\/?s={search_term_string}"},"query-input":{"@type":"PropertyValueSpecification","valueRequired":true,"valueName":"search_term_string"}}],"inLanguage":"it-IT"}]}},"_links":{"self":[{"href":"https:\/\/www.campingparis.fr\/it\/wp-json\/wp\/v2\/pages\/563","targetHints":{"allow":["GET"]}}],"collection":[{"href":"https:\/\/www.campingparis.fr\/it\/wp-json\/wp\/v2\/pages"}],"about":[{"href":"https:\/\/www.campingparis.fr\/it\/wp-json\/wp\/v2\/types\/page"}],"author":[{"embeddable":true,"href":"https:\/\/www.campingparis.fr\/it\/wp-json\/wp\/v2\/users\/1"}],"replies":[{"embeddable":true,"href":"https:\/\/www.campingparis.fr\/it\/wp-json\/wp\/v2\/comments?post=563"}],"version-history":[{"count":5,"href":"https:\/\/www.campingparis.fr\/it\/wp-json\/wp\/v2\/pages\/563\/revisions"}],"predecessor-version":[{"id":8568,"href":"https:\/\/www.campingparis.fr\/it\/wp-json\/wp\/v2\/pages\/563\/revisions\/8568"}],"wp:featuredmedia":[{"embeddable":true,"href":"https:\/\/www.campingparis.fr\/it\/wp-json\/wp\/v2\/media\/7186"}],"wp:attachment":[{"href":"https:\/\/www.campingparis.fr\/it\/wp-json\/wp\/v2\/media?parent=563"}],"curies":[{"name":"wp","href":"https:\/\/api.w.org\/{rel}","templated":true}]}}