{"id":569,"date":"2018-02-28T09:50:12","date_gmt":"2018-02-28T08:50:12","guid":{"rendered":"https:\/\/citykamp.com\/campingparis\/it\/professionnels\/"},"modified":"2023-12-18T17:11:53","modified_gmt":"2023-12-18T16:11:53","slug":"affari","status":"publish","type":"page","link":"https:\/\/www.campingparis.fr\/it\/affari\/","title":{"rendered":"Affari"},"content":{"rendered":"<div class=\"wpb-content-wrapper\"><p>[vc_row][vc_column][vc_single_image image=&#8221;6413&#8243; img_size=&#8221;1900&#215;500&#8243;][\/vc_column][\/vc_row][vc_row][vc_column]<div class=\"wrappedcontent\">[vc_column_text]<\/p>\n<h3>Un angolo naturale alle porte di Parigi per i tuoi soggiorni professionali!<\/h3>\n<p>Ti stai spostando per motivi professionali, missioni temporanee, formazione, sei un espositore o un visitatore di una fiera&#8230; a Parigi?<\/p>\n<p>Soggiorna presso il Camping de Paris. Vicino a La D\u00e9fense, Porte Maillot e al raccordo (p\u00e9riph\u00e9rique), ti trovi in un punto ideale per poter andare facilmente nel centro di Parigi. Dal camping parte una navetta privata per raggiungere il centro della citt\u00e0.[\/vc_column_text]<\/div>[\/vc_column][\/vc_row][vc_row css=&#8221;.vc_custom_1519830353799{background-color: #e8e8e8 !important;}&#8221;][vc_column]<div class=\"wrappedcontent\">[vc_column_text]<b>La migliore alternativa all&#8217;albergo per il tuo soggiorno professionale a Parigi!<\/b><\/p>\n<p>Approfitta di <a href=\"https:\/\/campingparis.fr\/it\/alloggi\/\" target=\"_blank\" rel=\"noopener noreferrer\">alloggi<\/a> completamente arredati, con cucina attrezzata, bagno, TV e WiFi. Le lenzuola e gli asciugamani sono inclusi e al tuo arrivo troverai troverai i letti pronti! Puoi scegliere di restare da solo in un alloggio oppure di condividerlo (fino a 6 persone).<\/p>\n<p>Soggiorno di una notte o di pi\u00f9 settimane? Tutto \u00e8 possibile. Sei completamente autonomo e vivi con i tuoi ritmi.[\/vc_column_text][vc_empty_space][vc_row_inner gap=&#8221;35&#8243;][vc_column_inner width=&#8221;1\/4&#8243; css=&#8221;.vc_custom_1520001318975{background-color: #ffffff !important;}&#8221;][\/vc_column_inner][vc_column_inner width=&#8221;2\/4&#8243;][vc_text_separator title=&#8221;Noleggio di Roulotte&#8221; css=&#8221;.vc_custom_1521450853688{padding-top: 12px !important;padding-right: 12px !important;padding-bottom: 12px !important;padding-left: 12px !important;}&#8221;][vc_masonry_media_grid element_width=&#8221;12&#8243; gap=&#8221;20&#8243; item=&#8221;51&#8243; grid_id=&#8221;vc_gid:1678447993123-551f704e-372e-6&#8243; include=&#8221;1649,1654,1659&#8243; css=&#8221;.vc_custom_1520001289384{padding: 12px !important;}&#8221;][\/vc_column_inner][vc_column_inner width=&#8221;1\/4&#8243;][\/vc_column_inner][\/vc_row_inner]<div class=\"text-center btnwrap\"><a class=\"btn btn-huttopia-cta\" href=\"http:\/\/checkout.citykamp.com\/site\/it\/890\" role=\"button\" target=\"\" onclick=\"dataLayer.push({'event':'clickCity', 'clickText':'Prenota il tuo soggiorno'})\">Prenota il tuo soggiorno<\/a><\/div><\/div>[\/vc_column][\/vc_row][vc_row][vc_column]<div class=\"wrappedcontent\">[vc_column_text]<\/p>\n<h3>Un sito accogliente e servizi di qualit\u00e0. \u00c8 tutto previsto per rendere pi\u00f9 semplice i tuoi spostamenti!<\/h3>\n<p>Approfitta di un contesto naturale unico a Parigi. Dopo il tumulto della citt\u00e0, apprezzerai i numerosi <a href=\"https:\/\/campingparis.fr\/it\/attivita-servizi\/\" target=\"_blank\" rel=\"noopener noreferrer\">servizi<\/a> proposti.[\/vc_column_text][vc_empty_space][vc_row_inner gap=&#8221;35&#8243;][vc_column_inner width=&#8221;1\/3&#8243;][vc_masonry_media_grid element_width=&#8221;12&#8243; gap=&#8221;0&#8243; item=&#8221;53&#8243; grid_id=&#8221;vc_gid:1678447993127-4ba3d990-d227-9&#8243; include=&#8221;4245&#8243;][vc_empty_space height=&#8221;12px&#8221;][vc_column_text]Uno spazio comune caloroso con salone, sala giochi, biliardo, biblioteca per rilassarti.[\/vc_column_text][\/vc_column_inner][vc_column_inner width=&#8221;1\/3&#8243;][vc_masonry_media_grid element_width=&#8221;12&#8243; gap=&#8221;0&#8243; item=&#8221;53&#8243; grid_id=&#8221;vc_gid:1678447993128-828e2cf7-758a-7&#8243; include=&#8221;4246&#8243;][vc_empty_space height=&#8221;12px&#8221;][vc_column_text]Un bar e un ristorante per bere un bicchiere o degustare una pizza fatta in casa tra colleghi. <em>Aperto a seconda dei periodi<\/em>.[\/vc_column_text][\/vc_column_inner][vc_column_inner width=&#8221;1\/3&#8243;][vc_masonry_media_grid element_width=&#8221;12&#8243; gap=&#8221;0&#8243; item=&#8221;53&#8243; grid_id=&#8221;vc_gid:1678447993130-8b5f1ac6-8ac2-10&#8243; include=&#8221;4247&#8243;][vc_empty_space height=&#8221;12px&#8221;][vc_column_text]Per iniziare bene la giornata, tutte le mattine ti vengono proposte tre formule![\/vc_column_text][\/vc_column_inner][\/vc_row_inner][vc_empty_space][vc_row_inner gap=&#8221;35&#8243;][vc_column_inner width=&#8221;1\/3&#8243;][vc_masonry_media_grid element_width=&#8221;12&#8243; gap=&#8221;0&#8243; item=&#8221;53&#8243; grid_id=&#8221;vc_gid:1678447993132-43dc231c-24f9-10&#8243; include=&#8221;4248&#8243;][vc_empty_space height=&#8221;12px&#8221;][vc_column_text]Alla reception \u00e8 disponibile una postazione internet. In alcuni alloggi e in il caff\u00e8-ristorante \u00e8 disponibile anche il WiFi.[\/vc_column_text][\/vc_column_inner][vc_column_inner width=&#8221;1\/3&#8243;][vc_masonry_media_grid element_width=&#8221;12&#8243; gap=&#8221;0&#8243; item=&#8221;53&#8243; grid_id=&#8221;vc_gid:1678447993133-6d29d2e4-74bd-6&#8243; include=&#8221;4249&#8243;][vc_empty_space height=&#8221;12px&#8221;][vc_column_text]Raggiungi la stazione metro Porte Maillot in 10 minuti grazie alla nostra navetta elettrica. <em>Biglietti in vendita alla reception. <\/em>[\/vc_column_text][\/vc_column_inner][vc_column_inner width=&#8221;1\/3&#8243;][vc_masonry_media_grid element_width=&#8221;12&#8243; gap=&#8221;0&#8243; item=&#8221;53&#8243; grid_id=&#8221;vc_gid:1678447993134-07a3a06c-2f65-5&#8243; include=&#8221;2574&#8243;][vc_empty_space height=&#8221;12px&#8221;][vc_column_text]Lascia la tua automobile nel parcheggio del camping e prendi i mezzi pubblici. A te la libert\u00e0![\/vc_column_text][\/vc_column_inner][\/vc_row_inner]<\/div>[\/vc_column][\/vc_row][vc_row css=&#8221;.vc_custom_1519832214619{background-color: #e84e1b !important;}&#8221;][vc_column]<div class=\"wrappedcontent\">[vc_row_inner css=&#8221;.vc_custom_1519832208021{margin-top: -30px !important;margin-bottom: -30px !important;}&#8221;][vc_column_inner width=&#8221;1\/6&#8243;][vc_icon type=&#8221;material&#8221; icon_material=&#8221;vc-material vc-material-local_parking&#8221; color=&#8221;white&#8221; align=&#8221;center&#8221; css=&#8221;.vc_custom_1519830822908{margin-top: -10px !important;margin-bottom: -10px !important;}&#8221;][vc_column_text]<\/p>\n<p style=\"text-align: center;\"><span style=\"color: #ffffff;\"><strong>Parcheggio gratuito<\/strong><\/span><\/p>\n<p>[\/vc_column_text][\/vc_column_inner][vc_column_inner width=&#8221;1\/6&#8243;][vc_icon icon_fontawesome=&#8221;fa fa-globe&#8221; color=&#8221;white&#8221; align=&#8221;center&#8221; css=&#8221;.vc_custom_1520960610558{margin-top: -10px !important;margin-bottom: -10px !important;}&#8221;][vc_column_text]<\/p>\n<p style=\"text-align: center;\"><span style=\"color: #ffffff;\"><strong>Multilingue<\/strong><\/span><\/p>\n<p>[\/vc_column_text][\/vc_column_inner][vc_column_inner width=&#8221;1\/6&#8243;][vc_icon icon_fontawesome=&#8221;fa fa-bed&#8221; color=&#8221;white&#8221; align=&#8221;center&#8221; css=&#8221;.vc_custom_1519830901936{margin-top: -10px !important;margin-bottom: -10px !important;}&#8221;][vc_column_text]<\/p>\n<p style=\"text-align: center;\"><span style=\"color: #ffffff;\"><strong>Pacchetto hotel<\/strong><\/span><\/p>\n<p>[\/vc_column_text][\/vc_column_inner][vc_column_inner width=&#8221;1\/6&#8243;][vc_icon type=&#8221;material&#8221; icon_material=&#8221;vc-material vc-material-tv&#8221; color=&#8221;white&#8221; align=&#8221;center&#8221; css=&#8221;.vc_custom_1519830981087{margin-top: -10px !important;margin-bottom: -10px !important;}&#8221;][vc_column_text]<\/p>\n<p style=\"text-align: center;\"><span style=\"color: #ffffff;\"><strong>TV<\/strong><\/span><\/p>\n<p>[\/vc_column_text][\/vc_column_inner][vc_column_inner width=&#8221;1\/6&#8243;][vc_icon type=&#8221;material&#8221; icon_material=&#8221;vc-material vc-material-restaurant&#8221; color=&#8221;white&#8221; align=&#8221;center&#8221; css=&#8221;.vc_custom_1519831003141{margin-top: -10px !important;margin-bottom: -10px !important;}&#8221;][vc_column_text]<\/p>\n<p style=\"text-align: center;\"><span style=\"color: #ffffff;\"><strong>Ristorazione<\/strong><\/span><\/p>\n<p>[\/vc_column_text][\/vc_column_inner][vc_column_inner width=&#8221;1\/6&#8243;][vc_icon type=&#8221;entypo&#8221; icon_entypo=&#8221;entypo-icon entypo-icon-plus-circled&#8221; color=&#8221;white&#8221; align=&#8221;center&#8221; css=&#8221;.vc_custom_1521624436577{margin-top: -10px !important;margin-bottom: -10px !important;}&#8221; link=&#8221;url:https%3A%2F%2Fwww.campingparis.fr%2Fit%2Fattivita-servizi%2F||target:%20_blank|&#8221;][vc_column_text]<\/p>\n<p style=\"text-align: center;\"><span style=\"color: #ffffff;\"><strong>MAGGIORI INFORMAZIONI<\/strong><\/span><\/p>\n<p>[\/vc_column_text][\/vc_column_inner][\/vc_row_inner]<\/div>[\/vc_column][\/vc_row][vc_row css=&#8221;.vc_custom_1519832244736{background-color: #e8e8e8 !important;}&#8221;][vc_column]<div class=\"wrappedcontent\">[vc_column_text]<\/p>\n<h4>Una situazione ideale per soggiornare a Parigi<\/h4>\n<p>[\/vc_column_text][vc_empty_space][vc_row_inner gap=&#8221;35&#8243;][vc_column_inner width=&#8221;1\/2&#8243;][vc_gmaps link=&#8221;#E-8_JTNDaWZyYW1lJTIwc3JjJTNEJTIyaHR0cHMlM0ElMkYlMkZ3d3cuZ29vZ2xlLmNvbSUyRm1hcHMlMkZlbWJlZCUzRnBiJTNEJTIxMW0xOCUyMTFtMTIlMjExbTMlMjExZDI2MjQuNDQ3ODU5MTMwNjAzMyUyMTJkMi4yMzI3MDU0MTU2NzQ3NjIlMjEzZDQ4Ljg2ODczODI3OTI4ODQ1JTIxMm0zJTIxMWYwJTIxMmYwJTIxM2YwJTIxM20yJTIxMWkxMDI0JTIxMmk3NjglMjE0ZjEzLjElMjEzbTMlMjExbTIlMjExczB4NDdlNjdiMmVhYTkxOTVhOSUyNTNBMHhiMTEwMzBiOTY4NmEzYjkwJTIxMnMyJTJCQWxsJTI1QzMlMjVBOWUlMkJkdSUyQkJvcmQlMkJkZSUyQmwlMjYlMjMzOSUzQkVhdSUyNTJDJTJCNzUwMTYlMkJQYXJpcyUyMTVlMCUyMTNtMiUyMTFzZnIlMjEyc2ZyJTIxNHYxNTE5ODMxNDM0ODgzJTIyJTIwd2lkdGglM0QlMjI2MDAlMjIlMjBoZWlnaHQlM0QlMjI0NTAlMjIlMjBmcmFtZWJvcmRlciUzRCUyMjAlMjIlMjBzdHlsZSUzRCUyMmJvcmRlciUzQTAlMjIlMjBhbGxvd2Z1bGxzY3JlZW4lM0UlM0MlMkZpZnJhbWUlM0U=&#8221;][\/vc_column_inner][vc_column_inner width=&#8221;1\/2&#8243;][vc_column_text]<strong>Un accesso diretto ai grandi assi stradali:<\/strong><br \/>\n<i class=\"fa fa-circle\" style=\"font-size: 8px; color: #e84e1b;\"><\/i>\u00a0\u00a0\u00a0Meno di 20 minuti da Porte de Versailles<br \/>\n<i class=\"fa fa-circle\" style=\"font-size: 8px; color: #e84e1b;\"><\/i>\u00a0\u00a0\u00a0Meno di 10 minuti da La D\u00e9fense<br \/>\n<i class=\"fa fa-circle\" style=\"font-size: 8px; color: #e84e1b;\"><\/i>\u00a0\u00a0\u00a0A 5 minuti dall\u2019A13 e dal raccordo (p\u00e9riph\u00e9rique)<\/p>\n<p><strong>Un sito servito dai mezzi pubblici:<\/strong><br \/>\n<i class=\"fa fa-circle\" style=\"font-size: 8px; color: #e84e1b;\"><\/i>\u00a0\u00a0Accesso diretto a Porte de Versailles con il Tram T2 (fermata &#8220;Suresnes &#8211; Longchamp&#8221;)<br \/>\n<i class=\"fa fa-circle\" style=\"font-size: 8px; color: #e84e1b;\"><\/i>\u00a0\u00a0\u00a0Per andare a Suresnes: 5 minuti a piedi<br \/>\n<i class=\"fa fa-circle\" style=\"font-size: 8px; color: #e84e1b;\"><\/i>\u00a0\u00a0\u00a0Per andare a Porte d\u2019Auteuil: Bus 241<br \/>\n<i class=\"fa fa-circle\" style=\"font-size: 8px; color: #e84e1b;\"><\/i>\u00a0\u00a0Navetta elettrica con partenza dal sito per raggiungere Porte Maillot in 10 minuti.[\/vc_column_text][\/vc_column_inner][\/vc_row_inner]<\/div>[\/vc_column][\/vc_row][vc_row css=&#8221;.vc_custom_1526375437664{margin-left: -0.5px !important;}&#8221;][vc_column]<div class=\"wrappedcontent\">[vc_row_inner equal_height=&#8221;yes&#8221; gap=&#8221;15&#8243; css=&#8221;.vc_custom_1526375455827{margin-left: -0.5px !important;}&#8221;][vc_column_inner width=&#8221;1\/3&#8243; css=&#8221;.vc_custom_1526303150323{background-color: #e8e8e8 !important;}&#8221;][vc_icon icon_fontawesome=&#8221;far fa-map&#8221; color=&#8221;custom&#8221; size=&#8221;lg&#8221; align=&#8221;center&#8221; custom_color=&#8221;#e84e1b&#8221; link=&#8221;url:https%3A%2F%2Fmedia.huttopia.com%2Fdestinations%2Fparis%2Fplan-camping-citykamp-paris.pdf|target:_blank&#8221; css=&#8221;.vc_custom_1676277626210{margin-bottom: -10px !important;padding-top: 15px !important;}&#8221;][vc_column_text css=&#8221;.vc_custom_1676277631647{padding-top: 25px !important;padding-right: 15px !important;padding-bottom: 15px !important;padding-left: 15px !important;}&#8221;]<\/p>\n<p style=\"text-align: center;\"><a href=\"https:\/\/media.huttopia.com\/destinations\/paris\/plan-camping-citykamp-paris.pdf\" target=\"_blank\" rel=\"noopener noreferrer\"><strong>Pianta del camping<\/strong><\/a><\/p>\n<p>[\/vc_column_text][\/vc_column_inner][vc_column_inner width=&#8221;1\/3&#8243; css=&#8221;.vc_custom_1526303156886{background-color: #e8e8e8 !important;}&#8221;][vc_icon icon_fontawesome=&#8221;fa fa-calendar-check-o&#8221; color=&#8221;custom&#8221; size=&#8221;lg&#8221; align=&#8221;center&#8221; custom_color=&#8221;#e84e1b&#8221; link=&#8221;url:http%3A%2F%2Fcheckout.citykamp.com%2Fsite%2Fit%2F890||target:%20_blank|&#8221; css=&#8221;.vc_custom_1526313333817{margin-bottom: -10px !important;padding-top: 15px !important;}&#8221;][vc_column_text css=&#8221;.vc_custom_1526313322118{padding-top: 25px !important;padding-right: 15px !important;padding-bottom: 15px !important;padding-left: 15px !important;}&#8221;]<\/p>\n<p style=\"text-align: center;\"><a href=\"http:\/\/checkout.citykamp.com\/site\/it\/890\" target=\"_blank\" rel=\"noopener noreferrer\"><strong>Prenota il tuo soggiorno<\/strong><\/a><\/p>\n<p>[\/vc_column_text][\/vc_column_inner][vc_column_inner width=&#8221;1\/3&#8243; css=&#8221;.vc_custom_1526303163974{background-color: #e8e8e8 !important;}&#8221;][vc_icon icon_fontawesome=&#8221;fa fa-map-marker&#8221; color=&#8221;custom&#8221; size=&#8221;lg&#8221; align=&#8221;center&#8221; custom_color=&#8221;#e84e1b&#8221; link=&#8221;url:https%3A%2F%2Fgoo.gl%2Fmaps%2Fp33hs3bWVkQ2||target:%20_blank|&#8221; css=&#8221;.vc_custom_1526311281393{margin-bottom: -10px !important;padding-top: 15px !important;}&#8221;][vc_column_text css=&#8221;.vc_custom_1526313346378{padding-top: 25px !important;padding-right: 15px !important;padding-bottom: 15px !important;padding-left: 15px !important;}&#8221;]<\/p>\n<p style=\"text-align: center;\"><a href=\"https:\/\/goo.gl\/maps\/p33hs3bWVkQ2\" target=\"_blank\" rel=\"noopener noreferrer\"><strong>Percorso<\/strong><\/a><\/p>\n<p>[\/vc_column_text][\/vc_column_inner][\/vc_row_inner]<\/div>[\/vc_column][\/vc_row][vc_row css=&#8221;.vc_custom_1519835235360{background-color: #b5b5b5 !important;}&#8221;][vc_column]<div class=\"wrappedcontent\">[vc_row_inner css=&#8221;.vc_custom_1521459191261{margin-top: -30px !important;margin-bottom: -30px !important;}&#8221;][vc_column_inner width=&#8221;1\/6&#8243;][vc_icon type=&#8221;material&#8221; icon_material=&#8221;vc-material vc-material-local_parking&#8221; color=&#8221;white&#8221; align=&#8221;center&#8221; css=&#8221;.vc_custom_1519835290994{margin-top: -10px !important;margin-bottom: -10px !important;}&#8221;][vc_column_text]<\/p>\n<p style=\"text-align: center;\"><span style=\"color: #ffffff;\">Parking gratuito<\/span><\/p>\n<p>[\/vc_column_text][\/vc_column_inner][vc_column_inner width=&#8221;1\/6&#8243;][vc_icon type=&#8221;typicons&#8221; icon_typicons=&#8221;typcn typcn-wi-fi&#8221; color=&#8221;white&#8221; align=&#8221;center&#8221; css=&#8221;.vc_custom_1519835370234{margin-top: -10px !important;margin-bottom: -10px !important;}&#8221;][vc_column_text]<\/p>\n<p style=\"text-align: center;\"><span style=\"color: #ffffff;\">Wifi gratuito<\/span><\/p>\n<p>[\/vc_column_text][\/vc_column_inner][vc_column_inner width=&#8221;1\/6&#8243;][vc_icon type=&#8221;entypo&#8221; icon_entypo=&#8221;entypo-icon entypo-icon-back-in-time&#8221; color=&#8221;white&#8221; align=&#8221;center&#8221; css=&#8221;.vc_custom_1519835405469{margin-top: -10px !important;margin-bottom: -10px !important;}&#8221;][vc_column_text]<\/p>\n<p style=\"text-align: center;\"><span style=\"color: #ffffff;\">Reception 7j\/7<\/span><\/p>\n<p>[\/vc_column_text][\/vc_column_inner][vc_column_inner width=&#8221;1\/6&#8243;][vc_icon icon_fontawesome=&#8221;fa fa-globe&#8221; color=&#8221;white&#8221; align=&#8221;center&#8221; css=&#8221;.vc_custom_1519835419315{margin-top: -10px !important;margin-bottom: -10px !important;}&#8221;][vc_column_text]<\/p>\n<p style=\"text-align: center;\"><span style=\"color: #ffffff;\">Multilingue<\/span><\/p>\n<p>[\/vc_column_text][\/vc_column_inner][vc_column_inner width=&#8221;1\/6&#8243;][vc_icon icon_fontawesome=&#8221;fa fa-bed&#8221; color=&#8221;white&#8221; align=&#8221;center&#8221; css=&#8221;.vc_custom_1519835444297{margin-top: -10px !important;margin-bottom: -10px !important;}&#8221;][vc_column_text]<\/p>\n<p style=\"text-align: center;\"><span style=\"color: #ffffff;\">Pacchetto hotel<\/span><\/p>\n<p>[\/vc_column_text][\/vc_column_inner][vc_column_inner width=&#8221;1\/6&#8243;][vc_icon icon_fontawesome=&#8221;fa fa-lock&#8221; color=&#8221;white&#8221; align=&#8221;center&#8221; css=&#8221;.vc_custom_1519835472963{margin-top: -10px !important;margin-bottom: -10px !important;}&#8221;][vc_column_text]<\/p>\n<p style=\"text-align: center;\"><span style=\"color: #ffffff;\">Pagamento sicuro<\/span><\/p>\n<p>[\/vc_column_text][\/vc_column_inner][\/vc_row_inner]<\/div>[\/vc_column][\/vc_row]<\/p>\n<\/div>","protected":false},"excerpt":{"rendered":"<p>[vc_row][vc_column][vc_single_image image=&#8221;6413&#8243; img_size=&#8221;1900&#215;500&#8243;][\/vc_column][\/vc_row][vc_row][vc_column][\/vc_column][\/vc_row][vc_row css=&#8221;.vc_custom_1519830353799{background-color: #e8e8e8 !important;}&#8221;][vc_column][\/vc_column][\/vc_row][vc_row][vc_column][\/vc_column][\/vc_row][vc_row css=&#8221;.vc_custom_1519832214619{background-color: #e84e1b !important;}&#8221;][vc_column][\/vc_column][\/vc_row][vc_row css=&#8221;.vc_custom_1519832244736{background-color: #e8e8e8 !important;}&#8221;][vc_column][\/vc_column][\/vc_row][vc_row css=&#8221;.vc_custom_1526375437664{margin-left: -0.5px !important;}&#8221;][vc_column][\/vc_column][\/vc_row][vc_row css=&#8221;.vc_custom_1519835235360{background-color: #b5b5b5 !important;}&#8221;][vc_column][\/vc_column][\/vc_row]<\/p>\n","protected":false},"author":1,"featured_media":0,"parent":0,"menu_order":0,"comment_status":"closed","ping_status":"closed","template":"","meta":{"footnotes":""},"class_list":["post-569","page","type-page","status-publish","hentry"],"yoast_head":"<!-- This site is optimized with the Yoast SEO plugin v25.6 - https:\/\/yoast.com\/wordpress\/plugins\/seo\/ -->\n<title>Lavora, rimani, scollegati - Camping de Parigi<\/title>\n<meta name=\"description\" content=\"L&#039;alternativa naturale al business alberghiero per i tuoi viaggi di lavoro. Alloggio confortevole vicino a tutti i servizi e al centro di Parigi, servizi pratici per facilitare il tuo soggiorno ...\" \/>\n<meta name=\"robots\" content=\"index, follow, max-snippet:-1, max-image-preview:large, max-video-preview:-1\" \/>\n<link rel=\"canonical\" href=\"https:\/\/www.campingparis.fr\/it\/affari\/\" \/>\n<meta property=\"og:locale\" content=\"it_IT\" \/>\n<meta property=\"og:type\" content=\"article\" \/>\n<meta property=\"og:title\" content=\"Lavora, rimani, scollegati - Camping de Parigi\" \/>\n<meta property=\"og:description\" content=\"L&#039;alternativa naturale al business alberghiero per i tuoi viaggi di lavoro. Alloggio confortevole vicino a tutti i servizi e al centro di Parigi, servizi pratici per facilitare il tuo soggiorno ...\" \/>\n<meta property=\"og:url\" content=\"https:\/\/www.campingparis.fr\/it\/affari\/\" \/>\n<meta property=\"og:site_name\" content=\"Camping de Paris\" \/>\n<meta property=\"article:modified_time\" content=\"2023-12-18T16:11:53+00:00\" \/>\n<meta name=\"twitter:card\" content=\"summary_large_image\" \/>\n<meta name=\"twitter:label1\" content=\"Est. reading time\" \/>\n\t<meta name=\"twitter:data1\" content=\"4 minuti\" \/>\n<script type=\"application\/ld+json\" class=\"yoast-schema-graph\">{\"@context\":\"https:\/\/schema.org\",\"@graph\":[{\"@type\":\"WebPage\",\"@id\":\"https:\/\/www.campingparis.fr\/it\/affari\/\",\"url\":\"https:\/\/www.campingparis.fr\/it\/affari\/\",\"name\":\"Lavora, rimani, scollegati - Camping de Parigi\",\"isPartOf\":{\"@id\":\"https:\/\/www.campingparis.fr\/it\/#website\"},\"datePublished\":\"2018-02-28T08:50:12+00:00\",\"dateModified\":\"2023-12-18T16:11:53+00:00\",\"description\":\"L'alternativa naturale al business alberghiero per i tuoi viaggi di lavoro. Alloggio confortevole vicino a tutti i servizi e al centro di Parigi, servizi pratici per facilitare il tuo soggiorno ...\",\"breadcrumb\":{\"@id\":\"https:\/\/www.campingparis.fr\/it\/affari\/#breadcrumb\"},\"inLanguage\":\"it-IT\",\"potentialAction\":[{\"@type\":\"ReadAction\",\"target\":[\"https:\/\/www.campingparis.fr\/it\/affari\/\"]}]},{\"@type\":\"BreadcrumbList\",\"@id\":\"https:\/\/www.campingparis.fr\/it\/affari\/#breadcrumb\",\"itemListElement\":[{\"@type\":\"ListItem\",\"position\":1,\"name\":\"Accueil\",\"item\":\"https:\/\/www.campingparis.fr\/it\/\"},{\"@type\":\"ListItem\",\"position\":2,\"name\":\"Affari\"}]},{\"@type\":\"WebSite\",\"@id\":\"https:\/\/www.campingparis.fr\/it\/#website\",\"url\":\"https:\/\/www.campingparis.fr\/it\/\",\"name\":\"Camping de Paris\",\"description\":\"Un site utilisant Citykamp\",\"potentialAction\":[{\"@type\":\"SearchAction\",\"target\":{\"@type\":\"EntryPoint\",\"urlTemplate\":\"https:\/\/www.campingparis.fr\/it\/?s={search_term_string}\"},\"query-input\":{\"@type\":\"PropertyValueSpecification\",\"valueRequired\":true,\"valueName\":\"search_term_string\"}}],\"inLanguage\":\"it-IT\"}]}<\/script>\n<!-- \/ Yoast SEO plugin. -->","yoast_head_json":{"title":"Lavora, rimani, scollegati - Camping de Parigi","description":"L'alternativa naturale al business alberghiero per i tuoi viaggi di lavoro. Alloggio confortevole vicino a tutti i servizi e al centro di Parigi, servizi pratici per facilitare il tuo soggiorno ...","robots":{"index":"index","follow":"follow","max-snippet":"max-snippet:-1","max-image-preview":"max-image-preview:large","max-video-preview":"max-video-preview:-1"},"canonical":"https:\/\/www.campingparis.fr\/it\/affari\/","og_locale":"it_IT","og_type":"article","og_title":"Lavora, rimani, scollegati - Camping de Parigi","og_description":"L'alternativa naturale al business alberghiero per i tuoi viaggi di lavoro. Alloggio confortevole vicino a tutti i servizi e al centro di Parigi, servizi pratici per facilitare il tuo soggiorno ...","og_url":"https:\/\/www.campingparis.fr\/it\/affari\/","og_site_name":"Camping de Paris","article_modified_time":"2023-12-18T16:11:53+00:00","twitter_card":"summary_large_image","twitter_misc":{"Est. reading time":"4 minuti"},"schema":{"@context":"https:\/\/schema.org","@graph":[{"@type":"WebPage","@id":"https:\/\/www.campingparis.fr\/it\/affari\/","url":"https:\/\/www.campingparis.fr\/it\/affari\/","name":"Lavora, rimani, scollegati - Camping de Parigi","isPartOf":{"@id":"https:\/\/www.campingparis.fr\/it\/#website"},"datePublished":"2018-02-28T08:50:12+00:00","dateModified":"2023-12-18T16:11:53+00:00","description":"L'alternativa naturale al business alberghiero per i tuoi viaggi di lavoro. Alloggio confortevole vicino a tutti i servizi e al centro di Parigi, servizi pratici per facilitare il tuo soggiorno ...","breadcrumb":{"@id":"https:\/\/www.campingparis.fr\/it\/affari\/#breadcrumb"},"inLanguage":"it-IT","potentialAction":[{"@type":"ReadAction","target":["https:\/\/www.campingparis.fr\/it\/affari\/"]}]},{"@type":"BreadcrumbList","@id":"https:\/\/www.campingparis.fr\/it\/affari\/#breadcrumb","itemListElement":[{"@type":"ListItem","position":1,"name":"Accueil","item":"https:\/\/www.campingparis.fr\/it\/"},{"@type":"ListItem","position":2,"name":"Affari"}]},{"@type":"WebSite","@id":"https:\/\/www.campingparis.fr\/it\/#website","url":"https:\/\/www.campingparis.fr\/it\/","name":"Camping de Paris","description":"Un site utilisant Citykamp","potentialAction":[{"@type":"SearchAction","target":{"@type":"EntryPoint","urlTemplate":"https:\/\/www.campingparis.fr\/it\/?s={search_term_string}"},"query-input":{"@type":"PropertyValueSpecification","valueRequired":true,"valueName":"search_term_string"}}],"inLanguage":"it-IT"}]}},"_links":{"self":[{"href":"https:\/\/www.campingparis.fr\/it\/wp-json\/wp\/v2\/pages\/569","targetHints":{"allow":["GET"]}}],"collection":[{"href":"https:\/\/www.campingparis.fr\/it\/wp-json\/wp\/v2\/pages"}],"about":[{"href":"https:\/\/www.campingparis.fr\/it\/wp-json\/wp\/v2\/types\/page"}],"author":[{"embeddable":true,"href":"https:\/\/www.campingparis.fr\/it\/wp-json\/wp\/v2\/users\/1"}],"replies":[{"embeddable":true,"href":"https:\/\/www.campingparis.fr\/it\/wp-json\/wp\/v2\/comments?post=569"}],"version-history":[{"count":3,"href":"https:\/\/www.campingparis.fr\/it\/wp-json\/wp\/v2\/pages\/569\/revisions"}],"predecessor-version":[{"id":6473,"href":"https:\/\/www.campingparis.fr\/it\/wp-json\/wp\/v2\/pages\/569\/revisions\/6473"}],"wp:attachment":[{"href":"https:\/\/www.campingparis.fr\/it\/wp-json\/wp\/v2\/media?parent=569"}],"curies":[{"name":"wp","href":"https:\/\/api.w.org\/{rel}","templated":true}]}}