{"id":7989,"date":"2024-10-25T09:58:44","date_gmt":"2024-10-25T07:58:44","guid":{"rendered":"https:\/\/www.campingparis.fr\/marches-noel-paris\/"},"modified":"2025-10-21T10:55:27","modified_gmt":"2025-10-21T08:55:27","slug":"mercatini-natale-parigi","status":"publish","type":"page","link":"https:\/\/www.campingparis.fr\/it\/mercatini-natale-parigi\/","title":{"rendered":"mercatini di Natale Parigi"},"content":{"rendered":"<div class=\"wpb-content-wrapper\"><p>[vc_row][vc_column]<div class=\"wrappedcontent\">[vc_column_text css=&#8221;&#8221;]<\/p>\n<h1 style=\"text-align: center;\"><strong><span style=\"color: #e94e1b;\"><span style=\"font-size: 24pt;\">I 5 MERCATINI DI NATALE PI\u00d9 BELLI DI PARIGI PER UN WEEKEND MAGICO IN CAMPEGGIO<\/span><\/span><\/strong><\/h1>\n<p>&nbsp;<\/p>\n<p style=\"text-align: center;\"><span style=\"font-size: 14pt;\">Con le feste di fine anno alle porte, Parigi si trasforma in una citt\u00e0 incantata. Scopri i mercatini di Natale pi\u00f9 belli di Parigi! Immergiti in un\u2019atmosfera vivace e autentica, ideale per preparare le feste di fine anno in famiglia beneficiando di <a href=\"https:\/\/www.campingparis.fr\/it\/alloggi\/\">un alloggio alle porte di Parigi.<\/a><br \/>\n<\/span><\/p>\n<p style=\"text-align: center;\">Dal 13 novembre al 28 dicembre 2025<\/p>\n<p>[\/vc_column_text]<\/div>[\/vc_column][\/vc_row][vc_row][vc_column][vc_empty_space height=&#8221;15px&#8221;][\/vc_column][\/vc_row][vc_row css=&#8221;.vc_custom_1729842141710{background-color: #E94E1B33 !important;}&#8221;][vc_column]<div class=\"wrappedcontent\">[vc_row_inner gap=&#8221;35&#8243;][vc_column_inner width=&#8221;1\/3&#8243;][vc_masonry_media_grid element_width=&#8221;12&#8243; gap=&#8221;0&#8243; css=&#8221;&#8221; grid_id=&#8221;vc_gid:1760954665657-a26ecf96-7a91-6&#8243; include=&#8221;7956&#8243;][vc_empty_space height=&#8221;15px&#8221;][vc_column_text css=&#8221;&#8221;]<\/p>\n<h2 style=\"text-align: center;\"><strong><span style=\"font-size: 14pt;\">Mercatini di Natale delle Tuileries<\/span><\/strong><\/h2>\n<p style=\"text-align: center;\"><span style=\"font-size: 14pt;\">Nel cuore di Parigi, questi imperdibili mercatini propongono le tradizionali casette in legno con tante ghiottonerie, idee regalo e una pista di pattinaggio sul ghiaccio a due passi dal Louvre!<br \/>\n<strong><span style=\"font-size: 12pt;\">Luogo: Jardin des Tuileries, 1er arrondissement.<\/span><\/strong><\/span><\/p>\n<p>[\/vc_column_text][\/vc_column_inner][vc_column_inner width=&#8221;1\/3&#8243;][vc_masonry_media_grid element_width=&#8221;12&#8243; gap=&#8221;0&#8243; css=&#8221;&#8221; grid_id=&#8221;vc_gid:1760954665659-8c20829e-b624-8&#8243; include=&#8221;7968&#8243;][vc_empty_space height=&#8221;15px&#8221;][vc_column_text css=&#8221;&#8221;]<\/p>\n<h2 style=\"text-align: center;\"><span style=\"font-size: 14pt;\"><strong>Mercatini di Natale de La D\u00e9fense<\/strong><\/span><\/h2>\n<p style=\"text-align: center;\"><span style=\"font-size: 14pt;\">Con 350 stand, questi mercatini sono i pi\u00f9 grandi di tutta la regione parigina. Si trovano ai piedi del Grande Arche e offrono una vista mozzafiato.<br \/>\n<strong><span style=\"font-size: 12pt;\">Luogo: Parvis de La D\u00e9fense.<\/span><\/strong><\/span><\/p>\n<p>[\/vc_column_text][\/vc_column_inner][vc_column_inner width=&#8221;1\/3&#8243;][vc_masonry_media_grid element_width=&#8221;12&#8243; gap=&#8221;0&#8243; css=&#8221;&#8221; grid_id=&#8221;vc_gid:1760954665660-26198e95-9587-9&#8243; include=&#8221;7962&#8243;][vc_empty_space height=&#8221;15px&#8221;][vc_column_text css=&#8221;&#8221;]<\/p>\n<h2 style=\"text-align: center;\"><strong><span style=\"font-size: 14pt;\">Villaggio di Natale di Saint-Germain-des-Pr\u00e9s<\/span><\/strong><\/h2>\n<p style=\"text-align: center;\"><span style=\"font-size: 14pt;\">Un incantevole mercatino dedicato all\u2019artigianato locale e alle specialit\u00e0 gastronomiche.<br \/>\n<span style=\"font-size: 12pt;\"><strong>Luogo: Boulevard Saint-Germain, 6e arrondissement.<\/strong><\/span><\/span><\/p>\n<p>[\/vc_column_text][\/vc_column_inner][\/vc_row_inner]<\/div>[\/vc_column][\/vc_row][vc_row][vc_column]<div class=\"wrappedcontent\">[vc_row_inner gap=&#8221;35&#8243;][vc_column_inner width=&#8221;1\/2&#8243;][vc_masonry_media_grid element_width=&#8221;12&#8243; gap=&#8221;0&#8243; css=&#8221;&#8221; grid_id=&#8221;vc_gid:1760954665661-2d0c0888-0fa8-1&#8243; include=&#8221;7944&#8243;][vc_empty_space height=&#8221;15px&#8221;][vc_column_text css=&#8221;&#8221;]<\/p>\n<h2 style=\"margin: 0in; font-size: 11pt; text-align: center;\"><strong><span style=\"font-size: 14pt;\">Mercatini di Natale di Montmartre<\/span><\/strong><\/h2>\n<p style=\"margin: 0in; font-size: 11pt; text-align: center;\"><span style=\"font-size: 14pt;\"><br \/>\nUn vero e proprio villaggio alpino ai piedi della Basilica del Sacro Cuore, con prodotti artigianali in una cornice pittoresca.<br \/>\n<span style=\"font-size: 12pt;\"><strong>Luogo: Place des Abbesses, 18e arrondissement.<\/strong><\/span><\/span><\/p>\n<p>[\/vc_column_text][\/vc_column_inner][vc_column_inner width=&#8221;1\/2&#8243;][vc_masonry_media_grid element_width=&#8221;12&#8243; gap=&#8221;0&#8243; css=&#8221;&#8221; grid_id=&#8221;vc_gid:1760954665663-ef85583c-3a7d-10&#8243; include=&#8221;7950&#8243;][vc_empty_space height=&#8221;15px&#8221;][vc_column_text css=&#8221;&#8221;]<\/p>\n<h2 style=\"margin: 0in; font-size: 11pt; text-align: center;\"><span style=\"font-size: 14pt;\"><strong>Mercatini di Natale dell\u2019H\u00f4tel de Ville<\/strong><\/span><\/h2>\n<p style=\"margin: 0in; font-size: 11pt; text-align: center;\"><span style=\"font-size: 14pt;\"><br \/>\nUn mercatino per le famiglie, con una pista di pattinaggio sul ghiaccio e numerose attivit\u00e0 per bambini.<strong><br \/>\n<span style=\"font-size: 12pt;\">Luogo: Parvis de l\u2019H\u00f4tel de Ville, 4e arrondissement.<\/span><\/strong><\/span><\/p>\n<p>[\/vc_column_text][\/vc_column_inner][\/vc_row_inner][vc_empty_space height=&#8221;25px&#8221;][vc_column_text css=&#8221;&#8221;]<\/p>\n<p style=\"text-align: center;\"><span style=\"font-size: 14pt;\">Vieni a vivere la magia del Natale nel nostro campeggio e regalati una vacanza rigenerante nei nostri alloggi dotati di ogni comfort!<\/span><\/p>\n<p>[\/vc_column_text]<div class=\"text-center btnwrap\"><a class=\"btn btn-huttopia-cta\" href=\"https:\/\/checkout.citykamp.com\/890\/it\/\" role=\"button\" target=\"\" onclick=\"dataLayer.push({'event':'clickCity', 'clickText':'Prenota il tuo soggiorno!'})\">Prenota il tuo soggiorno!<\/a><\/div><\/div>[\/vc_column][\/vc_row]<\/p>\n<\/div>","protected":false},"excerpt":{"rendered":"<p>[vc_row][vc_column][\/vc_column][\/vc_row][vc_row][vc_column][vc_empty_space height=&#8221;15px&#8221;][\/vc_column][\/vc_row][vc_row css=&#8221;.vc_custom_1729842141710{background-color: #E94E1B33 !important;}&#8221;][vc_column][\/vc_column][\/vc_row][vc_row][vc_column][\/vc_column][\/vc_row]<\/p>\n","protected":false},"author":48,"featured_media":7944,"parent":0,"menu_order":0,"comment_status":"closed","ping_status":"closed","template":"","meta":{"footnotes":""},"class_list":["post-7989","page","type-page","status-publish","has-post-thumbnail","hentry"],"yoast_head":"<!-- This site is optimized with the Yoast SEO plugin v25.6 - https:\/\/yoast.com\/wordpress\/plugins\/seo\/ -->\n<title>La top 5 dei pi\u00f9 bei mercatini di Natale di Parigi<\/title>\n<meta name=\"description\" content=\"Scoprite i pi\u00f9 bei mercatini di Natale di Parigi. Immergetevi in un&#039;atmosfera festosa e autentica, ideale per prepararsi alle festivit\u00e0 con la famiglia, godendo di un alloggio alle porte di Parigi.\" \/>\n<meta name=\"robots\" content=\"index, follow, max-snippet:-1, max-image-preview:large, max-video-preview:-1\" \/>\n<link rel=\"canonical\" href=\"https:\/\/www.campingparis.fr\/it\/mercatini-natale-parigi\/\" \/>\n<meta property=\"og:locale\" content=\"it_IT\" \/>\n<meta property=\"og:type\" content=\"article\" \/>\n<meta property=\"og:title\" content=\"La top 5 dei pi\u00f9 bei mercatini di Natale di Parigi\" \/>\n<meta property=\"og:description\" content=\"Scoprite i pi\u00f9 bei mercatini di Natale di Parigi. Immergetevi in un&#039;atmosfera festosa e autentica, ideale per prepararsi alle festivit\u00e0 con la famiglia, godendo di un alloggio alle porte di Parigi.\" \/>\n<meta property=\"og:url\" content=\"https:\/\/www.campingparis.fr\/it\/mercatini-natale-parigi\/\" \/>\n<meta property=\"og:site_name\" content=\"Camping de Paris\" \/>\n<meta property=\"article:modified_time\" content=\"2025-10-21T08:55:27+00:00\" \/>\n<meta property=\"og:image\" content=\"https:\/\/www.campingparis.fr\/uploads\/sites\/11\/2024\/10\/marche-de-noel-nuit-paris.jpeg\" \/>\n\t<meta property=\"og:image:width\" content=\"600\" \/>\n\t<meta property=\"og:image:height\" content=\"500\" \/>\n\t<meta property=\"og:image:type\" content=\"image\/jpeg\" \/>\n<meta name=\"twitter:card\" content=\"summary_large_image\" \/>\n<meta name=\"twitter:label1\" content=\"Est. reading time\" \/>\n\t<meta name=\"twitter:data1\" content=\"3 minuti\" \/>\n<script type=\"application\/ld+json\" class=\"yoast-schema-graph\">{\"@context\":\"https:\/\/schema.org\",\"@graph\":[{\"@type\":\"WebPage\",\"@id\":\"https:\/\/www.campingparis.fr\/it\/mercatini-natale-parigi\/\",\"url\":\"https:\/\/www.campingparis.fr\/it\/mercatini-natale-parigi\/\",\"name\":\"La top 5 dei pi\u00f9 bei mercatini di Natale di Parigi\",\"isPartOf\":{\"@id\":\"https:\/\/www.campingparis.fr\/it\/#website\"},\"primaryImageOfPage\":{\"@id\":\"https:\/\/www.campingparis.fr\/it\/mercatini-natale-parigi\/#primaryimage\"},\"image\":{\"@id\":\"https:\/\/www.campingparis.fr\/it\/mercatini-natale-parigi\/#primaryimage\"},\"thumbnailUrl\":\"https:\/\/www.campingparis.fr\/uploads\/sites\/11\/2024\/10\/marche-de-noel-nuit-paris.jpeg\",\"datePublished\":\"2024-10-25T07:58:44+00:00\",\"dateModified\":\"2025-10-21T08:55:27+00:00\",\"description\":\"Scoprite i pi\u00f9 bei mercatini di Natale di Parigi. Immergetevi in un'atmosfera festosa e autentica, ideale per prepararsi alle festivit\u00e0 con la famiglia, godendo di un alloggio alle porte di Parigi.\",\"breadcrumb\":{\"@id\":\"https:\/\/www.campingparis.fr\/it\/mercatini-natale-parigi\/#breadcrumb\"},\"inLanguage\":\"it-IT\",\"potentialAction\":[{\"@type\":\"ReadAction\",\"target\":[\"https:\/\/www.campingparis.fr\/it\/mercatini-natale-parigi\/\"]}]},{\"@type\":\"ImageObject\",\"inLanguage\":\"it-IT\",\"@id\":\"https:\/\/www.campingparis.fr\/it\/mercatini-natale-parigi\/#primaryimage\",\"url\":\"https:\/\/www.campingparis.fr\/uploads\/sites\/11\/2024\/10\/marche-de-noel-nuit-paris.jpeg\",\"contentUrl\":\"https:\/\/www.campingparis.fr\/uploads\/sites\/11\/2024\/10\/marche-de-noel-nuit-paris.jpeg\",\"width\":600,\"height\":500,\"caption\":\"March\u00e9 de No\u00ebl nocturne.\"},{\"@type\":\"BreadcrumbList\",\"@id\":\"https:\/\/www.campingparis.fr\/it\/mercatini-natale-parigi\/#breadcrumb\",\"itemListElement\":[{\"@type\":\"ListItem\",\"position\":1,\"name\":\"Accueil\",\"item\":\"https:\/\/www.campingparis.fr\/it\/\"},{\"@type\":\"ListItem\",\"position\":2,\"name\":\"mercatini di Natale Parigi\"}]},{\"@type\":\"WebSite\",\"@id\":\"https:\/\/www.campingparis.fr\/it\/#website\",\"url\":\"https:\/\/www.campingparis.fr\/it\/\",\"name\":\"Camping de Paris\",\"description\":\"Un site utilisant Citykamp\",\"potentialAction\":[{\"@type\":\"SearchAction\",\"target\":{\"@type\":\"EntryPoint\",\"urlTemplate\":\"https:\/\/www.campingparis.fr\/it\/?s={search_term_string}\"},\"query-input\":{\"@type\":\"PropertyValueSpecification\",\"valueRequired\":true,\"valueName\":\"search_term_string\"}}],\"inLanguage\":\"it-IT\"}]}<\/script>\n<!-- \/ Yoast SEO plugin. -->","yoast_head_json":{"title":"La top 5 dei pi\u00f9 bei mercatini di Natale di Parigi","description":"Scoprite i pi\u00f9 bei mercatini di Natale di Parigi. Immergetevi in un'atmosfera festosa e autentica, ideale per prepararsi alle festivit\u00e0 con la famiglia, godendo di un alloggio alle porte di Parigi.","robots":{"index":"index","follow":"follow","max-snippet":"max-snippet:-1","max-image-preview":"max-image-preview:large","max-video-preview":"max-video-preview:-1"},"canonical":"https:\/\/www.campingparis.fr\/it\/mercatini-natale-parigi\/","og_locale":"it_IT","og_type":"article","og_title":"La top 5 dei pi\u00f9 bei mercatini di Natale di Parigi","og_description":"Scoprite i pi\u00f9 bei mercatini di Natale di Parigi. Immergetevi in un'atmosfera festosa e autentica, ideale per prepararsi alle festivit\u00e0 con la famiglia, godendo di un alloggio alle porte di Parigi.","og_url":"https:\/\/www.campingparis.fr\/it\/mercatini-natale-parigi\/","og_site_name":"Camping de Paris","article_modified_time":"2025-10-21T08:55:27+00:00","og_image":[{"width":600,"height":500,"url":"https:\/\/www.campingparis.fr\/uploads\/sites\/11\/2024\/10\/marche-de-noel-nuit-paris.jpeg","type":"image\/jpeg"}],"twitter_card":"summary_large_image","twitter_misc":{"Est. reading time":"3 minuti"},"schema":{"@context":"https:\/\/schema.org","@graph":[{"@type":"WebPage","@id":"https:\/\/www.campingparis.fr\/it\/mercatini-natale-parigi\/","url":"https:\/\/www.campingparis.fr\/it\/mercatini-natale-parigi\/","name":"La top 5 dei pi\u00f9 bei mercatini di Natale di Parigi","isPartOf":{"@id":"https:\/\/www.campingparis.fr\/it\/#website"},"primaryImageOfPage":{"@id":"https:\/\/www.campingparis.fr\/it\/mercatini-natale-parigi\/#primaryimage"},"image":{"@id":"https:\/\/www.campingparis.fr\/it\/mercatini-natale-parigi\/#primaryimage"},"thumbnailUrl":"https:\/\/www.campingparis.fr\/uploads\/sites\/11\/2024\/10\/marche-de-noel-nuit-paris.jpeg","datePublished":"2024-10-25T07:58:44+00:00","dateModified":"2025-10-21T08:55:27+00:00","description":"Scoprite i pi\u00f9 bei mercatini di Natale di Parigi. Immergetevi in un'atmosfera festosa e autentica, ideale per prepararsi alle festivit\u00e0 con la famiglia, godendo di un alloggio alle porte di Parigi.","breadcrumb":{"@id":"https:\/\/www.campingparis.fr\/it\/mercatini-natale-parigi\/#breadcrumb"},"inLanguage":"it-IT","potentialAction":[{"@type":"ReadAction","target":["https:\/\/www.campingparis.fr\/it\/mercatini-natale-parigi\/"]}]},{"@type":"ImageObject","inLanguage":"it-IT","@id":"https:\/\/www.campingparis.fr\/it\/mercatini-natale-parigi\/#primaryimage","url":"https:\/\/www.campingparis.fr\/uploads\/sites\/11\/2024\/10\/marche-de-noel-nuit-paris.jpeg","contentUrl":"https:\/\/www.campingparis.fr\/uploads\/sites\/11\/2024\/10\/marche-de-noel-nuit-paris.jpeg","width":600,"height":500,"caption":"March\u00e9 de No\u00ebl nocturne."},{"@type":"BreadcrumbList","@id":"https:\/\/www.campingparis.fr\/it\/mercatini-natale-parigi\/#breadcrumb","itemListElement":[{"@type":"ListItem","position":1,"name":"Accueil","item":"https:\/\/www.campingparis.fr\/it\/"},{"@type":"ListItem","position":2,"name":"mercatini di Natale Parigi"}]},{"@type":"WebSite","@id":"https:\/\/www.campingparis.fr\/it\/#website","url":"https:\/\/www.campingparis.fr\/it\/","name":"Camping de Paris","description":"Un site utilisant Citykamp","potentialAction":[{"@type":"SearchAction","target":{"@type":"EntryPoint","urlTemplate":"https:\/\/www.campingparis.fr\/it\/?s={search_term_string}"},"query-input":{"@type":"PropertyValueSpecification","valueRequired":true,"valueName":"search_term_string"}}],"inLanguage":"it-IT"}]}},"_links":{"self":[{"href":"https:\/\/www.campingparis.fr\/it\/wp-json\/wp\/v2\/pages\/7989","targetHints":{"allow":["GET"]}}],"collection":[{"href":"https:\/\/www.campingparis.fr\/it\/wp-json\/wp\/v2\/pages"}],"about":[{"href":"https:\/\/www.campingparis.fr\/it\/wp-json\/wp\/v2\/types\/page"}],"author":[{"embeddable":true,"href":"https:\/\/www.campingparis.fr\/it\/wp-json\/wp\/v2\/users\/48"}],"replies":[{"embeddable":true,"href":"https:\/\/www.campingparis.fr\/it\/wp-json\/wp\/v2\/comments?post=7989"}],"version-history":[{"count":4,"href":"https:\/\/www.campingparis.fr\/it\/wp-json\/wp\/v2\/pages\/7989\/revisions"}],"predecessor-version":[{"id":8415,"href":"https:\/\/www.campingparis.fr\/it\/wp-json\/wp\/v2\/pages\/7989\/revisions\/8415"}],"wp:featuredmedia":[{"embeddable":true,"href":"https:\/\/www.campingparis.fr\/it\/wp-json\/wp\/v2\/media\/7944"}],"wp:attachment":[{"href":"https:\/\/www.campingparis.fr\/it\/wp-json\/wp\/v2\/media?parent=7989"}],"curies":[{"name":"wp","href":"https:\/\/api.w.org\/{rel}","templated":true}]}}